{"id":9195,"date":"2025-01-07T15:20:01","date_gmt":"2025-01-07T15:20:01","guid":{"rendered":"https:\/\/purama.lt\/produktas\/sulforaboost-sulforafano-gliukozinolatas-donotage\/"},"modified":"2026-04-14T14:38:34","modified_gmt":"2026-04-14T12:38:34","slug":"donotage-sulforaboost-kapsulas","status":"publish","type":"product","link":"https:\/\/purama.lt\/lv\/produktas\/sulforaboost-sulforafano-gliukozinolatas-donotage\/","title":{"rendered":"DoNotAge SulforaBoost kapsulas"},"content":{"rendered":"<h3 class=\"wp-block-heading\">Sulforaf\u0101ns ir \u0137\u012bmisks savienojums, kas atrodams krustzie\u017eu d\u0101rze\u0146os, piem\u0113ram, broko\u013cos, ziedk\u0101postos un k\u0101postos. Tas ir paz\u012bstams ar sav\u0101m sp\u0113c\u012bgaj\u0101m antioksidantu un pretiekaisuma \u012bpa\u0161\u012bb\u0101m.\n\nSulforaf\u0101ns ir aktu\u0101ls vair\u0101ku iemeslu d\u0113\u013c:\n\n*   **Vesel\u012bbas ieguvumi:** P\u0113t\u012bjumi liecina, ka sulforaf\u0101ns var pal\u012bdz\u0113t aizsarg\u0101t pret hronisk\u0101m slim\u012bb\u0101m, tostarp pret noteiktiem v\u0113\u017ea veidiem, sirds slim\u012bb\u0101m un neirodegenerat\u012bv\u0101m slim\u012bb\u0101m. Tas darbojas, veicinot organisma detoksik\u0101cijas enz\u012bmus un samazinot iekaisumu.\n*   **Pretv\u0113\u017ea \u012bpa\u0161\u012bbas:** Sulforaf\u0101ns ir \u012bpa\u0161i pla\u0161i p\u0113t\u012bts t\u0101 potenci\u0101l\u0101s pretv\u0113\u017ea \u012bpa\u0161\u012bbas d\u0113\u013c. Tas var pal\u012bdz\u0113t pal\u0113nin\u0101t vai aptur\u0113t v\u0113\u017ea \u0161\u016bnu aug\u0161anu, izrais\u012bt v\u0113\u017ea \u0161\u016bnu apoptozi (programm\u0113tu \u0161\u016bnu n\u0101vi) un pat kav\u0113t v\u0113\u017ea inv\u0101ziju un metast\u0101zi.\n*   **Antioksidantu darb\u012bba:** K\u0101 sp\u0113c\u012bgs antioksidants, sulforaf\u0101ns pal\u012bdz neitraliz\u0113t kait\u012bgos br\u012bvos radik\u0101\u013cus organism\u0101, kas var saboj\u0101t \u0161\u016bnas un veicin\u0101t noveco\u0161anos un slim\u012bbas.\n*   **Smadze\u0146u vesel\u012bba:** Ir ar\u012b pier\u0101d\u012bts, ka sulforaf\u0101ns uzlabo smadze\u0146u vesel\u012bbu. Tas var pal\u012bdz\u0113t aizsarg\u0101t pret neirolo\u0123iskiem trauc\u0113jumiem un uzlabot kognit\u012bv\u0101s funkcijas.\n*   **Di\u0113tiskais avots:** T\u0101 k\u0101 tas ir dabiski sastopams p\u0101rtik\u0101, sulforaf\u0101na pat\u0113ri\u0146\u0161 ir vienk\u0101r\u0161s veids, k\u0101 uzlabot savu uzturu un g\u016bt labumu no t\u0101 vesel\u012bbas ieguvumiem, vienk\u0101r\u0161i iek\u013caujot vair\u0101k krustzie\u017eu d\u0101rze\u0146u sav\u0101 \u0113dienkart\u0113.\n\nT\u0101p\u0113c sulforaf\u0101ns ir aktu\u0101ls ne tikai k\u0101 potenci\u0101ls l\u012bdzeklis slim\u012bbu profilaks\u0113 un \u0101rst\u0113\u0161an\u0101, bet ar\u012b k\u0101 svar\u012bgs uzturvielu komponents, kas veicina visp\u0101r\u0113jo vesel\u012bbu un labsaj\u016btu.<\/h3>\n\n\n\n<p><strong>Sulforaf\u0101ns<\/strong> \u2013 tas ir dabisks savienojums, kas atrodams krustzie\u017eu dzimtas d\u0101rze\u0146os, \u012bpa\u0161i <strong>brokoli ir broko\u013cu d\u0113st\u012b.<\/strong>. Zin\u0101tniskaj\u0101 literat\u016br\u0101 sulforaf\u0101ns visbie\u017e\u0101k tiek apspriests t\u0101 aktiviz\u0113\u0161anas sp\u0113ju d\u0113\u013c <strong>Nrf2 ce\u013c\u0161<\/strong> \u2013 viena no galvenaj\u0101m organisma iek\u0161\u0113j\u0101s aizsardz\u012bbas sist\u0113m\u0101m, kas atbild par antioksidantu un detoksik\u0101cijas enz\u012bmu ra\u017eo\u0161anu.<\/p>\n\n\n\n<p>Probl\u0113ma ir t\u0101, ka, lai ieg\u016btu sulforaf\u0101nu no p\u0101rtikas, ik dienas vajadz\u0113tu ap\u0113st lielu daudzumu broko\u013cu d\u012bgstus. <strong>DoNotAge SulforaBoost<\/strong> atrisina \u0161i\u0105 problem\u0105: <strong>1 kapsula nodro\u0161ina 200 mg s\u016blforaf\u0101na glikozinol\u0101ta<\/strong>, kas atitinka ma\u017edaug 8 puodelius \u0161vie\u017ei\u0173 brokoliu daigu.<\/p>\n\n\n\n<h3 class=\"wp-block-heading\">SulforaBoost \u2013 ekskluz\u012bva DoNotAge sast\u0101vda\u013ca<\/h3>\n\n\n\n<p><strong>SulforaBoost\u00ae<\/strong> ir patent\u0113ta DoNotAge formula, ko neatrad\u012bsiet citu ra\u017eot\u0101ju produkcij\u0101. Sast\u0101vda\u013cu izmanto zin\u0101tnieki, kas p\u0113ta \u0161\u016bnu aizsardz\u012bbu un organisma detoksik\u0101cijas procesus.<\/p>\n\n\n\n<h3 class=\"wp-block-heading\">SulforaBoost ir piem\u0113rots cilv\u0113kiem, kuri v\u0113las palielin\u0101t broko\u013cu sulforaf\u0101na daudzumu sav\u0101 uztur\u0101. Tas var b\u016bt \u012bpa\u0161i noder\u012bgs:\n\n*   **Vesel\u012bbas uzlabo\u0161anai:** Sulforaf\u0101nam piem\u012bt sp\u0113c\u012bgas antioksidantu un pretiekaisuma \u012bpa\u0161\u012bbas, kas var pal\u012bdz\u0113t aizsarg\u0101t \u0161\u016bnas no boj\u0101jumiem, atbalst\u012bt detoksik\u0101cijas procesus organism\u0101 un stiprin\u0101t im\u016bnsist\u0113mu.\n*   **Lai veicin\u0101tu organisma detoksik\u0101cijas sp\u0113jas:** Sulforaf\u0101ns pal\u012bdz aktiviz\u0113t detoksik\u0101cijas enz\u012bmus akn\u0101s, kas pal\u012bdz organismam atbr\u012bvoties no kait\u012bg\u0101m viel\u0101m.\n*   **K\u0101 papildin\u0101jums vesel\u012bgam uzturam:** Cilv\u0113kiem, kuri nevar vai nev\u0113las \u0113st pietiekami daudz broko\u013cu vai citu krustzie\u017eu d\u0101rze\u0146u, SulforaBoost var b\u016bt \u0113rts veids, k\u0101 sa\u0146emt \u0161o v\u0113rt\u012bgo savienojumu.\n*   **Cilv\u0113kiem, kuri mekl\u0113 dabiskus veidus, k\u0101 atbalst\u012bt savu vesel\u012bbu:** Sulforaf\u0101ns ir dabisks savienojums, kas ieg\u016bts no broko\u013cu s\u0113klu ekstrakta.\n\nIr svar\u012bgi atcer\u0113ties, ka uztura bag\u0101tin\u0101t\u0101ji nav paredz\u0113ti slim\u012bbu diagnostik\u0101, \u0101rst\u0113\u0161an\u0101 vai profilaks\u0113. Ja jums ir k\u0101das vesel\u012bbas probl\u0113mas vai J\u016bs lietojat medikamentus, pirms SulforaBoost lieto\u0161anas konsult\u0113jieties ar savu \u0101rstu vai farmaceitu.<\/h3>\n\n\n\n<p>Szerof\u0101ns bie\u017ei tiek izv\u0113l\u0113ts k\u0101 da\u013ca no ilgm\u016b\u017e\u012bbas protokola \u2013 l\u012bdz\u0101s t\u0101diem papildin\u0101jumiem k\u0101 <a href=\"https:\/\/purama.lt\/lv\/products\/donotage-pure-nmn-nmn-kapsulas\/\">DoNotAge NMN<\/a>, <a href=\"https:\/\/purama.lt\/lv\/products\/donotage-pure-resveratrol-kapsulas\/\">DoNotAge Resveratrol<\/a> un <a href=\"https:\/\/purama.lt\/lv\/products\/donotage-pure-quercetin-kapsulas\/\">DoNotAge Kvercet\u012bns<\/a>. \u0160o savienojumu kombin\u0101cija ietver vair\u0101kus at\u0161\u0137ir\u012bgus \u0161\u016bnu aizsardz\u012bbas ce\u013cus.<\/p>\n\n\n\n<h3 class=\"wp-block-heading\">Pat\u0113ri\u0146\u0161<\/h3>\n\n\n\n<p>Ieteicamais lietojums <strong>1-2 kapsulas dien\u0101<\/strong> ar uzturu. R\u012bkojieties saska\u0146\u0101 ar nor\u0101d\u012bjumiem uz iepakojuma. Uzglab\u0101t v\u0113s\u0101, saus\u0101 viet\u0101, prom no tie\u0161iem saules stariem.<\/p>\n\n\n\n<h3 class=\"wp-block-heading\">Sast\u0101vda\u013cas<\/h3>\n\n\n\n<p>SulforaBoost\u00ae (sulforaf\u0101na glikozinol\u0101ts no brokolis) \u2013 200 mg kapsul\u0101. Veg\u0101niska kapsula (celuloze). Bez \u0122MO, bez m\u0101ksl\u012bg\u0101m piedev\u0101m, bez kr\u0101sviel\u0101m.<\/p>\n\n\n\n<h3 class=\"wp-block-heading\">Kvalit\u0101tes apliecin\u0101juma dokumenti (COA)<\/h3>\n\n\n\n<p><strong>Kvalit\u0101tes dokument\u0101cija (COA):<\/strong> COA apstiprina akt\u012bvo vielu daudzumu un galvenos kvalit\u0101tes r\u0101d\u012bt\u0101jus.<\/p>\n\n\n\n<p><strong>P\u0101rtikas apstr\u0101des sertifik\u0101ts:<\/strong> 69MTSPA-667<\/p>\n\n\n\n<h3 class=\"wp-block-heading\">Vair\u0101k DoNotAge produktu<\/h3>\n\n\n\n<p>Skat\u012bt pilnu <a href=\"https:\/\/purama.lt\/lv\/produktu-etiketes\/donotage\/\">DoNotAge kl\u0101sts Purama<\/a> \u2013 no NAD+ prekursoriem un senol\u012btiem l\u012bdz miega un ener\u0123ijas l\u012bme\u0146a uzlabo\u0161anas formul\u0101m. Visi produkti tiek uzglab\u0101ti Lietuv\u0101, pieg\u0101de 1\u20132 darbdienu laik\u0101.<\/p>","protected":false},"excerpt":{"rendered":"<p><strong>DoNotAge SulforaBoost<\/strong> \u2013 ekskluz\u012bva DoNotAge sast\u0101vda\u013ca, kuru neatrad\u012bsi citur. <strong>200 mg s\u016blforaf\u0101na glikozinol\u0101ta<\/strong> kapsul\u0101, kas ieg\u016bta no broko\u013cu d\u012bgstiem. 1 kapsula ir l\u012bdzv\u0113rt\u012bga aptuveni 8 tas\u012bt\u0113m broko\u013cu d\u012bgstiem. Veg\u0101nisks, bez piedev\u0101m, ar COA dokument\u0101ciju. Pieg\u0101de Latvij\u0101 1\u20132 darba dienu laik\u0101.<\/p>\n<p><strong>K\u0101p\u0113c izv\u0113l\u0113ties<\/strong><br \/><strong>\u2714\ufe0f<\/strong> 200 mg siberin\u0101 glikozinol\u0101tu kapsul\u0101<br \/><strong>\u2714\ufe0f<\/strong> ekskluz\u012bva DoNotAge sast\u0101vda\u013ca<br \/><strong>\u2714\ufe0f<\/strong> 1 kapsula \u2248 8 tas\u012btes broko\u013cu d\u012bgstus<br \/><strong>\u2714\ufe0f<\/strong> veganu, GMP un ISO 9001 standarts<\/p>","protected":false},"featured_media":9199,"comment_status":"open","ping_status":"closed","template":"","meta":{"_acf_changed":false},"product_brand":[242],"product_cat":[122,57,251,123],"product_tag":[],"class_list":{"0":"post-9195","1":"product","2":"type-product","3":"status-publish","4":"has-post-thumbnail","6":"product_brand-donotage","7":"product_cat-lasteliu-jaunystei","8":"product_cat-akcijos","9":"product_cat-antioksidantai","10":"product_cat-papildai-ilgaamziskumui","12":"first","13":"instock","14":"sale","15":"shipping-taxable","16":"purchasable","17":"product-type-simple"},"acf":[],"tiered_pricing_type":"fixed","tiered_pricing_fixed_rules":[],"tiered_pricing_product_settings":{"layout":"default","base_unit_name":{"singular":null,"plural":null},"default_variation":null},"tiered_pricing_minimum_quantity":null,"tiered_pricing_roles_data":[],"tiered_pricing_percentage_rules":[],"_links":{"self":[{"href":"https:\/\/purama.lt\/lv\/wp-json\/wp\/v2\/product\/9195","targetHints":{"allow":["GET"]}}],"collection":[{"href":"https:\/\/purama.lt\/lv\/wp-json\/wp\/v2\/product"}],"about":[{"href":"https:\/\/purama.lt\/lv\/wp-json\/wp\/v2\/types\/product"}],"replies":[{"embeddable":true,"href":"https:\/\/purama.lt\/lv\/wp-json\/wp\/v2\/comments?post=9195"}],"wp:featuredmedia":[{"embeddable":true,"href":"https:\/\/purama.lt\/lv\/wp-json\/wp\/v2\/media\/9199"}],"wp:attachment":[{"href":"https:\/\/purama.lt\/lv\/wp-json\/wp\/v2\/media?parent=9195"}],"wp:term":[{"taxonomy":"product_brand","embeddable":true,"href":"https:\/\/purama.lt\/lv\/wp-json\/wp\/v2\/product_brand?post=9195"},{"taxonomy":"product_cat","embeddable":true,"href":"https:\/\/purama.lt\/lv\/wp-json\/wp\/v2\/product_cat?post=9195"},{"taxonomy":"product_tag","embeddable":true,"href":"https:\/\/purama.lt\/lv\/wp-json\/wp\/v2\/product_tag?post=9195"}],"curies":[{"name":"wp","href":"https:\/\/api.w.org\/{rel}","templated":true}]}}