{"id":9194,"date":"2025-01-07T15:20:00","date_gmt":"2025-01-07T15:20:00","guid":{"rendered":"https:\/\/purama.lt\/produktas\/hidrolizuoto-kolageno-peptidai-donotage\/"},"modified":"2026-04-25T16:05:24","modified_gmt":"2026-04-25T14:05:24","slug":"donotage-hydrolysed-collagen-peptides-pulveris","status":"publish","type":"product","link":"https:\/\/purama.lt\/lv\/produktas\/hidrolizuoto-kolageno-peptidai-donotage\/","title":{"rendered":"DoNotAge Hidroliz\u0113ts kolag\u0113na pept\u012bdu pulveris"},"content":{"rendered":"<h3 class=\"wp-block-heading\">Kolag\u0113na pept\u012bdi ir kolag\u0113na sadal\u012b\u0161an\u0101s produkti, kas veidojas, kad kolag\u0113na molekulas tiek sadal\u012btas maz\u0101kos fragmentos, ko sauc par pept\u012bdiem. \u0160ie pept\u012bdi ir viegl\u0101k sagremojami un absorb\u0113jami organism\u0101, sal\u012bdzin\u0101jum\u0101 ar pilna izm\u0113ra kolag\u0113na molekul\u0101m.\n\nKolag\u0113ns ir galvenais struktur\u0101lais prote\u012bns organism\u0101, kas veido apm\u0113ram 30% no visiem organisma prote\u012bniem. Tas ir atrodams kaulos, musku\u013cos, \u0101d\u0101, c\u012bpsl\u0101s, sait\u0113s un citos saistaudos. Kolag\u0113ns nodro\u0161ina audu iztur\u012bbu, elast\u012bbu un strukt\u016bru.\n\nKolag\u0113na pept\u012bdi ir aktu\u0101li vair\u0101ku iemeslu d\u0113\u013c:\n\n*   **\u0100das vesel\u012bba:** Ar vecumu kolag\u0113na ra\u017eo\u0161ana organism\u0101 samazin\u0101s, kas var novest pie grumb\u0101m, \u0101das sausuma un elast\u012bbas zuduma. Kolag\u0113na pept\u012bdi tiek uzskat\u012bti par veicino\u0161iem kolag\u0113na sint\u0113zi \u0101d\u0101, pal\u012bdzot uzlabot t\u0101s mitrin\u0101\u0161anu, elast\u012bbu un samazin\u0101t grumbi\u0146as.\n*   **Loc\u012btavu vesel\u012bba:** Kolag\u0113ns ir svar\u012bgs loc\u012btavu skrim\u0161\u013cu sast\u0101vda\u013ca. Kolag\u0113na pept\u012bdu lieto\u0161ana var pal\u012bdz\u0113t mazin\u0101t loc\u012btavu s\u0101pes un uzlabot to kust\u012bgumu, \u012bpa\u0161i cilv\u0113kiem ar osteoartr\u012btu.\n*   **Kaulu vesel\u012bba:** Kolag\u0113ns ir svar\u012bgs kaulu strukt\u016brai un stipr\u012bbai. Kolag\u0113na pept\u012bdi var pal\u012bdz\u0113t veicin\u0101t kaulu miner\u0101lu bl\u012bvumu un samazin\u0101t osteoporozes risku.\n*   **Musku\u013cu aug\u0161ana un atjauno\u0161an\u0101s:** Kolag\u0113ns ir nepiecie\u0161ams musku\u013cu audu veido\u0161anai un atjauno\u0161anai. Kolag\u0113na pept\u012bdi var pal\u012bdz\u0113t sportistiem un fiziski akt\u012bviem cilv\u0113kiem atjaunot un att\u012bst\u012bt musku\u013cu masu.\n*   **S\u0101ts un svara kontrole:** Kolag\u0113na pept\u012bdi var veicin\u0101t s\u0101ta saj\u016btu, kas var pal\u012bdz\u0113t samazin\u0101t kop\u0113jo uz\u0146emto kaloriju daudzumu un atbalst\u012bt svara kontroles centienus.\n\nKolag\u0113na pept\u012bdus parasti ieg\u016bst no dz\u012bvnieku avotiem, piem\u0113ram, liellopu, c\u016bku vai zivju \u0101das un kauliem. Tie ir pieejami da\u017e\u0101d\u0101s form\u0101s, tostarp pulveru, kapsulu un dz\u0113rienu veid\u0101, un tos bie\u017ei izmanto uztura bag\u0101tin\u0101t\u0101jos un funkcion\u0101lajos p\u0101rtikas produktos.<\/h3>\n\n\n\n<p><strong>Kolag\u0113ns<\/strong> \u2013 visvair\u0101k cilv\u0113ka organism\u0101 sastopamais prote\u012bns, kas veido \u0101das, loc\u012btavu skrim\u0161\u013cu, kaulu, c\u012bpslu un saistaudu struktur\u0101lo pamatu. No aptuveni <strong>25 gadi<\/strong> Organism\u0101 kolag\u0113na ra\u017eo\u0161ana s\u0101k dabiski samazin\u0101ties \u2013 tas saist\u012bts ar \u0101das elast\u012bbas izmai\u0146\u0101m, loc\u012btavu st\u012bvuma palielin\u0101\u0161anos un l\u0113n\u0101ku audu atjauno\u0161anos.<\/p>\n\n\n\n<p><strong>Hidroliz\u0113ts kolag\u0113ns<\/strong> noz\u012bm\u0113, ka olbaltumvielu molekulas sadala maz\u0101kos pept\u012bdos \u2013 tas \u013cauj organismam t\u0101s uz\u0146emt efekt\u012bv\u0101k nek\u0101 neapstr\u0101d\u0101tu kolag\u0113nu.<\/p>\n\n\n\n<h3 class=\"wp-block-heading\">DoNotAge Kolag\u0113na pept\u012bdu \u012bpa\u0161\u012bbas<\/h3>\n\n\n\n<p><strong>Odai:<\/strong> Kolag\u0113na pept\u012bdi pal\u012bdz uztur\u0113t \u0101das mitrumu un elast\u012bbu. Tas ir viens no popul\u0101r\u0101kajiem uztura bag\u0101tin\u0101t\u0101jiem \u0101das jaunav\u012bbas uztur\u0113\u0161anas kontekst\u0101.<\/p>\n\n\n\n<p><strong>Loc\u012btav\u0101m un skrim\u0161\u013ciem:<\/strong> Kollag\u0113ns ir galven\u0101 skrim\u0161\u013ca sast\u0101vda\u013ca \u2013 regul\u0101ra lieto\u0161ana var pal\u012bdz\u0113t uztur\u0113t loc\u012btavu elast\u012bbu un komfortu.<\/p>\n\n\n\n<p><strong>Plaukams ir nagiem.<\/strong> Kolag\u0113ns nodro\u0161ina aminosk\u0101bes (\u012bpa\u0161i glic\u012bnu, prol\u012bnu un hidroksiprol\u012bnu), kas ir svar\u012bgas matu un nagu strukt\u016brai.<\/p>\n\n\n\n<p><strong>Fizisk\u0101s aktivit\u0101tes:<\/strong> Sportisti bie\u017ei lieto kolag\u0113nu c\u012bpslu un saistaudu uztur\u0113\u0161anai un atjauno\u0161anai p\u0113c treni\u0146iem.<\/p>\n\n\n\n<h3 class=\"wp-block-heading\">Pat\u0113ri\u0146\u0161<\/h3>\n\n\n\n<p>Sajauc <strong>1 porcija (10 g)<\/strong> ar \u016bdeni, kafiju, t\u0113ju vai citu dz\u0113rienu. Pulveris ir gandr\u012bz bez gar\u0161as, t\u0101p\u0113c viegli sajaucams ar da\u017e\u0101diem dz\u0113rieniem. Ieteicams lietot ikdien\u0101, konsekventi.<\/p>\n\n\n\n<h3 class=\"wp-block-heading\">Sast\u0101vda\u013cas<\/h3>\n\n\n\n<p>100 % hidroliz\u0113ta kolag\u0113na pept\u012bdi. Bez pievienota cukura, bez m\u0101ksl\u012bg\u0101m gar\u0161viel\u0101m, bez kr\u0101sviel\u0101m.<\/p>\n\n\n\n<h3 class=\"wp-block-heading\">Kvalit\u0101tes apliecin\u0101juma dokumenti (COA)<\/h3>\n\n\n\n<p><strong>Kvalit\u0101tes dokument\u0101cija (COA):<\/strong> COA apstiprina akt\u012bvo vielu daudzumu un galvenos kvalit\u0101tes r\u0101d\u012bt\u0101jus.<\/p>\n\n\n\n<p><strong>P\u0101rtikas apstr\u0101des sertifik\u0101ts:<\/strong> 69MTSPA-667<\/p>\n\n\n\n<h3 class=\"wp-block-heading\">Sader\u012bba ar citiem DoNotAge produktiem<\/h3>\n\n\n\n<p>Kolag\u0113na pept\u012bdi bie\u017ei tiek kombin\u0113ti ar <a href=\"https:\/\/purama.lt\/lv\/products\/donotage-pure-hyaluronic-acid-kapsulas\/\">DoNotAge Hialuronsk\u0101be<\/a> (\u0101das mitrin\u0101\u0161anai) vai <a href=\"https:\/\/purama.lt\/lv\/products\/donotage-pure-coq10-kapsulas\/\">DoNotAge Koenz\u012bms Q10<\/a> (\u0161\u016bnu ener\u0123ijai). P\u0101rskatiet visu <a href=\"https:\/\/purama.lt\/lv\/produktu-etiketes\/donotage\/\">DoNotAge kl\u0101sts Purama<\/a> \u2013 visi produkti tiek glab\u0101ti Lietuv\u0101, pieg\u0101de 1-2 darba dienu laik\u0101.<\/p>\n\n\n\n<p>Vair\u0101k par kolag\u0113nu lasiet m\u016bsu <a href=\"\/lv\/kolagena-celvedis\/\">kolag\u0113na gids<\/a>.<\/p>","protected":false},"excerpt":{"rendered":"<p><strong>DoNotAge hidroliz\u0113ti kolag\u0113na pept\u012bdi<\/strong> \u2013 hidroliz\u0113ta kolag\u0113na pept\u012bdu pulveris (300 g), viegli \u0161\u0137\u012bsto\u0161s \u016bden\u012b vai dz\u0113rienos. Kolag\u0113ns ir visizplat\u012bt\u0101kais prote\u012bns cilv\u0113ka organism\u0101, ta\u010du t\u0101 ra\u017eo\u0161ana dab\u012bgi samazin\u0101s, s\u0101kot aptuveni no 25 gadu vecuma. Hidroliz\u0113ta forma noz\u012bm\u0113 maz\u0101kas molekulas, kas viegl\u0101k uzs\u016bcas. Ar COA dokument\u0101ciju. Pieg\u0101de Lietuv\u0101 1\u20132 darba dienu laik\u0101.<\/p>\n<p><strong>K\u0101p\u0113c izv\u0113l\u0113ties<\/strong><br \/><strong>\u2714\ufe0f<\/strong> hidroliz\u0113ta forma \u2013 viegl\u0101k uz\u0146emama<br \/><strong>\u2714\ufe0f<\/strong> 300 g iepakojums, bez gar\u0161as \u2013 viegli kombin\u0113t ar dz\u0113rieniem<br \/><strong>\u2714\ufe0f<\/strong> veikiamas odos, s\u0105nari\u0173 ir jungiamojo audinio palaikymui<br \/><strong>\u2714\ufe0f<\/strong> ar COA dokument\u0101ciju nodro\u0161in\u0101tu partiju izsekojam\u012bbu<\/p>","protected":false},"featured_media":9200,"comment_status":"open","ping_status":"closed","template":"","meta":{"_acf_changed":false},"product_brand":[242],"product_cat":[273,57,279,280,274,123,275],"product_tag":[],"class_list":{"0":"post-9194","1":"product","2":"type-product","3":"status-publish","4":"has-post-thumbnail","6":"product_brand-donotage","7":"product_cat-odai-plaukams-nagams","8":"product_cat-akcijos","9":"product_cat-kaulams-ir-sanariams","10":"product_cat-kaulu-stiprinimas","11":"product_cat-odos-jaunyste","12":"product_cat-papildai-ilgaamziskumui","13":"product_cat-plauku-ir-nagu-prieziura","15":"first","16":"instock","17":"sale","18":"shipping-taxable","19":"purchasable","20":"product-type-simple"},"acf":[],"tiered_pricing_type":"fixed","tiered_pricing_fixed_rules":[],"tiered_pricing_product_settings":{"layout":"default","base_unit_name":{"singular":null,"plural":null},"default_variation":null},"tiered_pricing_minimum_quantity":null,"tiered_pricing_roles_data":[],"tiered_pricing_percentage_rules":[],"_links":{"self":[{"href":"https:\/\/purama.lt\/lv\/wp-json\/wp\/v2\/product\/9194","targetHints":{"allow":["GET"]}}],"collection":[{"href":"https:\/\/purama.lt\/lv\/wp-json\/wp\/v2\/product"}],"about":[{"href":"https:\/\/purama.lt\/lv\/wp-json\/wp\/v2\/types\/product"}],"replies":[{"embeddable":true,"href":"https:\/\/purama.lt\/lv\/wp-json\/wp\/v2\/comments?post=9194"}],"wp:featuredmedia":[{"embeddable":true,"href":"https:\/\/purama.lt\/lv\/wp-json\/wp\/v2\/media\/9200"}],"wp:attachment":[{"href":"https:\/\/purama.lt\/lv\/wp-json\/wp\/v2\/media?parent=9194"}],"wp:term":[{"taxonomy":"product_brand","embeddable":true,"href":"https:\/\/purama.lt\/lv\/wp-json\/wp\/v2\/product_brand?post=9194"},{"taxonomy":"product_cat","embeddable":true,"href":"https:\/\/purama.lt\/lv\/wp-json\/wp\/v2\/product_cat?post=9194"},{"taxonomy":"product_tag","embeddable":true,"href":"https:\/\/purama.lt\/lv\/wp-json\/wp\/v2\/product_tag?post=9194"}],"curies":[{"name":"wp","href":"https:\/\/api.w.org\/{rel}","templated":true}]}}