{"id":8682,"date":"2024-12-23T12:13:53","date_gmt":"2024-12-23T12:13:53","guid":{"rendered":"https:\/\/purama.lt\/product\/raudonos-sviesos-terapine-kepuraite-higherdose\/"},"modified":"2026-03-06T09:38:11","modified_gmt":"2026-03-06T07:38:11","slug":"sarkanas-gaismas-terapeitiska-cepurite-augstaka-deva","status":"publish","type":"product","link":"https:\/\/purama.lt\/lv\/produktas\/raudonos-sviesos-terapine-kepuraite-higherdose\/","title":{"rendered":"HigherDOSE\u00ae sarkan\u0101s gaismas terapeitiskais v\u0101ci\u0146\u0161"},"content":{"rendered":"","protected":false},"excerpt":{"rendered":"<p class=\"\" data-start=\"200\" data-end=\"534\"><strong>HigherDOSE\u00ae sarkan\u0101s gaismas terapijas v\u0101ci\u0146\u0161<\/strong> - ir gudrs, stil\u012bgs un \u0113rts veids, k\u0101 r\u016bp\u0113ties par galvas \u0101du un matiem m\u0101j\u0101s. Izmantojot dro\u0161u un efekt\u012bvu LED sarkan\u0101s gaismas tehnolo\u0123iju (650-850 nm), \u0161\u012b cepure stimul\u0113 asinsriti, aktiviz\u0113 \u0161\u016bnu atjauno\u0161anos un veicina dabisku matu aug\u0161anu. Tas ir \u012bpa\u0161i noder\u012bgs, lai mazin\u0101tu matu izkri\u0161anu, uzlabotu galvas \u0101das st\u0101vokli vai vienk\u0101r\u0161i atp\u016bstos p\u0113c saspringtas dienas - siltuma terapija nomierina, uzlabo pa\u0161saj\u016btu un mazina spriedzi. Izstr\u0101d\u0101ts, \u0146emot v\u0113r\u0101 m\u016bsdienu dz\u012bvesveidu, cepur\u012bti var lietot, skatoties televizoru, str\u0101d\u0101jot vai vienk\u0101r\u0161i atp\u016b\u0161oties.<\/p>\n<p class=\"\" data-start=\"853\" data-end=\"1227\"><strong data-start=\"853\" data-end=\"879\">K\u0101p\u0113c to izm\u0113\u0123in\u0101t?<\/strong><br data-start=\"879\" data-end=\"882\" \/>\u2714\ufe0f Stimul\u0113 matu aug\u0161anu un samazina matu izkri\u0161anu.<br data-start=\"925\" data-end=\"928\" \/>\u2714\ufe0f Uzlabo galvas \u0101das asinsriti un \u0161\u016bnu re\u0123ener\u0101ciju.<br data-start=\"985\" data-end=\"988\" \/>\u2714\ufe0f Dro\u0161a, neinvaz\u012bva un piln\u012bgi nes\u0101p\u012bga terapija.<br data-start=\"1042\" data-end=\"1045\" \/>\u2714\ufe0f Piem\u0113rots gan v\u012brie\u0161iem, gan sieviet\u0113m<br data-start=\"1080\" data-end=\"1083\" \/>\u2714\ufe0f Kompakts, bezvadu dizains \u0113rtai lieto\u0161anai jebkur\u0101 viet\u0101<br data-start=\"1147\" data-end=\"1150\" \/>\u2714\ufe0f Stil\u012bgs un diskr\u0113ts dizains - ide\u0101li piem\u0113rots ikdienas lieto\u0161anai<\/p>\n<p class=\"\" data-start=\"1229\" data-end=\"1427\">\u013baujiet saviem matiem atdzimt dabiski - bez medikamentiem vai sare\u017e\u0123\u012bt\u0101m proced\u016br\u0101m.<strong> HigherDOSE\u00ae terapeitiskais v\u0101ci\u0146\u0161<\/strong> - T\u0101 ir labsaj\u016btas tehnolo\u0123iju virsotne, kas ir izstr\u0101d\u0101ta, lai l\u012bdzsvarotu gan \u0101r\u0113jo, gan iek\u0161\u0113jo vesel\u012bbu.<\/p>","protected":false},"featured_media":8731,"comment_status":"open","ping_status":"closed","template":"","meta":{"_acf_changed":false},"product_brand":[430],"product_cat":[282,288,96,283],"product_tag":[],"class_list":{"0":"post-8682","1":"product","2":"type-product","3":"status-publish","4":"has-post-thumbnail","6":"product_brand-higherdose","7":"product_cat-longevity-prietaisai","8":"product_cat-grozio-ir-odos-prieziura","9":"product_cat-led-terapija","10":"product_cat-sveikatingumo-prietaisai","12":"first","13":"instock","14":"shipping-taxable","15":"purchasable","16":"product-type-simple"},"acf":[],"tiered_pricing_type":"fixed","tiered_pricing_fixed_rules":[],"tiered_pricing_product_settings":{"layout":"default","base_unit_name":{"singular":null,"plural":null},"default_variation":null},"tiered_pricing_minimum_quantity":null,"tiered_pricing_roles_data":[],"tiered_pricing_percentage_rules":[],"_links":{"self":[{"href":"https:\/\/purama.lt\/lv\/wp-json\/wp\/v2\/product\/8682","targetHints":{"allow":["GET"]}}],"collection":[{"href":"https:\/\/purama.lt\/lv\/wp-json\/wp\/v2\/product"}],"about":[{"href":"https:\/\/purama.lt\/lv\/wp-json\/wp\/v2\/types\/product"}],"replies":[{"embeddable":true,"href":"https:\/\/purama.lt\/lv\/wp-json\/wp\/v2\/comments?post=8682"}],"wp:featuredmedia":[{"embeddable":true,"href":"https:\/\/purama.lt\/lv\/wp-json\/wp\/v2\/media\/8731"}],"wp:attachment":[{"href":"https:\/\/purama.lt\/lv\/wp-json\/wp\/v2\/media?parent=8682"}],"wp:term":[{"taxonomy":"product_brand","embeddable":true,"href":"https:\/\/purama.lt\/lv\/wp-json\/wp\/v2\/product_brand?post=8682"},{"taxonomy":"product_cat","embeddable":true,"href":"https:\/\/purama.lt\/lv\/wp-json\/wp\/v2\/product_cat?post=8682"},{"taxonomy":"product_tag","embeddable":true,"href":"https:\/\/purama.lt\/lv\/wp-json\/wp\/v2\/product_tag?post=8682"}],"curies":[{"name":"wp","href":"https:\/\/api.w.org\/{rel}","templated":true}]}}