{"id":8681,"date":"2024-12-23T12:13:53","date_gmt":"2024-12-23T12:13:53","guid":{"rendered":"https:\/\/purama.lt\/product\/terapine-veido-kaklo-ir-dekolte-zonos-kauke-liroma-led\/"},"modified":"2025-10-06T09:53:05","modified_gmt":"2025-10-06T07:53:05","slug":"arstnieciska-sejas-maska-kakla-un-dekolte-zonas-zonai-liroma-led","status":"publish","type":"product","link":"https:\/\/purama.lt\/lv\/produktas\/terapine-veido-kaklo-ir-dekolte-zonos-kauke-liroma-led\/","title":{"rendered":"Terapeitisk\u0101 maska sejai, kaklam un dekolt\u0113 zonai LIROMA\u00ae LED"},"content":{"rendered":"<p><strong>7 kr\u0101su gaismas terapijas re\u017e\u012bmi:<\/strong><\/p>\n\n\n\n<p>\u2714\ufe0f <strong>Sarkana gaisma<\/strong> - stimul\u0113 kolag\u0113na ra\u017eo\u0161anu, izl\u012bdzina \u0101das strukt\u016bru un samazina grumbas.<br>\u2714\ufe0f <strong>Zila un zila gaisma<\/strong> - mazina p\u016bt\u012btes, nomierina kairin\u0101jumus.<br>\u2714\ufe0f <strong>Za\u013c\u0101 gaisma<\/strong> - samazina \u0101das aps\u0101rtumu<br>\u2714\ufe0f <strong>Dzeltena gaisma<\/strong> - uzlabo asinsriti un padara \u0101du gai\u0161\u0101ku.<br>\u2714\ufe0f <strong>Violet\u0101 gaisma<\/strong> - pa\u0101trina \u0101das dz\u012b\u0161anas procesus<br>\u2714\ufe0f <strong>Balta gaisma<\/strong> - uzlabo \u0101das elast\u012bbu un atjauno \u0101du.<br>\u2714\ufe0f <strong>Tuvais infrasarkanais (850 nm)<\/strong> - iek\u013c\u016bst dzi\u013ci \u0101d\u0101, lai mazin\u0101tu iekaisumu un veicin\u0101tu re\u0123ener\u0101ciju.<\/p>\n\n\n\n<p><strong>Komplekt\u0101 ietilpst:<\/strong><\/p>\n\n\n\n<p>\u2714\ufe0f USB-B uzl\u0101des kabelis<br>\u2714\ufe0f Acu aizsardz\u012bba<br>\u2714\ufe0f Regul\u0113jama Velcro aizdare<br>\u2714\ufe0f T\u0101lvad\u012bbas pults<br>\u2714\ufe0f Lieto\u0161anas instrukcija<\/p>","protected":false},"excerpt":{"rendered":"<p data-start=\"158\" data-end=\"218\"><strong>Terapeitisk\u0101 maska sejai, kaklam un dekolt\u0113 zonai LIROMA\u00ae LED<\/strong>.  Atkl\u0101jiet revol\u016bciju ikdienas \u0101das kop\u0161an\u0101 ar <strong data-start=\"271\" data-end=\"301\">LIROMA\u00ae LED terapijas maskas<\/strong> - inov\u0101cija, kas balst\u012bta uz m\u016bsdien\u012bg\u0101m tehnolo\u0123ij\u0101m un paredz\u0113ta visiem \u0101das tipiem. \u0160\u012b uzlabot\u0101 maska apvieno <strong data-start=\"399\" data-end=\"433\">l\u012bdz 7 da\u017e\u0101diem gaismas re\u017e\u012bmiem<\/strong>lai efekt\u012bvi risin\u0101tu da\u017e\u0101das \u0101das probl\u0113mas, s\u0101kot no grumbi\u0146\u0101m un pigment\u0101cijas l\u012bdz pat pinn\u0113m un iekaisumiem.<strong> LIROMA\u00ae LED<\/strong> Masku ir \u0113rti n\u0113s\u0101t m\u0101j\u0101s gan ikdienas darbiem, gan atp\u016btai. Regul\u0113jam\u0101 Velcro aizdare nodro\u0161ina stingru piegul\u0113\u0161anu, un t\u0101lvad\u012bbas pults \u013cauj viegli izv\u0113l\u0113ties v\u0113lamo gaismas terapijas re\u017e\u012bmu un baud\u012bt profesion\u0101lu \u0101das kop\u0161anu.<\/p>\n<p><strong data-start=\"158\" data-end=\"200\">K\u0101p\u0113c izv\u0113l\u0113ties LIROMA\u00ae LED masku? <\/strong>\u2714\ufe0f Apstiprin\u0101ta ietekme uz \u0101du<br data-start=\"231\" data-end=\"234\" \/>\u2714\ufe0f Dabiska un nes\u0101p\u012bga terapija<br data-start=\"270\" data-end=\"273\" \/>\u2714\ufe0f Ikdienas \u0101das kop\u0161ana m\u0101j\u0101s<br data-start=\"307\" data-end=\"310\" \/>\u2714\ufe0f Vesel\u012bg\u0101ka un gai\u0161\u0101ka \u0101da<\/p>","protected":false},"featured_media":8730,"comment_status":"open","ping_status":"closed","template":"","meta":{"_acf_changed":false},"product_brand":[],"product_cat":[282,288,96,283],"product_tag":[],"class_list":{"0":"post-8681","1":"product","2":"type-product","3":"status-publish","4":"has-post-thumbnail","6":"product_cat-longevity-prietaisai","7":"product_cat-grozio-ir-odos-prieziura","8":"product_cat-led-terapija","9":"product_cat-sveikatingumo-prietaisai","11":"first","12":"instock","13":"shipping-taxable","14":"purchasable","15":"product-type-simple"},"acf":[],"tiered_pricing_type":"fixed","tiered_pricing_fixed_rules":[],"tiered_pricing_product_settings":{"layout":"default","base_unit_name":{"singular":null,"plural":null},"default_variation":null},"tiered_pricing_minimum_quantity":null,"tiered_pricing_roles_data":[],"tiered_pricing_percentage_rules":[],"_links":{"self":[{"href":"https:\/\/purama.lt\/lv\/wp-json\/wp\/v2\/product\/8681","targetHints":{"allow":["GET"]}}],"collection":[{"href":"https:\/\/purama.lt\/lv\/wp-json\/wp\/v2\/product"}],"about":[{"href":"https:\/\/purama.lt\/lv\/wp-json\/wp\/v2\/types\/product"}],"replies":[{"embeddable":true,"href":"https:\/\/purama.lt\/lv\/wp-json\/wp\/v2\/comments?post=8681"}],"wp:featuredmedia":[{"embeddable":true,"href":"https:\/\/purama.lt\/lv\/wp-json\/wp\/v2\/media\/8730"}],"wp:attachment":[{"href":"https:\/\/purama.lt\/lv\/wp-json\/wp\/v2\/media?parent=8681"}],"wp:term":[{"taxonomy":"product_brand","embeddable":true,"href":"https:\/\/purama.lt\/lv\/wp-json\/wp\/v2\/product_brand?post=8681"},{"taxonomy":"product_cat","embeddable":true,"href":"https:\/\/purama.lt\/lv\/wp-json\/wp\/v2\/product_cat?post=8681"},{"taxonomy":"product_tag","embeddable":true,"href":"https:\/\/purama.lt\/lv\/wp-json\/wp\/v2\/product_tag?post=8681"}],"curies":[{"name":"wp","href":"https:\/\/api.w.org\/{rel}","templated":true}]}}