{"id":8680,"date":"2024-12-23T12:13:52","date_gmt":"2024-12-23T12:13:52","guid":{"rendered":"https:\/\/purama.lt\/product\/raudonos-sviesos-ir-artimu-infraraudonuju-spinduliu-veido-kauke-higherdose\/"},"modified":"2026-02-20T08:06:18","modified_gmt":"2026-02-20T06:06:18","slug":"sarkana-gaisma-un-tuva-infrasarkana-starojuma-sejas-maska-higherdose","status":"publish","type":"product","link":"https:\/\/purama.lt\/lv\/produktas\/raudonos-sviesos-ir-artimu-infraraudonuju-spinduliu-veido-kauke-higherdose\/","title":{"rendered":"HigherDOSE\u00ae sarkan\u0101s gaismas un tuv\u0101 infrasarkan\u0101 starojuma sejas maska"},"content":{"rendered":"<p><strong>Inform\u0101cija par produktu<\/strong><\/p>\n\n\n\n<p>- Spuldzes: 75 LED spuldzes<br>- LED: 150 LED (2 katr\u0101 spuldz\u012bt\u0113)<br>- Sarkan\u0101 gaisma (RED): 630 nm, tuv\u0101 infrasarkan\u0101 (NIR): 830 nm.<br>- Apstarojums: 50 mW\/cm\u00b2<br>- Programmas ilgums: 10 min\u016btes vai 20 min\u016btes<br>- Elektrisk\u0101 jauda: 5V\/1A\/2600mAh<br>- Str\u0101vas adaptera ieeja: 100-240 V<br>- Darba temperat\u016bra: 0 \u2103 l\u012bdz 40 \u2103<br>- Uzglab\u0101\u0161anas un transport\u0113\u0161anas temperat\u016bra: -5 \u2103 l\u012bdz 55 \u2103<\/p>\n\n\n\n<p><strong>Ier\u012bces izm\u0113ri<\/strong><br>- Kakla pagarin\u0101t\u0101js: 332 mm (platums) x 301 mm (augstums)<br>- Kontrolieris: 103 mm x 24 mm x 29 mm<\/p>","protected":false},"excerpt":{"rendered":"<div class=\"flex-shrink-0 flex flex-col relative items-end\">\n<div>\n<div class=\"pt-0\">\n<div class=\"gizmo-bot-avatar flex h-8 w-8 items-center justify-center overflow-hidden rounded-full\">\n<div class=\"relative p-1 rounded-sm flex items-center justify-center bg-token-main-surface-primary text-token-text-primary h-8 w-8\"><strong>HigherDOSE Red Light Face Mask<\/strong> \u2013 tai j\u016bs\u0173 raktas \u012f jaunatvi\u0161k\u0105 ir spindin\u010di\u0105 od\u0105. \u0160is pa\u017eangus prietaisas, derinantis infraraudon\u0173j\u0173 spinduli\u0173 LED technologij\u0105, sukurtas taip, kad lengvai prisitaikyt\u0173 prie j\u016bs\u0173 u\u017eimto gyvenimo b\u016bdo ir suteikt\u0173 profesionali\u0173 rezultat\u0173 namuose.<\/div>\n<div>\u00a0<\/div>\n<\/div>\n<div><strong>\u0160viesos terapija<\/strong> \u2013 \u0161velni ir neinvazin\u0117 proced\u016bra, kuri giliai atjaunina od\u0105. Skatinant kolageno gamyb\u0105 ir gerinant kraujotak\u0105, ji pastebimai suma\u017eina smulkias rauk\u0161leles ir rauk\u0161les, palikdama od\u0105 lygesn\u0119, stangresn\u0119 ir jaunesn\u0117s i\u0161vaizdos. Pamir\u0161kite odos pilkum\u0105 ir pasitikite nat\u016bral\u0173, sveik\u0105 spindes\u012f.<\/div>\n<\/div>\n<\/div>\n<\/div>\n<div class=\"group\/conversation-turn relative flex w-full min-w-0 flex-col agent-turn\">\n<div class=\"flex-col gap-1 md:gap-3\">\n<div class=\"flex max-w-full flex-col flex-grow\">\n<div class=\"min-h-8 text-message flex w-full flex-col items-end gap-2 whitespace-normal break-words text-start [.text-message+&amp;]:mt-5\" dir=\"auto\" data-message-author-role=\"assistant\" data-message-id=\"fef76db6-cee9-46bd-ae68-d9f855a5f5c3\" data-message-model-slug=\"gpt-4o\">\n<div class=\"flex w-full flex-col gap-1 empty:hidden first:pt-[3px]\">\n<div class=\"markdown prose w-full break-words dark:prose-invert light\">Kiekviena sesija suteiks j\u016bs\u0173 odai gyvybingumo, pakels nuotaik\u0105 ir sustiprins pasitik\u0117jim\u0105 savimi. Nesvarbu, ar siekiate kovoti su sen\u0117jimo po\u017eymiais, ar tiesiog i\u0161laikyti spindin\u010di\u0105 i\u0161vaizd\u0105, \u0161i kauk\u0117 yra nepakei\u010diamas gro\u017eio \u012frankis, praturtinantis j\u016bs\u0173 odos prie\u017ei\u016bros rutin\u0105. Atraskite infraraudon\u0173j\u0173 spinduli\u0173 gali\u0105 ir suteikite savo odai nauj\u0105 gyvenim\u0105.<\/div>\n<\/div>\n<\/div>\n<\/div>\n<\/div>\n<\/div>\n<details >\n<summary>Kaip naudoti kauk\u0119 ir pasiekti maksimal\u0173 efekt\u0105:<\/summary>\n<div class=\"cg-accordion-item\"> <strong>Pasiruo\u0161kite dar didesniam spindesiui.<\/strong> Prie\u0161 u\u017esid\u0117dami kauk\u0119, naudokite <strong>\u201eHigherDOSE Glow Serum\u201c<\/strong> \u2013 raudonos \u0161viesos ir \u0161ilumos d\u0117ka jo poveikis bus dar labiau sustiprintas. Nustatykite kauk\u0117s laikmat\u012f 10 arba 20 minu\u010di\u0173 ir leiskite odai pasim\u0117gauti spinduliuojan\u010dia terapija. <strong>U\u017efiksuokite proced\u016bros poveik\u012f.<\/strong> Po proced\u016bros patepkite od\u0105 dar \u0161iek tiek <strong>\u201eGlow Serum\u201c<\/strong> arba savo m\u0117gstamu vitamin\u0173 prisotintu dr\u0117kinamuoju kremu. Tai pad\u0117s i\u0161laikyti odos \u0161vyt\u0117jim\u0105 ir u\u017etikrins ilgalaik\u012f rezultat\u0105. <strong>Reguliari prie\u017ei\u016bra \u2013 raktas \u012f tobul\u0105 od\u0105.<\/strong> Geriausiems rezultatams pasiekti naudokite <strong>\u201eRed Light Face Mask\u201c<\/strong> bent 10 minu\u010di\u0173, 3\u20135 kartus per savait\u0119. <\/div>\n<\/details>\n<details >\n<summary>Kod\u0117l verta rinktis \u201eHigherDOSE Red Light Face Mask<\/summary>\n<div class=\"cg-accordion-item\">\n<ul>\n<li>\u0160velni, bet efektyvi odos terapija be \u017ealing\u0173 UV spinduli\u0173.<\/li>\n<li>Skatina odos regeneracij\u0105, gerina bendr\u0105 odos b\u016bkl\u0119 ir suteikia nat\u016bral\u0173 spindes\u012f.<\/li>\n<li>Puikiai pritaikyta aktyviam gyvenimo b\u016bdui \u2013 galite naudotis proced\u016bra net u\u017esiimdami kasdiene veikla.<\/li>\n<\/ul>\n<\/div>\n<\/details>\n<details >\n<summary>Kaip raudona \u0161viesa gali paversti j\u016bs\u0173 od\u0105 lygesne ir jaunatvi\u0161kesne<\/summary>\n<div class=\"cg-accordion-item\"> Saul\u0117 \u2013 did\u017eiausias energijos \u0161altinis, ta\u010diau \u0161iuolaikinis gyvenimo b\u016bdas mus da\u017enai atitolina nuo jos gydom\u0173j\u0173 spinduli\u0173. Tr\u016bkstant saul\u0117s \u0161viesos, oda praranda spindes\u012f, ma\u017e\u0117ja energija, o sen\u0117jimo procesai spart\u0117ja. Raudonos ir artimos infraraudon\u0173j\u0173 spinduli\u0173 bangos atkartoja atjauninan\u010dius saul\u0117s spindulius, skatinan\u010dius kolageno gamyb\u0105, gerinan\u010dius kraujotak\u0105 ir ma\u017einan\u010dius rauk\u0161les. \u0160i terapija padeda odai tapti lygesnei, stangresnei ir jaunatvi\u0161kesnei, tuo pa\u010diu suteikdama organizmui daugiau energijos ir geresn\u0119 savijaut\u0105. Atraskite raudonos \u0161viesos terapij\u0105 \u2013 nat\u016bral\u0173 b\u016bd\u0105 kovoti su sen\u0117jimu ir atgaivinti od\u0105! <\/div>\n<\/details>\n","protected":false},"featured_media":8684,"comment_status":"open","ping_status":"closed","template":"","meta":{"_acf_changed":false},"product_brand":[430],"product_cat":[282,288,96,283],"product_tag":[],"class_list":{"0":"post-8680","1":"product","2":"type-product","3":"status-publish","4":"has-post-thumbnail","6":"product_brand-higherdose","7":"product_cat-longevity-prietaisai","8":"product_cat-grozio-ir-odos-prieziura","9":"product_cat-led-terapija","10":"product_cat-sveikatingumo-prietaisai","12":"first","13":"instock","14":"shipping-taxable","15":"purchasable","16":"product-type-simple"},"acf":[],"tiered_pricing_type":"fixed","tiered_pricing_fixed_rules":[],"tiered_pricing_product_settings":{"layout":"default","base_unit_name":{"singular":null,"plural":null},"default_variation":null},"tiered_pricing_minimum_quantity":null,"tiered_pricing_roles_data":[],"tiered_pricing_percentage_rules":[],"_links":{"self":[{"href":"https:\/\/purama.lt\/lv\/wp-json\/wp\/v2\/product\/8680","targetHints":{"allow":["GET"]}}],"collection":[{"href":"https:\/\/purama.lt\/lv\/wp-json\/wp\/v2\/product"}],"about":[{"href":"https:\/\/purama.lt\/lv\/wp-json\/wp\/v2\/types\/product"}],"replies":[{"embeddable":true,"href":"https:\/\/purama.lt\/lv\/wp-json\/wp\/v2\/comments?post=8680"}],"wp:featuredmedia":[{"embeddable":true,"href":"https:\/\/purama.lt\/lv\/wp-json\/wp\/v2\/media\/8684"}],"wp:attachment":[{"href":"https:\/\/purama.lt\/lv\/wp-json\/wp\/v2\/media?parent=8680"}],"wp:term":[{"taxonomy":"product_brand","embeddable":true,"href":"https:\/\/purama.lt\/lv\/wp-json\/wp\/v2\/product_brand?post=8680"},{"taxonomy":"product_cat","embeddable":true,"href":"https:\/\/purama.lt\/lv\/wp-json\/wp\/v2\/product_cat?post=8680"},{"taxonomy":"product_tag","embeddable":true,"href":"https:\/\/purama.lt\/lv\/wp-json\/wp\/v2\/product_tag?post=8680"}],"curies":[{"name":"wp","href":"https:\/\/api.w.org\/{rel}","templated":true}]}}