{"id":8678,"date":"2024-12-23T12:13:52","date_gmt":"2024-12-23T12:13:52","guid":{"rendered":"https:\/\/purama.lt\/product\/raudonosios-sviesos-terapijos-nugaros-dirzas-liroma-shield\/"},"modified":"2026-01-13T17:34:07","modified_gmt":"2026-01-13T15:34:07","slug":"sarkanas-gaismas-terapija-muguras-josta-liroma-vairogs","status":"publish","type":"product","link":"https:\/\/purama.lt\/lv\/produktas\/raudonosios-sviesos-terapijos-nugaros-dirzas-liroma-shield\/","title":{"rendered":"LIROMA\u00ae SHIELD sarkan\u0101s gaismas terapijas muguras josta"},"content":{"rendered":"<p><strong>Sarkan\u0101s gaismas terapijas priek\u0161roc\u012bbas:<\/strong><\/p>\n\n\n\n<p>\u2714\ufe0f Atvieglo hroniskas un ak\u016btas muguras s\u0101pes<br>\u2714\ufe0f Veicina audu dz\u012b\u0161anu un re\u0123ener\u0101ciju.<br>\u2714\ufe0f Samazina musku\u013cu sasprindzin\u0101jumu un nogurumu.<br>\u2714\ufe0f Uzlabo \u0101das st\u0101vokli un elast\u012bbu.<br>\u2714\ufe0f Uzlabo visp\u0101r\u0113jo pa\u0161saj\u016btu un kust\u012bbu komfortu.<\/p>\n\n\n\n<p><strong>Liroma SHIELD<\/strong> - ir risin\u0101jums tiem, kas v\u0113las mazin\u0101t s\u0101pes, uzlabot vesel\u012bbu un justies br\u012bvi un \u0113rti katru dienu. R\u016bp\u0113jieties par sevi inovat\u012bv\u0101 veid\u0101 - izbaudiet gaismas terapijas priek\u0161roc\u012bbas jebkur\u0101 viet\u0101 un laik\u0101!<\/p>","protected":false},"excerpt":{"rendered":"<p>Atkl\u0101jiet dz\u012bvi bez s\u0101p\u0113m ar <strong data-start=\"141\" data-end=\"158\">Liroma SHIELD<\/strong> - modernu, p\u0101rn\u0113s\u0101jamu muguras jostu, kas savieno <strong data-start=\"209\" data-end=\"229\">sarkan\u0101 gaisma<\/strong> un <strong data-start=\"233\" data-end=\"270\">infrasarkano staru terapija<\/strong>. \u0160is inovat\u012bvais risin\u0101jums pal\u012bdz samazin\u0101t <strong data-start=\"315\" data-end=\"345\">muguras un musku\u013cu s\u0101pes<\/strong>, uzlabo <strong data-start=\"354\" data-end=\"368\">asinsriti<\/strong> un pa\u0101trina <strong data-start=\"381\" data-end=\"405\">audu re\u0123ener\u0101cija<\/strong>. <strong data-start=\"409\" data-end=\"433\">\u010cetri vi\u013c\u0146u garumi<\/strong> un <strong data-start=\"437\" data-end=\"465\">Quattro LED tehnolo\u0123ija<\/strong> nodro\u0161ina <strong data-start=\"476\" data-end=\"499\">sp\u0113c\u012bgs, bet maigs<\/strong> ietekme, o <strong data-start=\"511\" data-end=\"533\">uzl\u0101d\u0113jams akumulators<\/strong> \u013cauj izbaud\u012bt terapiju l\u012bdz pat <strong data-start=\"564\" data-end=\"580\">1,5 stundas<\/strong> jebkur\u0101 viet\u0101 un jebkur\u0101 laik\u0101. <strong data-start=\"604\" data-end=\"621\">Liroma SHIELD<\/strong> - viegls, elast\u012bgs un \u0113rts risin\u0101jums vesel\u012bg\u0101kai un akt\u012bv\u0101kai dz\u012bvei.<\/p>\n<p data-start=\"1468\" data-end=\"1505\"><strong>K\u0101p\u0113c izv\u0113l\u0113ties Liroma SHIELD?<br \/><\/strong>\u2714\ufe0f S\u0101pju remd\u0113\u0161ana bez z\u0101l\u0113m - dabiska pal\u012bdz\u012bba j\u016bsu \u0137ermenim<br data-start=\"1571\" data-end=\"1574\" \/>\u2714\ufe0f Atvese\u013co\u0161an\u0101s pa\u0101trin\u0101\u0161ana p\u0113c stresa, traumas vai ikdienas slodzes.<br data-start=\"1644\" data-end=\"1647\" \/>\u2714\ufe0f Mazina iekaisumu un uzlabo asinsriti.<br data-start=\"1694\" data-end=\"1697\" \/>\u2714\ufe0f Uzlabota \u0101das, audu un loc\u012btavu vesel\u012bba.<br data-start=\"1747\" data-end=\"1750\" \/>\u2714\ufe0f Mobilit\u0101te un \u0113rt\u012bbas j\u016bsu ikdien\u0101.<\/p>\n<p>&nbsp;<\/p>","protected":false},"featured_media":8738,"comment_status":"open","ping_status":"closed","template":"","meta":{"_acf_changed":false},"product_brand":[],"product_cat":[96,282,283],"product_tag":[],"class_list":{"0":"post-8678","1":"product","2":"type-product","3":"status-publish","4":"has-post-thumbnail","6":"product_cat-led-terapija","7":"product_cat-longevity-prietaisai","8":"product_cat-sveikatingumo-prietaisai","10":"first","11":"instock","12":"shipping-taxable","13":"purchasable","14":"product-type-simple"},"acf":[],"tiered_pricing_type":"fixed","tiered_pricing_fixed_rules":[],"tiered_pricing_product_settings":{"layout":"default","base_unit_name":{"singular":null,"plural":null},"default_variation":null},"tiered_pricing_minimum_quantity":null,"tiered_pricing_roles_data":[],"tiered_pricing_percentage_rules":[],"_links":{"self":[{"href":"https:\/\/purama.lt\/lv\/wp-json\/wp\/v2\/product\/8678","targetHints":{"allow":["GET"]}}],"collection":[{"href":"https:\/\/purama.lt\/lv\/wp-json\/wp\/v2\/product"}],"about":[{"href":"https:\/\/purama.lt\/lv\/wp-json\/wp\/v2\/types\/product"}],"replies":[{"embeddable":true,"href":"https:\/\/purama.lt\/lv\/wp-json\/wp\/v2\/comments?post=8678"}],"wp:featuredmedia":[{"embeddable":true,"href":"https:\/\/purama.lt\/lv\/wp-json\/wp\/v2\/media\/8738"}],"wp:attachment":[{"href":"https:\/\/purama.lt\/lv\/wp-json\/wp\/v2\/media?parent=8678"}],"wp:term":[{"taxonomy":"product_brand","embeddable":true,"href":"https:\/\/purama.lt\/lv\/wp-json\/wp\/v2\/product_brand?post=8678"},{"taxonomy":"product_cat","embeddable":true,"href":"https:\/\/purama.lt\/lv\/wp-json\/wp\/v2\/product_cat?post=8678"},{"taxonomy":"product_tag","embeddable":true,"href":"https:\/\/purama.lt\/lv\/wp-json\/wp\/v2\/product_tag?post=8678"}],"curies":[{"name":"wp","href":"https:\/\/api.w.org\/{rel}","templated":true}]}}