{"id":8492,"date":"2024-12-12T19:57:31","date_gmt":"2024-12-12T19:57:31","guid":{"rendered":"https:\/\/purama.lt\/?post_type=product&#038;p=8492"},"modified":"2026-01-05T14:48:54","modified_gmt":"2026-01-05T12:48:54","slug":"hempo-40-pilna-spektra-cbd-ella","status":"publish","type":"product","link":"https:\/\/purama.lt\/lv\/produktas\/hempo-40-pilno-spektro-cbd-aliejus\/","title":{"rendered":"Hempo 40% pilna spektra CBD e\u013c\u013ca"},"content":{"rendered":"<p><strong>Pat\u0113ri\u0146\u0161: <\/strong>Ieteicams lietot 2-3 pilienus 2 reizes dien\u0101 (no r\u012bta un vakar\u0101). Pirms lieto\u0161anas sakrat\u012bt. L\u016bdzu, \u0146emiet v\u0113r\u0101, ka katra lietot\u0101ja v\u0113lam\u0101 iedarb\u012bba un CBD produktu panesam\u012bbas l\u012bmenis var at\u0161\u0137irties, t\u0101p\u0113c iesak\u0101m s\u0101kt ar maz\u0101ko ieteicamo daudzumu un pak\u0101peniski palielin\u0101t to p\u0113c vajadz\u012bbas, nep\u0101rsniedzot 200 mg CBD dien\u0101.<\/p>\n<p><strong>Sast\u0101vda\u013cas:<\/strong> Pilna spektra kanabidiols (4000 mg CBD), MCT kokosriekstu e\u013c\u013ca, terp\u0113ni, fenoli un flavono\u012bdi.<\/p>\n<p><strong>Daudzums:\u00a0<\/strong>10ml<\/p>\n<p><strong>Izcelsmes valsts:\u00a0<\/strong>\u0160veice<\/p>\n<p>&nbsp;<\/p>\n<p>&nbsp;<\/p>","protected":false},"excerpt":{"rendered":"<p><strong>Hempo 40% pilna spektra CBD e\u013c\u013ca<\/strong> ir \u013coti sp\u0113c\u012bgs un efekt\u012bvs <strong>CBD<\/strong> e\u013c\u013ca, kas paredz\u0113ta tiem, kuri mekl\u0113 visaugst\u0101ko kvalit\u0101ti un maksim\u0101lu iedarb\u012bbu. Pilns spektrs <strong>CBD<\/strong> e\u013c\u013cai ir ne tikai <strong>40% CBD<\/strong>, bet ar\u012b neliels daudzums citu noder\u012bgu kanabino\u012bdu, piem\u0113ram. <strong>CBG, CBN <\/strong>un<strong> CBDV<\/strong>, kas kop\u0101 pastiprina efektu. E\u013c\u013ca tiek ieg\u016bta, izmantojot modernu CO2 ekstrakcijas tehnolo\u0123iju, saglab\u0101jot dabisko ka\u0146epju ekstrakta t\u012br\u012bbu un kvalit\u0101ti. E\u013c\u013c\u0101 ir neliels THC daudzums (at\u013cautaj\u0101s robe\u017e\u0101s, maz\u0101k nek\u0101 0,2%), ta\u010du tas nerada psihoakt\u012bvu iedarb\u012bbu.<\/p>","protected":false},"featured_media":8506,"comment_status":"open","ping_status":"closed","template":"","meta":{"_acf_changed":false},"product_brand":[429],"product_cat":[61,77],"product_tag":[],"class_list":{"0":"post-8492","1":"product","2":"type-product","3":"status-publish","4":"has-post-thumbnail","6":"product_brand-hempo","7":"product_cat-ramybei","8":"product_cat-cbd-aliejai","10":"first","11":"instock","12":"shipping-taxable","13":"purchasable","14":"product-type-simple"},"acf":[],"tiered_pricing_type":"fixed","tiered_pricing_fixed_rules":[],"tiered_pricing_product_settings":{"layout":"default","base_unit_name":{"singular":null,"plural":null},"default_variation":null},"tiered_pricing_minimum_quantity":null,"tiered_pricing_roles_data":[],"tiered_pricing_percentage_rules":[],"_links":{"self":[{"href":"https:\/\/purama.lt\/lv\/wp-json\/wp\/v2\/product\/8492","targetHints":{"allow":["GET"]}}],"collection":[{"href":"https:\/\/purama.lt\/lv\/wp-json\/wp\/v2\/product"}],"about":[{"href":"https:\/\/purama.lt\/lv\/wp-json\/wp\/v2\/types\/product"}],"replies":[{"embeddable":true,"href":"https:\/\/purama.lt\/lv\/wp-json\/wp\/v2\/comments?post=8492"}],"wp:featuredmedia":[{"embeddable":true,"href":"https:\/\/purama.lt\/lv\/wp-json\/wp\/v2\/media\/8506"}],"wp:attachment":[{"href":"https:\/\/purama.lt\/lv\/wp-json\/wp\/v2\/media?parent=8492"}],"wp:term":[{"taxonomy":"product_brand","embeddable":true,"href":"https:\/\/purama.lt\/lv\/wp-json\/wp\/v2\/product_brand?post=8492"},{"taxonomy":"product_cat","embeddable":true,"href":"https:\/\/purama.lt\/lv\/wp-json\/wp\/v2\/product_cat?post=8492"},{"taxonomy":"product_tag","embeddable":true,"href":"https:\/\/purama.lt\/lv\/wp-json\/wp\/v2\/product_tag?post=8492"}],"curies":[{"name":"wp","href":"https:\/\/api.w.org\/{rel}","templated":true}]}}