{"id":8489,"date":"2024-12-12T19:57:31","date_gmt":"2024-12-12T19:57:31","guid":{"rendered":"https:\/\/purama.lt\/?post_type=product&#038;p=8489"},"modified":"2026-03-31T09:27:54","modified_gmt":"2026-03-31T07:27:54","slug":"harmonista-51-cbd-cbg-ella","status":"publish","type":"product","link":"https:\/\/purama.lt\/lv\/produktas\/harmonista-51-cbd-cbg-aliejus\/","title":{"rendered":"Harmonista 5,1 % CBD + CBG e\u013c\u013ca"},"content":{"rendered":"<p><span style=\"color: #20201e;font-family: inherit;font-size: 16px\"><span lang=\"lt-LT\">M\u016bsdienu dz\u012bv\u0113 bie\u017ei sastopama nepietiekama atp\u016bta, stress un trauksme. S\u0101ciet ce\u013cu uz harmoniju ar CBD e\u013c\u013cu, kas bag\u0101tin\u0101ta ar CBG kanabino\u012bdiem.\u00a0<\/span><\/span><\/p>\n<p><span style=\"color: #20201e;font-family: inherit;font-size: 16px\"><span lang=\"lt-LT\">CBG (kanabigerols) ir cie\u0161i saist\u012bts ar CBD un citiem nepsihoakt\u012bvajiem kanabino\u012bdiem, kas atrodami ka\u0146ep\u0113s. Tas darbojas kombin\u0101cij\u0101 ar CBD, lai pastiprin\u0101tu potenci\u0101l\u0101s priek\u0161roc\u012bbas, radot \"antura\u017ea efektu\". Kop\u0101 \u0161ie kanabino\u012bdi siner\u0123iski mijiedarbojas viens ar otru un rada liel\u0101ku iedarb\u012bbu uz organismu.<\/span><\/span><\/p>\n<ul>\n<li>\n<p class=\"western\" lang=\"lt-LT\"><span style=\"font-family: inherit;font-size: 16px\"><span style=\"color: #20201e\">\u200b\u200b\u200b\u200b\u200b\u200b<\/span><b>CBD + CBG - UZLABOTA FORMULA<\/b><span style=\"color: #20201e\">. CBG kombin\u0101cij\u0101 ar CBD aktiviz\u0113 un pastiprina t\u0101 iedarb\u012bbu.<\/span><\/span><\/p>\n<\/li>\n<li>\n<p class=\"western\" lang=\"lt-LT\"><span style=\"font-family: inherit;font-size: 16px\"><b>MAIGS UN PAT\u012aKAMS<\/b><span style=\"color: #20201e\">. Ar MCT kokosriekstu e\u013c\u013cu, bez terp\u0113nu piedevas.<\/span><\/span><\/p>\n<\/li>\n<li>\n<p class=\"western\" lang=\"lt-LT\"><span style=\"font-family: inherit;font-size: 16px\"><b>P\u0100RBAUD\u012aTA NEATKAR\u012aG\u0100 LABORATORIJ\u0100.<\/b><span style=\"color: #20201e\">. Garant\u0113ts kanabino\u012bdu saturs - katras partijas sast\u0101vu p\u0101rbauda neatkar\u012bga ES sertific\u0113ta laboratorija.<\/span><\/span><\/p>\n<\/li>\n<\/ul>\n<p><span style=\"font-family: inherit;font-size: 16px\"><span lang=\"lt-LT\"><b>Pat\u0113ri\u0146\u0161<\/b><\/span><span style=\"color: #20201e\"><span lang=\"lt-LT\">: lietojiet da\u017eus pilienus 2 reizes dien\u0101. CBD dienas deva ir atkar\u012bga no daudziem faktoriem, piem\u0113ram, j\u016bsu \u0137erme\u0146a st\u0101vok\u013ca, v\u0113lam\u0101 efekta un produkta koncentr\u0101cijas (%). Lietojiet t\u012bru, uzkl\u0101jiet uz v\u0113lam\u0101s \u0137erme\u0146a vietas. Pak\u0101peniski palieliniet pilienu skaitu p\u0113c vajadz\u012bbas. Jo liel\u0101ka CBD koncentr\u0101cija produkt\u0101, jo maz\u0101k pilienu ieteicams lietot. <\/span><\/span><\/span><\/p>\n<p><span style=\"color: #20201e\"><strong>Sast\u0101vda\u013cas:<\/strong> Cannabis Sativa ekstrakts, MCT e\u013c\u013ca (kaprilic\/kapric triglicer\u012bdi), 5,1% kanabidiols (CBD) un kanabigerols (CBG), maz\u0101k svar\u012bgi kanabino\u012bdi (CBN, CBDV), bez THC.<\/span><\/p>\n<p><strong>Daudzums:<\/strong>\u00a010ml<\/p>\n<p><b>Izcelsmes valsts:<\/b>\u00a0N\u012bderlande<\/p>\n<h6><strong>\u00a0<\/strong><\/h6>","protected":false},"excerpt":{"rendered":"<p><strong>Harmonist 5,1% CBD + CBG<\/strong> e\u013c\u013ca ir sabalans\u0113ta ka\u0146epju e\u013c\u013ca, kas paredz\u0113ta ikdienas labsaj\u016btas veicin\u0101\u0161anai. \u0160\u012b e\u013c\u013ca apvieno divas akt\u012bv\u0101s sast\u0101vda\u013cas - <strong>CBD (kanabidiols) un CBG (kanabigerols)<\/strong>kas darbojas siner\u0123iski, pal\u012bdzot mazin\u0101t stresu, uztur\u0113t l\u012bdzsvaru un veicin\u0101t visp\u0101r\u0113jo relaks\u0101ciju. Pla\u0161a spektra sast\u0101vs noz\u012bm\u0113, ka e\u013c\u013ca satur ar\u012b citus maz\u0101k noz\u012bm\u012bgus kanabino\u012bdus, piem\u0113ram. <strong>CBN un CBDV<\/strong>, bet nesatur psihoakt\u012bvo vielu THC. Augstu e\u013c\u013cas t\u012br\u012bbu un kvalit\u0101ti nodro\u0161ina, izmantojot CO2 ekstrakciju. Ide\u0101li piem\u0113rota ies\u0101c\u0113jiem un ikdienas lieto\u0161anai.<\/p>","protected":false},"featured_media":8498,"comment_status":"closed","ping_status":"closed","template":"","meta":{"_acf_changed":false},"product_brand":[426],"product_cat":[77,500,61],"product_tag":[],"class_list":{"0":"post-8489","1":"product","2":"type-product","3":"status-publish","4":"has-post-thumbnail","6":"product_brand-harmonista","7":"product_cat-cbd-aliejai","8":"product_cat-outlet","9":"product_cat-ramybei","11":"first","12":"instock","13":"sale","14":"shipping-taxable","15":"purchasable","16":"product-type-simple"},"acf":[],"tiered_pricing_type":"fixed","tiered_pricing_fixed_rules":[],"tiered_pricing_product_settings":{"layout":"default","base_unit_name":{"singular":null,"plural":null},"default_variation":null},"tiered_pricing_minimum_quantity":null,"tiered_pricing_roles_data":[],"tiered_pricing_percentage_rules":[],"_links":{"self":[{"href":"https:\/\/purama.lt\/lv\/wp-json\/wp\/v2\/product\/8489","targetHints":{"allow":["GET"]}}],"collection":[{"href":"https:\/\/purama.lt\/lv\/wp-json\/wp\/v2\/product"}],"about":[{"href":"https:\/\/purama.lt\/lv\/wp-json\/wp\/v2\/types\/product"}],"replies":[{"embeddable":true,"href":"https:\/\/purama.lt\/lv\/wp-json\/wp\/v2\/comments?post=8489"}],"wp:featuredmedia":[{"embeddable":true,"href":"https:\/\/purama.lt\/lv\/wp-json\/wp\/v2\/media\/8498"}],"wp:attachment":[{"href":"https:\/\/purama.lt\/lv\/wp-json\/wp\/v2\/media?parent=8489"}],"wp:term":[{"taxonomy":"product_brand","embeddable":true,"href":"https:\/\/purama.lt\/lv\/wp-json\/wp\/v2\/product_brand?post=8489"},{"taxonomy":"product_cat","embeddable":true,"href":"https:\/\/purama.lt\/lv\/wp-json\/wp\/v2\/product_cat?post=8489"},{"taxonomy":"product_tag","embeddable":true,"href":"https:\/\/purama.lt\/lv\/wp-json\/wp\/v2\/product_tag?post=8489"}],"curies":[{"name":"wp","href":"https:\/\/api.w.org\/{rel}","templated":true}]}}