{"id":8487,"date":"2024-12-12T19:57:31","date_gmt":"2024-12-12T19:57:31","guid":{"rendered":"https:\/\/purama.lt\/?post_type=product&#038;p=8487"},"modified":"2026-01-05T14:12:12","modified_gmt":"2026-01-05T12:12:12","slug":"hempo-10-dabiska-cbd-ella","status":"publish","type":"product","link":"https:\/\/purama.lt\/lv\/produktas\/hempo-10-natural-cbd-aliejus\/","title":{"rendered":"Hempo 10% (NATURAL) CBD e\u013c\u013ca"},"content":{"rendered":"<p><strong>Hempo 10<span lang=\"EN-US\">%\u00a0<\/span>Pla\u0161a spektra CBD e\u013c\u013ca<\/strong> - ir dabas sniegts maigs atbalsts j\u016bsu labsaj\u016btai. No \u0161\u012bs e\u013c\u013cas ir iz\u0146emts viss aug\u0101 eso\u0161ais THC, t\u0101p\u0113c t\u0101 ir piem\u0113rota gr\u016btniec\u0113m, z\u012bd\u012bt\u0101j\u0101m, b\u0113rniem un profesion\u0101liem sportistiem.<\/p>\n<p>T\u0101pat k\u0101 citi m\u016bsu produkti, ar\u012b pla\u0161a spektra e\u013c\u013ca tiek ra\u017eota, izmantojot modern\u0101ko superkritisko CO2 ekstrakcijas tehnolo\u0123iju. Visi aug\u0101 eso\u0161ie labv\u0113l\u012bgie kanabino\u012bdi (CBD, CBDA, CBG, CBC, CBN, CBGA u. c.), terp\u0113ni un flavono\u012bdi tiek saglab\u0101ti ra\u017eo\u0161anas proces\u0101. \u0160\u012bs vielas pastiprina viena otras iedarb\u012bbu - zin\u0101tnieki to d\u0113v\u0113 par \"entourage efektu\". Tie\u0161i tas padara Hempo produktus tik efekt\u012bvus.<\/p>\n<p><strong>Sast\u0101vda\u013cas:<\/strong> Cannabis Sativa ekstrakts, MCT e\u013c\u013ca (kaprilic\/kapric triglicer\u012bdi), 10% kanabidiols (CBD), maznoz\u012bm\u012bgi kanabino\u012bdi (CBG, CBN, CBDV), bez THC.<\/p>\n<p><strong>Daudzums: <\/strong>10ml<\/p>\n<p><strong>Izcelsmes valsts:<\/strong> \u0160veice<\/p>\n<p>&nbsp;<\/p>","protected":false},"excerpt":{"rendered":"<p><strong>Hempo 10% (dabiskais) CBD<\/strong> e\u013c\u013ca ir dab\u012bga e\u013c\u013ca, kas ieg\u016bta no ka\u0146ep\u0113m un satur 10% akt\u012bvo sast\u0101vda\u013cu. <strong>CBD<\/strong> materi\u0101li. \u0160\u012b pla\u0161a spektra e\u013c\u013ca pal\u012bdz uztur\u0113t ikdienas l\u012bdzsvaru un labsaj\u016btu, jo satur nelielus daudzumus citu kanabino\u012bdu, piem\u0113ram. <strong>CBG, CBN, CBDV<\/strong>bet bez psihoakt\u012bv\u0101s vielas THC. Izmantojot modernu CO2 ekstrakcijas metodi, e\u013c\u013c\u0101 saglab\u0101tas visas labv\u0113l\u012bg\u0101s vielas, nodro\u0161inot augstu kvalit\u0101ti un dro\u0161\u012bbu. <strong>Hempo 10% Natural CBD<\/strong> \u0160\u012b e\u013c\u013ca ir lieliska izv\u0113le tiem, kas mekl\u0113 dab\u012bgu produktu bez papildu gar\u0161as piedev\u0101m.<\/p>","protected":false},"featured_media":8495,"comment_status":"open","ping_status":"closed","template":"","meta":{"_acf_changed":false},"product_brand":[429],"product_cat":[61,77],"product_tag":[],"class_list":{"0":"post-8487","1":"product","2":"type-product","3":"status-publish","4":"has-post-thumbnail","6":"product_brand-hempo","7":"product_cat-ramybei","8":"product_cat-cbd-aliejai","10":"first","11":"instock","12":"shipping-taxable","13":"purchasable","14":"product-type-simple"},"acf":[],"tiered_pricing_type":"fixed","tiered_pricing_fixed_rules":[],"tiered_pricing_product_settings":{"layout":"default","base_unit_name":{"singular":null,"plural":null},"default_variation":null},"tiered_pricing_minimum_quantity":null,"tiered_pricing_roles_data":[],"tiered_pricing_percentage_rules":[],"_links":{"self":[{"href":"https:\/\/purama.lt\/lv\/wp-json\/wp\/v2\/product\/8487","targetHints":{"allow":["GET"]}}],"collection":[{"href":"https:\/\/purama.lt\/lv\/wp-json\/wp\/v2\/product"}],"about":[{"href":"https:\/\/purama.lt\/lv\/wp-json\/wp\/v2\/types\/product"}],"replies":[{"embeddable":true,"href":"https:\/\/purama.lt\/lv\/wp-json\/wp\/v2\/comments?post=8487"}],"wp:featuredmedia":[{"embeddable":true,"href":"https:\/\/purama.lt\/lv\/wp-json\/wp\/v2\/media\/8495"}],"wp:attachment":[{"href":"https:\/\/purama.lt\/lv\/wp-json\/wp\/v2\/media?parent=8487"}],"wp:term":[{"taxonomy":"product_brand","embeddable":true,"href":"https:\/\/purama.lt\/lv\/wp-json\/wp\/v2\/product_brand?post=8487"},{"taxonomy":"product_cat","embeddable":true,"href":"https:\/\/purama.lt\/lv\/wp-json\/wp\/v2\/product_cat?post=8487"},{"taxonomy":"product_tag","embeddable":true,"href":"https:\/\/purama.lt\/lv\/wp-json\/wp\/v2\/product_tag?post=8487"}],"curies":[{"name":"wp","href":"https:\/\/api.w.org\/{rel}","templated":true}]}}