{"id":8486,"date":"2024-12-12T19:57:31","date_gmt":"2024-12-12T19:57:31","guid":{"rendered":"https:\/\/purama.lt\/?post_type=product&#038;p=8486"},"modified":"2026-04-08T08:47:58","modified_gmt":"2026-04-08T06:47:58","slug":"hempo-30-pilna-spektra-cbd-ella","status":"publish","type":"product","link":"https:\/\/purama.lt\/lv\/produktas\/hempo-30-pilno-spektro-cbd-aliejus\/","title":{"rendered":"Hempo 30% pilna spektra CBD e\u013c\u013ca"},"content":{"rendered":"<div>\n<div class=\"summary__title\">\n<p class=\"h4 accordion__title\"><strong>Pat\u0113ri\u0146\u0161:<\/strong> Ieteicams regul\u0101ri lietot 3-4 pilienus 2 reizes dien\u0101 (no r\u012bta un vakar\u0101), pirms lieto\u0161anas sakratot. L\u016bdzu, \u0146emiet v\u0113r\u0101, ka v\u0113lamais CBD produktu iedarb\u012bbas un panesam\u012bbas l\u012bmenis katram cilv\u0113kam ir at\u0161\u0137ir\u012bgs, t\u0101p\u0113c iesak\u0101m s\u0101kt ar maz\u0101ko ieteicamo daudzumu un pak\u0101peniski to palielin\u0101t p\u0113c vajadz\u012bbas, bet nep\u0101rsniegt 200 mg CBD dien\u0101. Saskares gad\u012bjum\u0101 ar ac\u012bm: da\u017eas min\u016btes maigi mazg\u0101t ar \u016bdeni.<\/p>\n<\/div>\n<\/div>\n<div id=\"ProductAccordion-b1532ee7-16af-4ae0-971e-18dbf3b6f278-template--14841473400972__main\" class=\"accordion__content rte\">\n<p><span style=\"font-size: 16px\"><strong>Sast\u0101vda\u013cas:<\/strong> Pilna spektra kanabidiols (3000 mg CBD) ar citu labv\u0113l\u012bgu kanabino\u012bdu (CBDA, CBDV, CBG, CBC, CBN, CBGA u.c.), organisko ka\u0146epju (Cannabis Sativa L.) s\u0113klu e\u013c\u013ca, terp\u0113ni, fenoli un flavono\u012bdi.<\/span><\/p>\n<p><strong>Daudzums:<\/strong> 10ml<\/p>\n<div class=\"product-details-module__content\">\n<div id=\"productDescription\" class=\"product-details__product-description\">\n<p><strong>Izcelsmes valsts:<\/strong> \u0160veice<\/p>\n<\/div>\n<\/div>\n<\/div>","protected":false},"excerpt":{"rendered":"<p><strong>Hempo 30% pilna spektra CBD e\u013c\u013ca<\/strong> ir \u013coti koncentr\u0113ta dabiska ka\u0146epju e\u013c\u013ca, kas nodro\u0161ina intens\u012bvu atbalstu \u0137ermenim un pr\u0101tam. Pilns spektrs <strong>CBD<\/strong> e\u013c\u013cai ir ne tikai 30%<strong> CBD<\/strong>bet ar\u012b neliels daudzums citu noder\u012bgu kanabino\u012bdu, piem\u0113ram. <strong>CBG, CBN un CBDV<\/strong>kas darbojas kop\u0101, lai uzlabotu kop\u0113jo efektu. CO2 ekstrakcijas metode saglab\u0101 dabisko sast\u0101vu un augstu ka\u0146epju kvalit\u0101ti. Produkts satur nelielu THC daudzumu (at\u013cautaj\u0101s robe\u017e\u0101s, maz\u0101k nek\u0101 0,2%), bet nerada psihoakt\u012bvu iedarb\u012bbu.<\/p>","protected":false},"featured_media":8494,"comment_status":"open","ping_status":"closed","template":"","meta":{"_acf_changed":false},"product_brand":[429],"product_cat":[61,77,500],"product_tag":[],"class_list":{"0":"post-8486","1":"product","2":"type-product","3":"status-publish","4":"has-post-thumbnail","6":"product_brand-hempo","7":"product_cat-ramybei","8":"product_cat-cbd-aliejai","9":"product_cat-outlet","11":"first","12":"instock","13":"sale","14":"shipping-taxable","15":"purchasable","16":"product-type-simple"},"acf":[],"tiered_pricing_type":"fixed","tiered_pricing_fixed_rules":[],"tiered_pricing_product_settings":{"layout":"default","base_unit_name":{"singular":null,"plural":null},"default_variation":null},"tiered_pricing_minimum_quantity":null,"tiered_pricing_roles_data":[],"tiered_pricing_percentage_rules":[],"_links":{"self":[{"href":"https:\/\/purama.lt\/lv\/wp-json\/wp\/v2\/product\/8486","targetHints":{"allow":["GET"]}}],"collection":[{"href":"https:\/\/purama.lt\/lv\/wp-json\/wp\/v2\/product"}],"about":[{"href":"https:\/\/purama.lt\/lv\/wp-json\/wp\/v2\/types\/product"}],"replies":[{"embeddable":true,"href":"https:\/\/purama.lt\/lv\/wp-json\/wp\/v2\/comments?post=8486"}],"wp:featuredmedia":[{"embeddable":true,"href":"https:\/\/purama.lt\/lv\/wp-json\/wp\/v2\/media\/8494"}],"wp:attachment":[{"href":"https:\/\/purama.lt\/lv\/wp-json\/wp\/v2\/media?parent=8486"}],"wp:term":[{"taxonomy":"product_brand","embeddable":true,"href":"https:\/\/purama.lt\/lv\/wp-json\/wp\/v2\/product_brand?post=8486"},{"taxonomy":"product_cat","embeddable":true,"href":"https:\/\/purama.lt\/lv\/wp-json\/wp\/v2\/product_cat?post=8486"},{"taxonomy":"product_tag","embeddable":true,"href":"https:\/\/purama.lt\/lv\/wp-json\/wp\/v2\/product_tag?post=8486"}],"curies":[{"name":"wp","href":"https:\/\/api.w.org\/{rel}","templated":true}]}}