{"id":8373,"date":"2024-12-11T17:27:10","date_gmt":"2024-12-11T17:27:10","guid":{"rendered":"https:\/\/purama.lt\/?post_type=product&#038;p=8373"},"modified":"2026-04-24T13:10:22","modified_gmt":"2026-04-24T11:10:22","slug":"donotage-pure-spermidine-kapsulas","status":"publish","type":"product","link":"https:\/\/purama.lt\/lv\/produktas\/grynas-spermidinas-donotage\/","title":{"rendered":"DoNotAge Pure Spermidine kapsulas"},"content":{"rendered":"<h3 class=\"wp-block-heading\">Spermid\u012bns ir dabiska poliam\u012bna savienojums, kas atrodams vis\u0101s dz\u012bvaj\u0101s \u0161\u016bn\u0101s. Tas ir svar\u012bgs \u0161\u016bnu aug\u0161anai, att\u012bst\u012bbai un atjauno\u0161anai. Spermid\u012bns ir ar\u012b saist\u012bts ar daudziem vesel\u012bbas ieguvumiem, tai skait\u0101:\n\n*   Uzlabota im\u016bnsist\u0113ma\n*   Samazin\u0101ts iekaisums\n*   Uzlabota sirds un asinsvadu vesel\u012bba\n*   Aizsardz\u012bba pret v\u0113zi\n*   Uzlabota kognit\u012bv\u0101 funkcija\n*   Pagarin\u0101ts m\u016b\u017ea ilgums\n\nSpermid\u012bns ir \u012bpa\u0161i aktu\u0101ls, jo t\u0101 l\u012bmenis organism\u0101 ar vecumu samazin\u0101s. Tas noz\u012bm\u0113, ka vec\u0101kiem cilv\u0113kiem var b\u016bt nepietiekams spermid\u012bna daudzums, kas var veicin\u0101t da\u017e\u0101das ar vecumu saist\u012btas slim\u012bbas.\n\nSpermid\u012bna var uz\u0146emt ar p\u0101rtiku, piem\u0113ram, kvie\u0161u asniem, sieru un zelta pupi\u0146\u0101m. To var ar\u012b lietot uztura bag\u0101tin\u0101t\u0101ju veid\u0101.\n\nJa j\u016bs interes\u0113 spermid\u012bns un t\u0101 potenci\u0101lie ieguvumi vesel\u012bbai, ir ieteicams konsult\u0113ties ar \u0101rstu vai dietologu.<\/h3>\n\n\n\n<p><strong>Spermid\u012bns<\/strong> \u2013 ir dabisks poliam\u012bns, kas atrodams gan cilv\u0113ka organism\u0101, gan da\u017e\u0101dos p\u0101rtikas produktos: nogatavin\u0101t\u0101 sier\u0101, sojas pupi\u0146\u0101s, kvie\u0161u d\u012bgstu produktos un s\u0113\u0146u dzimtas augos. Spermid\u012bns zin\u0101tniskaj\u0101 literat\u016br\u0101 visbie\u017e\u0101k tiek apspriests sakar\u0101 ar t\u0101 saist\u012bbu ar <strong>autof\u0101gija<\/strong> \u2013 \u0161\u016bnu, procesa, ar kuru organisms atbr\u012bvojas no boj.<\/p>\n\n\n\n<p>Autofagija ir viens no akt\u012bv\u0101k p\u0113t\u012btajiem procesiem ilgm\u016b\u017e\u012bbas biolo\u0123ij\u0101. Ar vecumu autofagijas efektivit\u0101te dab\u012bgi samazin\u0101s, t\u0101p\u0113c spermid\u012bns k\u013c\u016bst noz\u012bm\u012bgs k\u0101 iesp\u0113jams \u0161\u012b procesa uztur\u0113\u0161anas faktors.<\/p>\n\n\n\n<h3 class=\"wp-block-heading\">DoNotAge Pure Spermidine ir kvalitat\u012bvs<\/h3>\n\n\n\n<p><strong>DoNotAge T\u012brs spermid\u012bns<\/strong> tiekia gryn\u0105j\u012f spermid\u012bnu katr\u0101 kapsul\u0101 ar skaidru doz\u0113jumu un partijas izsekojam\u012bbu. Katra partija tiek p\u0101rbaud\u012bta neatkar\u012bg\u0101s laboratorij\u0101s \u2013 produkts tiek pieg\u0101d\u0101ts tikai p\u0113c tam, kad ir izpild\u012bti kvalit\u0101tes standarti. Ra\u017eots saska\u0146\u0101 ar <strong>GMP<\/strong> un <strong>ISO 9001<\/strong>.<\/p>\n\n\n\n<h3 class=\"wp-block-heading\">Spermid\u012bns ir savienojums, kas atrodams vis\u0101s dz\u012bvaj\u0101s \u0161\u016bn\u0101s un piedal\u0101s vair\u0101kos svar\u012bgos fiziolo\u0123iskos procesos. Tas ir guvis interesi par t\u0101 potenci\u0101lajiem ieguvumiem vesel\u012bbai, un p\u0113t\u012bjumi liecina, ka tas var\u0113tu b\u016bt noder\u012bgs \u0161\u0101diem m\u0113r\u0137iem:\n\n*   **\u0160\u016bnu atjauno\u0161an\u0101s un noveco\u0161an\u0101s:** Spermid\u012bns ir galvenais autofagijas (\u0161\u016bnu \"pa\u0161att\u012br\u012b\u0161an\u0101s\" procesa) veicin\u0101t\u0101js. Autofagija pal\u012bdz organismam no\u0146emt boj\u0101tas \u0161\u016bnu sast\u0101vda\u013cas un atjaunot \u0161\u016bnas, kas ir svar\u012bgi, lai pal\u0113nin\u0101tu noveco\u0161an\u0101s procesu un nov\u0113rstu ar noveco\u0161anos saist\u012btas slim\u012bbas.\n*   **Sirds vesel\u012bba:** P\u0113t\u012bjumi par dz\u012bvniekiem un da\u017ei cilv\u0113ku p\u0113t\u012bjumi liecina, ka spermid\u012bns var\u0113tu pal\u012bdz\u0113t uzlabot sirds funkciju un samazin\u0101t sirds slim\u012bbu risku.\n*   **Smadze\u0146u vesel\u012bba:** Ir pier\u0101d\u012bts, ka spermid\u012bns var uzlabot kognit\u012bv\u0101s funkcijas un aizsarg\u0101t pret neirode\u0123enerat\u012bv\u0101m slim\u012bb\u0101m, piem\u0113ram, Alcheimera slim\u012bbu.\n*   **Im\u016bnsist\u0113mas darb\u012bbas uzlabo\u0161ana:** Spermid\u012bns var\u0113tu pal\u012bdz\u0113t stiprin\u0101t im\u016bnsist\u0113mu un palielin\u0101t t\u0101s sp\u0113ju c\u012bn\u012bties pret infekcij\u0101m.\n*   **Ilgm\u016b\u017e\u012bba:** Sakar\u0101 ar t\u0101 lomu autofagijas veicin\u0101\u0161an\u0101 un \u0161\u016bnu atjauno\u0161an\u0101, spermid\u012bns tiek p\u0113t\u012bts ar\u012b kontekst\u0101 ar ilgm\u016b\u017e\u012bbas palielin\u0101\u0161anu.\n\n**Kur spermid\u012bnu var atrast?**\n\nSpermid\u012bnu var ieg\u016bt gan no uztura, gan k\u0101 uztura bag\u0101tin\u0101t\u0101ju. Tas dabiski atrodams da\u017e\u0101dos p\u0101rtikas produktos, \u012bpa\u0161i:\n\n*   **Kvie\u0161u diedzi\u0146os**\n*   **Soj\u0101**\n*   **Sier\u0101 (\u012bpa\u0161i nobriedu\u0161\u0101)**\n*   **S\u0113kl\u0101s un riekstos**\n*   **S\u0113n\u0113s**\n*   **P\u0101k\u0161augos**\n\n**Svar\u012bgi apsv\u0113rt:**\n\nLai gan spermid\u012bnam ir daudz potenci\u0101lu ieguvumu vesel\u012bbai, ir svar\u012bgi atcer\u0113ties, ka liel\u0101k\u0101 da\u013ca p\u0113t\u012bjumu v\u0113l ir agr\u012bn\u0101 stadij\u0101, un ir nepiecie\u0161ami vair\u0101k p\u0113t\u012bjumu, lai piln\u012bb\u0101 saprastu t\u0101 ietekmi uz cilv\u0113ka organismu. Pirms spermid\u012bna lieto\u0161anas uztura bag\u0101tin\u0101t\u0101ju veid\u0101, ir ieteicams konsult\u0113ties ar \u0101rstu vai kvalific\u0113tu vesel\u012bbas apr\u016bpes speci\u0101listu, \u012bpa\u0161i, ja Jums ir k\u0101das eso\u0161\u0101s vesel\u012bbas probl\u0113mas vai J\u016bs lietojat citas z\u0101les.<\/h3>\n\n\n\n<p>Spermid\u012bns bie\u017ei tiek izv\u0113l\u0113ts k\u0101 da\u013ca no ilgm\u016b\u017e\u012bbas protokola \u2013 \u012bpa\u0161i blakus t\u0101d\u0101m viel\u0101m k\u0101 <a href=\"https:\/\/purama.lt\/lv\/products\/donotage-pure-nmn-nmn-kapsulas\/\">DoNotAge NMN<\/a> (NAD+ atbalstam), <a href=\"https:\/\/purama.lt\/lv\/products\/donotage-pure-fisetin-kapsulas\/\">DoNotAge Fiset\u012bns<\/a> (senol\u012btiski) ir <a href=\"https:\/\/purama.lt\/lv\/products\/donotage-pure-resveratrol-kapsulas\/\">DoNotAge Resveratrol<\/a> (antioksidat\u012bv\u0101 aizsardz\u012bba). Katrs no \u0161iem savienojumiem darbojas at\u0161\u0137ir\u012bg\u0101 \u0161\u016bnu ce\u013c\u0101, t\u0101p\u0113c to kombin\u0113\u0161ana aptver pla\u0161\u0101ku spektru.<\/p>\n\n\n\n<h3 class=\"wp-block-heading\">Pat\u0113ri\u0146\u0161<\/h3>\n\n\n\n<p>Iev\u0113rojiet nor\u0101d\u012bjumus uz iepakojuma. Ieteicams lietot kop\u0101 ar \u0113dienu. Uzglab\u0101t v\u0113s\u0101, saus\u0101 viet\u0101, prom no tie\u0161iem saules stariem.<\/p>\n\n\n\n<h3 class=\"wp-block-heading\">Sast\u0101vda\u013cas<\/h3>\n\n\n\n<p>Spermid\u012bns, kapsula (celuloze). Bez \u0122MO, bez m\u0101ksl\u012bg\u0101m piedev\u0101m, bez kr\u0101sviel\u0101m. Piem\u0113rots veg\u0101niem.<\/p>\n\n\n\n<h3 class=\"wp-block-heading\">Kvalit\u0101tes apliecin\u0101juma dokumenti (COA)<\/h3>\n\n\n\n<p><strong>Kvalit\u0101tes dokument\u0101cija (COA):<\/strong> COA apstiprina akt\u012bvo vielu daudzumu un galvenos kvalit\u0101tes r\u0101d\u012bt\u0101jus.<\/p>\n\n\n\n<p><strong>P\u0101rtikas apstr\u0101des sertifik\u0101ts:<\/strong> 69MTSPA-667<\/p>\n\n\n\n<h3 class=\"wp-block-heading\">Vair\u0101k DoNotAge produktu<\/h3>\n\n\n\n<p>Skat\u012bt pilnu <a href=\"https:\/\/purama.lt\/lv\/produktu-etiketes\/donotage\/\">DoNotAge kl\u0101sts Purama<\/a> \u2013 no NAD+ prekursoriem un senol\u012btiem l\u012bdz miega un ener\u0123ijas l\u012bme\u0146a uzlabo\u0161anas formul\u0101m. Visi produkti tiek uzglab\u0101ti Lietuv\u0101, pieg\u0101de 1\u20132 darbdienu laik\u0101.<\/p>","protected":false},"excerpt":{"rendered":"<p><strong>DoNotAge T\u012brs spermid\u012bns<\/strong> \u2013 t\u012brs spermid\u012bns kapsul\u0101. Spermid\u012bns ir poliam\u012bns, kas dabiski sastopams organism\u0101 un p\u0101rtikas produktos (piem\u0113ram, iztur\u0113t\u0101 sier\u0101, sojas pupi\u0146\u0101s, s\u0113\u0146u produktos), un zin\u0101tniskaj\u0101 literat\u016br\u0101 tas saist\u012bts ar <strong>autofagijas<\/strong> \u2013 l\u0105stelin\u0101 \u201eatt\u012br\u012b\u0161anas\u201d procesa uztur\u0113\u0161ana. Ar COA dokument\u0101ciju. Pieg\u0101de Lietuv\u0101 1\u20132 darba dienu laik\u0101.<\/p>\n<p><strong>K\u0101p\u0113c izv\u0113l\u0113ties<\/strong><br \/><strong>\u2714\ufe0f<\/strong> t\u012brs spermid\u012bns \u2013 skaidra, p\u0101rbaud\u0101ma deva<br \/><strong>\u2714\ufe0f<\/strong> saist\u012bta ar autofagijas un \u0161\u016bnu atjauno\u0161anas atbalst\u012b\u0161anu<br \/><strong>\u2714\ufe0f<\/strong> Veg\u0101niska kapsula, bez m\u0101ksl\u012bg\u0101m piedev\u0101m<br \/><strong>\u2714\ufe0f<\/strong> ar COA dokument\u0101ciju nodro\u0161in\u0101tu partiju izsekojam\u012bbu<\/p>","protected":false},"featured_media":8782,"comment_status":"open","ping_status":"closed","template":"","meta":{"_acf_changed":false},"product_brand":[242],"product_cat":[122,57,123,249],"product_tag":[],"class_list":{"0":"post-8373","1":"product","2":"type-product","3":"status-publish","4":"has-post-thumbnail","6":"product_brand-donotage","7":"product_cat-lasteliu-jaunystei","8":"product_cat-akcijos","9":"product_cat-papildai-ilgaamziskumui","10":"product_cat-senolitikai","12":"first","13":"instock","14":"sale","15":"shipping-taxable","16":"purchasable","17":"product-type-variable"},"acf":[],"tiered_pricing_type":"fixed","tiered_pricing_fixed_rules":[],"tiered_pricing_product_settings":{"layout":"default","base_unit_name":{"singular":null,"plural":null},"default_variation":null},"tiered_pricing_minimum_quantity":null,"tiered_pricing_roles_data":[],"tiered_pricing_percentage_rules":[],"_links":{"self":[{"href":"https:\/\/purama.lt\/lv\/wp-json\/wp\/v2\/product\/8373","targetHints":{"allow":["GET"]}}],"collection":[{"href":"https:\/\/purama.lt\/lv\/wp-json\/wp\/v2\/product"}],"about":[{"href":"https:\/\/purama.lt\/lv\/wp-json\/wp\/v2\/types\/product"}],"replies":[{"embeddable":true,"href":"https:\/\/purama.lt\/lv\/wp-json\/wp\/v2\/comments?post=8373"}],"wp:featuredmedia":[{"embeddable":true,"href":"https:\/\/purama.lt\/lv\/wp-json\/wp\/v2\/media\/8782"}],"wp:attachment":[{"href":"https:\/\/purama.lt\/lv\/wp-json\/wp\/v2\/media?parent=8373"}],"wp:term":[{"taxonomy":"product_brand","embeddable":true,"href":"https:\/\/purama.lt\/lv\/wp-json\/wp\/v2\/product_brand?post=8373"},{"taxonomy":"product_cat","embeddable":true,"href":"https:\/\/purama.lt\/lv\/wp-json\/wp\/v2\/product_cat?post=8373"},{"taxonomy":"product_tag","embeddable":true,"href":"https:\/\/purama.lt\/lv\/wp-json\/wp\/v2\/product_tag?post=8373"}],"curies":[{"name":"wp","href":"https:\/\/api.w.org\/{rel}","templated":true}]}}