{"id":7789,"date":"2024-12-04T14:36:47","date_gmt":"2024-12-04T14:36:47","guid":{"rendered":"https:\/\/purama.lt\/product\/maisto-papildas-resveratrolis-su-selenu-zenyth\/"},"modified":"2026-04-13T09:56:34","modified_gmt":"2026-04-13T07:56:34","slug":"uztura-bagatinatajs-resveratrols-ar-selenu-zenyth","status":"publish","type":"product","link":"https:\/\/purama.lt\/lv\/produktas\/maisto-papildas-resveratrolis-su-selenu-zenyth\/","title":{"rendered":"Uztura bag\u0101tin\u0101t\u0101js resveratrols ar sel\u0113nu ZENYTH"},"content":{"rendered":"<p><strong>Sast\u0101vda\u013cas:<\/strong> Vitis vinifera aug\u013cu mizas un s\u0113klu ekstrakts (satur 50% transresveratrolu), sarkano burk\u0101nu sulas pulveris, glaz\u0113jo\u0161a viela hidroksipropilmetilceluloze, gran\u0101t\u0101bolu sulas pulveris, L-selenometion\u012bns, kvercet\u012bna dihidr\u0101ts no Jap\u0101nas c\u012brul\u012b\u0161a (Sophora japonica) ziedpumpuriem.<\/p>","protected":false},"excerpt":{"rendered":"<p>\"Zenyth uztura bag\u0101tin\u0101t\u0101js - resveratrols ar sel\u0113nu.<\/p>\n<p>Sel\u0113ns pal\u012bdz uztur\u0113t norm\u0101lu matu un nagu st\u0101vokli, im\u016bnsist\u0113mas darb\u012bbu, vairogdziedzera darb\u012bbu un spermato\u0123en\u0113zi. Pal\u012bdz aizsarg\u0101t \u0161\u016bnas no oksidat\u012bviem boj\u0101jumiem.<br \/>\n\u012astie v\u012bnogul\u0101ji pal\u012bdz uztur\u0113t norm\u0101lu sirds darb\u012bbu.<br \/>\nSvar\u012bgs ir daudzveid\u012bgs un sabalans\u0113ts uzturs un vesel\u012bgs dz\u012bvesveids.<\/p>\n<p>Bez lipek\u013ca, bez sojas, bez laktozes, bez magnija stear\u0101ta un bez saldin\u0101t\u0101jiem. Piem\u0113rots veg\u0101niem.<\/p>\n<p>Ieteicams lietot: 1-2 kapsulas dien\u0101 \u0113\u0161anas laik\u0101.<\/p>","protected":false},"featured_media":8791,"comment_status":"open","ping_status":"closed","template":"","meta":{"_acf_changed":false},"product_brand":[463],"product_cat":[122,251,253,248,255,123,249,256,250,254],"product_tag":[],"class_list":{"0":"post-7789","1":"product","2":"type-product","3":"status-publish","4":"has-post-thumbnail","6":"product_brand-zenyth","7":"product_cat-lasteliu-jaunystei","8":"product_cat-antioksidantai","9":"product_cat-imuniteto-palaikymas","10":"product_cat-nad-ir-mitochondrijos","11":"product_cat-oksidacinio-streso-mazinimas","12":"product_cat-papildai-ilgaamziskumui","13":"product_cat-senolitikai","14":"product_cat-smegenims-ir-atminciai","15":"product_cat-telomeru-ir-dnr-apsauga","16":"product_cat-uzdegimo-mazinimas","18":"first","19":"outofstock","20":"shipping-taxable","21":"purchasable","22":"product-type-simple"},"acf":[],"tiered_pricing_type":"fixed","tiered_pricing_fixed_rules":[],"tiered_pricing_product_settings":{"layout":"default","base_unit_name":{"singular":null,"plural":null},"default_variation":null},"tiered_pricing_minimum_quantity":null,"tiered_pricing_roles_data":[],"tiered_pricing_percentage_rules":[],"_links":{"self":[{"href":"https:\/\/purama.lt\/lv\/wp-json\/wp\/v2\/product\/7789","targetHints":{"allow":["GET"]}}],"collection":[{"href":"https:\/\/purama.lt\/lv\/wp-json\/wp\/v2\/product"}],"about":[{"href":"https:\/\/purama.lt\/lv\/wp-json\/wp\/v2\/types\/product"}],"replies":[{"embeddable":true,"href":"https:\/\/purama.lt\/lv\/wp-json\/wp\/v2\/comments?post=7789"}],"wp:featuredmedia":[{"embeddable":true,"href":"https:\/\/purama.lt\/lv\/wp-json\/wp\/v2\/media\/8791"}],"wp:attachment":[{"href":"https:\/\/purama.lt\/lv\/wp-json\/wp\/v2\/media?parent=7789"}],"wp:term":[{"taxonomy":"product_brand","embeddable":true,"href":"https:\/\/purama.lt\/lv\/wp-json\/wp\/v2\/product_brand?post=7789"},{"taxonomy":"product_cat","embeddable":true,"href":"https:\/\/purama.lt\/lv\/wp-json\/wp\/v2\/product_cat?post=7789"},{"taxonomy":"product_tag","embeddable":true,"href":"https:\/\/purama.lt\/lv\/wp-json\/wp\/v2\/product_tag?post=7789"}],"curies":[{"name":"wp","href":"https:\/\/api.w.org\/{rel}","templated":true}]}}