{"id":7785,"date":"2024-12-04T14:36:44","date_gmt":"2024-12-04T14:36:44","guid":{"rendered":"https:\/\/purama.lt\/product\/maisto-papildas-cinkas-cytoplan-wholefood-zinc\/"},"modified":"2026-03-19T16:19:35","modified_gmt":"2026-03-19T14:19:35","slug":"partikas-papildinajums-cinks-cytoplan-pilnvertiga-partika-cinks","status":"publish","type":"product","link":"https:\/\/purama.lt\/lv\/produktas\/maisto-papildas-cinkas-cytoplan-wholefood-zinc\/","title":{"rendered":"Uztura bag\u0101tin\u0101t\u0101js CYTOPLAN pilnv\u0113rt\u012bga p\u0101rtika Cink"},"content":{"rendered":"<p><strong>Sast\u0101vda\u013cas:<\/strong> hidroponiski audz\u0113tas k\u0101postaugu Brassica juncea lapas, kapsulas apvalks (augu celuloze).<\/p>\n<p>1 kapsula satur 7,5 mg cinka (no saflora lap\u0101m) (75% RMV). RMV - atsauces uzturv\u0113rt\u012bba.<\/p>\n<p><strong>Br\u012bdin\u0101jumi:<\/strong> Nep\u0101rsniedziet ieteicamo devu. Uztura bag\u0101tin\u0101t\u0101ju nedr\u012bkst lietot k\u0101 p\u0101rtikas aizst\u0101j\u0113ju. Uzglab\u0101t b\u0113rniem nepieejam\u0101 viet\u0101. Nesald\u0113t.<br \/>\nNelietojiet uztura bag\u0101tin\u0101t\u0101ju, ja aizsargpl\u0101ksn\u012bte uz iepakojuma ir boj\u0101ta vai t\u0101s nav.<\/p>\n<p><strong>Neto daudzums:<\/strong> 450 mg (60 kapsulas pa 7,5 mg).\u00a0<strong>Iepakojums bez plastmasas!<\/strong>\u00a0Pudele ir izgatavota no cukurniedru \u0161\u0137iedras.<\/p>","protected":false},"excerpt":{"rendered":"<p><strong>\"Cytoplan uztura bag\u0101tin\u0101t\u0101js<\/strong> - augu cinku no hidroponiski audz\u0113tu k\u0101postaugu sarept\u012bna lap\u0101m (lat.\u00a0<em>Brassica juncea<\/em>). Viena kapsula satur 7,5 mg cinka (100% RMV - atsauces uzturv\u0113rt\u012bba).<\/p>\n<p><strong>Cinks<\/strong>\u00a0pal\u012bdz uztur\u0113t norm\u0101lu im\u016bnsist\u0113mas darb\u012bbu, pal\u012bdz aizsarg\u0101t \u0161\u016bnas no oksidat\u012bviem boj\u0101jumiem, pal\u012bdz saglab\u0101t norm\u0101lu redzi. Cinks pal\u012bdz ar\u012b uztur\u0113t norm\u0101lu sk\u0101bes un b\u0101zu vielmai\u0146u, og\u013chidr\u0101tu vielmai\u0146u, kognit\u012bvo funkciju, DNS sint\u0113zi, augl\u012bbu un reprodukt\u012bvo funkciju, bar\u012bbas makroelementu vielmai\u0146u, tauksk\u0101bju vielmai\u0146u, A vitam\u012bna vielmai\u0146u, olbaltumvielu sint\u0113zi, kaulu, nagu, \u0101das un matu vesel\u012bbu, k\u0101 ar\u012b testosterona l\u012bmeni asin\u012bs. Piedal\u0101s \u0161\u016bnu dal\u012b\u0161an\u0101s proces\u0101. Svar\u012bgs ir daudzveid\u012bgs un sabalans\u0113ts uzturs un vesel\u012bgs dz\u012bvesveids.<\/p>\n<p>Nesatur glut\u0113nu, kvie\u0161us, soju, piena produktus, m\u0101ksl\u012bg\u0101s gar\u0161as un kr\u0101svielas. Piem\u0113rots ve\u0123et\u0101rie\u0161iem un veg\u0101niem.<\/p>\n<p><strong>Pat\u0113ri\u0146\u0161:<\/strong> Ieteicams lietot 1-2 kapsulas dien\u0101. Ar 60 kapsul\u0101m pietiek 30-60 dienu kursam.<\/p>","protected":false},"featured_media":8786,"comment_status":"open","ping_status":"closed","template":"","meta":{"_acf_changed":false},"product_brand":[],"product_cat":[252,253,273,255,500,123,254],"product_tag":[],"class_list":{"0":"post-7785","1":"product","2":"type-product","3":"status-publish","4":"has-post-thumbnail","6":"product_cat-imunitetui","7":"product_cat-imuniteto-palaikymas","8":"product_cat-odai-plaukams-nagams","9":"product_cat-oksidacinio-streso-mazinimas","10":"product_cat-outlet","11":"product_cat-papildai-ilgaamziskumui","12":"product_cat-uzdegimo-mazinimas","14":"first","15":"instock","16":"sale","17":"shipping-taxable","18":"purchasable","19":"product-type-simple"},"acf":[],"tiered_pricing_type":"fixed","tiered_pricing_fixed_rules":[],"tiered_pricing_product_settings":{"layout":"default","base_unit_name":{"singular":null,"plural":null},"default_variation":null},"tiered_pricing_minimum_quantity":null,"tiered_pricing_roles_data":[],"tiered_pricing_percentage_rules":[],"_links":{"self":[{"href":"https:\/\/purama.lt\/lv\/wp-json\/wp\/v2\/product\/7785","targetHints":{"allow":["GET"]}}],"collection":[{"href":"https:\/\/purama.lt\/lv\/wp-json\/wp\/v2\/product"}],"about":[{"href":"https:\/\/purama.lt\/lv\/wp-json\/wp\/v2\/types\/product"}],"replies":[{"embeddable":true,"href":"https:\/\/purama.lt\/lv\/wp-json\/wp\/v2\/comments?post=7785"}],"wp:featuredmedia":[{"embeddable":true,"href":"https:\/\/purama.lt\/lv\/wp-json\/wp\/v2\/media\/8786"}],"wp:attachment":[{"href":"https:\/\/purama.lt\/lv\/wp-json\/wp\/v2\/media?parent=7785"}],"wp:term":[{"taxonomy":"product_brand","embeddable":true,"href":"https:\/\/purama.lt\/lv\/wp-json\/wp\/v2\/product_brand?post=7785"},{"taxonomy":"product_cat","embeddable":true,"href":"https:\/\/purama.lt\/lv\/wp-json\/wp\/v2\/product_cat?post=7785"},{"taxonomy":"product_tag","embeddable":true,"href":"https:\/\/purama.lt\/lv\/wp-json\/wp\/v2\/product_tag?post=7785"}],"curies":[{"name":"wp","href":"https:\/\/api.w.org\/{rel}","templated":true}]}}