{"id":7779,"date":"2024-12-04T14:36:40","date_gmt":"2024-12-04T14:36:40","guid":{"rendered":"https:\/\/purama.lt\/product\/maisto-papildas-kurkuminas-ir-piperinas-zenyth\/"},"modified":"2026-04-14T14:13:10","modified_gmt":"2026-04-14T12:13:10","slug":"uztura-bagatinatajs-kurkumins-un-piperins-zenyth","status":"publish","type":"product","link":"https:\/\/purama.lt\/lv\/produktas\/maisto-papildas-kurkuminas-ir-piperinas-zenyth\/","title":{"rendered":"P\u0101rtikas papildin\u0101jums kurkum\u012bns un piper\u012bns ZENYTH"},"content":{"rendered":"<p><strong>Sast\u0101vda\u013cas:<\/strong> Kurkuma (Curcuma longa) saknes ekstrakts (satur 95 % kurkumino\u012bdu), glaz\u0113jo\u0161a viela hidroksipropilmetilceluloze, r\u012bsu milti, standartiz\u0113ts melno piparu (Piper nigrum) ekstrakts (satur vismaz 95% peper\u012bna).<\/p>\n<p><strong>1 kapsula \/ 2 kapsulas satur:<\/strong> kurkuma (Curcuma longa) saknes ekstrakts 500 mg\/1000 mg (satur 475 mg\/950 mg kurkumino\u012bdu), standartiz\u0113ts melno piparu (Piper nigrum) ekstrakts 5 mg\/10 mg (satur vismaz 4,75 mg\/9,5 mg peper\u012bna).<\/p>\n<p><strong>Br\u012bdin\u0101jumi:<\/strong> nep\u0101rsniegt ieteikto devu. Uztura bag\u0101tin\u0101t\u0101ju nedr\u012bkst lietot k\u0101 p\u0101rtikas aizst\u0101j\u0113ju. Uzglab\u0101t b\u0113rniem nepieejam\u0101 viet\u0101. Antikoagulantiem, pretkoagulanta vai pretiekaisuma l\u012bdzek\u013ciem var b\u016bt pastiprin\u0101ta iedarb\u012bba, ja tos lieto kop\u0101 ar \u0161o produktu. Nav ieteicams lietot gr\u016btniec\u0113m un sieviet\u0113m, kas baro b\u0113rnu ar kr\u016bti. Person\u0101m ar aknu darb\u012bbas trauc\u0113jumiem, \u017eultsakme\u0146u litiazi vai ku\u0146\u0123a un zarnu trakta darb\u012bbas trauc\u0113jumiem pirms \u0161\u012b produkta lieto\u0161anas j\u0101konsult\u0113jas ar \u0101rstu.<\/p>\n<p><strong>Neto daudzums:<\/strong> 19,86 g (30 kapsulas, 662 mg).<\/p>\n<p>&nbsp;<\/p>\n<p>&nbsp;<\/p>","protected":false},"excerpt":{"rendered":"<p><strong>\"Zenyth uztura bag\u0101tin\u0101t\u0101js CURCUMIN &amp; PIPERINE<\/strong>. Atkl\u0101jiet dabas sp\u0113ku ar <strong>ZENYTH kurkum\u012bns un piper\u012bns<\/strong>! \u0160is uztura bag\u0101tin\u0101t\u0101js ir sp\u0113c\u012bgs antioksidantu avots, kas pal\u012bdz uztur\u0113t imunit\u0101ti, mazina iekaisumus un veicina gremo\u0161anu. Kurkum\u012bns un piper\u012bns efekt\u012bv\u0101k sadarbojas, lai nodro\u0161in\u0101tu, ka J\u016bsu organisms sa\u0146em visu \u0161o sast\u0101vda\u013cu sniegto labumu. Dabisks atbalsts J\u016bsu vesel\u012bbai un vitalit\u0101tei katru dienu!<\/p>\n<p>Bez laktozes, bez glut\u0113na, bez sojas, tauksk\u0101bju magnija s\u0101\u013ciem, saldin\u0101t\u0101jiem. Piem\u0113rots ve\u0123et\u0101rie\u0161iem un veg\u0101niem.<\/p>\n<p><strong>Pat\u0113ri\u0146\u0161:<\/strong> 1-2 kapsulas 2 reizes dien\u0101 \u0113\u0161anas laik\u0101. Lietojiet \u0161o produktu 2 stundas pirms vai p\u0113c z\u0101\u013cu lieto\u0161anas.<\/p>\n<p><strong>Br\u012bdin\u0101jumi:<\/strong> nep\u0101rsniegt ieteikto devu. Uztura bag\u0101tin\u0101t\u0101ju nedr\u012bkst lietot k\u0101 p\u0101rtikas aizst\u0101j\u0113ju. Uzglab\u0101t b\u0113rniem nepieejam\u0101 viet\u0101. Antikoagulantiem, pretkoagulanta vai pretiekaisuma l\u012bdzek\u013ciem var b\u016bt pastiprin\u0101ta iedarb\u012bba, ja tos lieto kop\u0101 ar \u0161o produktu. Nav ieteicams lietot gr\u016btniec\u0113m un sieviet\u0113m, kas baro b\u0113rnu ar kr\u016bti. Person\u0101m ar aknu darb\u012bbas trauc\u0113jumiem, \u017eultsakme\u0146u litiazi vai ku\u0146\u0123a un zarnu trakta darb\u012bbas trauc\u0113jumiem pirms \u0161\u012b produkta lieto\u0161anas j\u0101konsult\u0113jas ar \u0101rstu.<\/p>","protected":false},"featured_media":8788,"comment_status":"open","ping_status":"closed","template":"","meta":{"_acf_changed":false},"product_brand":[463],"product_cat":[253,251,252,279,280,122,255,500,123,254],"product_tag":[],"class_list":{"0":"post-7779","1":"product","2":"type-product","3":"status-publish","4":"has-post-thumbnail","6":"product_brand-zenyth","7":"product_cat-imuniteto-palaikymas","8":"product_cat-antioksidantai","9":"product_cat-imunitetui","10":"product_cat-kaulams-ir-sanariams","11":"product_cat-kaulu-stiprinimas","12":"product_cat-lasteliu-jaunystei","13":"product_cat-oksidacinio-streso-mazinimas","14":"product_cat-outlet","15":"product_cat-papildai-ilgaamziskumui","16":"product_cat-uzdegimo-mazinimas","18":"first","19":"instock","20":"sale","21":"shipping-taxable","22":"purchasable","23":"product-type-simple"},"acf":[],"tiered_pricing_type":"fixed","tiered_pricing_fixed_rules":[],"tiered_pricing_product_settings":{"layout":"default","base_unit_name":{"singular":null,"plural":null},"default_variation":null},"tiered_pricing_minimum_quantity":null,"tiered_pricing_roles_data":[],"tiered_pricing_percentage_rules":[],"_links":{"self":[{"href":"https:\/\/purama.lt\/lv\/wp-json\/wp\/v2\/product\/7779","targetHints":{"allow":["GET"]}}],"collection":[{"href":"https:\/\/purama.lt\/lv\/wp-json\/wp\/v2\/product"}],"about":[{"href":"https:\/\/purama.lt\/lv\/wp-json\/wp\/v2\/types\/product"}],"replies":[{"embeddable":true,"href":"https:\/\/purama.lt\/lv\/wp-json\/wp\/v2\/comments?post=7779"}],"wp:featuredmedia":[{"embeddable":true,"href":"https:\/\/purama.lt\/lv\/wp-json\/wp\/v2\/media\/8788"}],"wp:attachment":[{"href":"https:\/\/purama.lt\/lv\/wp-json\/wp\/v2\/media?parent=7779"}],"wp:term":[{"taxonomy":"product_brand","embeddable":true,"href":"https:\/\/purama.lt\/lv\/wp-json\/wp\/v2\/product_brand?post=7779"},{"taxonomy":"product_cat","embeddable":true,"href":"https:\/\/purama.lt\/lv\/wp-json\/wp\/v2\/product_cat?post=7779"},{"taxonomy":"product_tag","embeddable":true,"href":"https:\/\/purama.lt\/lv\/wp-json\/wp\/v2\/product_tag?post=7779"}],"curies":[{"name":"wp","href":"https:\/\/api.w.org\/{rel}","templated":true}]}}