{"id":7274,"date":"2024-11-26T09:14:57","date_gmt":"2024-11-26T09:14:57","guid":{"rendered":"https:\/\/purama.lt\/?post_type=product&#038;p=7274"},"modified":"2026-04-10T13:03:23","modified_gmt":"2026-04-10T11:03:23","slug":"nacific-hialurona-pastiprinatajs-toneris","status":"publish","type":"product","link":"https:\/\/purama.lt\/lv\/produktas\/nacific-hyaluron-booster-toneris\/","title":{"rendered":"NACIFIC Hyaluron Booster toniks"},"content":{"rendered":"<p><strong>K\u0101 lietot?<\/strong><\/p>\n<ol>\n<li>Samitriniet vates spilventi\u0146u ar toniku un maigi not\u012briet t\u012bru sejas un kakla \u0101du, izvairoties no acu un mutes zonas.<\/li>\n<li>Maigi nogl\u0101stiet \u0101du, lai pal\u012bdz\u0113tu tonikam lab\u0101k ies\u016bkties.<\/li>\n<\/ol>\n<p><strong>Sast\u0101vda\u013cas: <\/strong>Hialuronsk\u0101be, niac\u012bnam\u012bds, glicer\u012bns, beta\u012bns, pantenols, asiatisk\u0101s centellas ekstrakts, za\u013c\u0101s t\u0113jas ekstrakts, alvejas ekstrakts, alanto\u012bns, argin\u012bns, butil\u0113nglikols, 1,2-heks\u0101ndiols, etilheksilglicer\u012bns.<\/p>","protected":false},"excerpt":{"rendered":"<p><strong>NACIFIC hialurona pastiprin\u0101t\u0101js toniks<\/strong> ir mitrino\u0161s toniks, kas \u012bpa\u0161i izstr\u0101d\u0101ts, lai sagatavotu \u0101du turpm\u0101kai kop\u0161anai un nodro\u0161in\u0101tu intens\u012bvu mitrin\u0101\u0161anu. Bag\u0101tin\u0101ts ar hialuronsk\u0101bi un cit\u0101m barojo\u0161\u0101m sast\u0101vda\u013c\u0101m, \u0161is toniks pal\u012bdz atjaunot un l\u012bdzsvarot \u0101du, padarot to vesel\u012bgu un maigu.<\/p>","protected":false},"featured_media":9287,"comment_status":"closed","ping_status":"closed","template":"","meta":{"_acf_changed":false},"product_brand":[440],"product_cat":[59,56],"product_tag":[],"class_list":{"0":"post-7274","1":"product","2":"type-product","3":"status-publish","4":"has-post-thumbnail","6":"product_brand-nacific","7":"product_cat-veidui","8":"product_cat-veido-serumai","10":"first","11":"outofstock","12":"shipping-taxable","13":"purchasable","14":"product-type-simple"},"acf":[],"tiered_pricing_type":"fixed","tiered_pricing_fixed_rules":[],"tiered_pricing_product_settings":{"layout":"default","base_unit_name":{"singular":null,"plural":null},"default_variation":null},"tiered_pricing_minimum_quantity":null,"tiered_pricing_roles_data":[],"tiered_pricing_percentage_rules":[],"_links":{"self":[{"href":"https:\/\/purama.lt\/lv\/wp-json\/wp\/v2\/product\/7274","targetHints":{"allow":["GET"]}}],"collection":[{"href":"https:\/\/purama.lt\/lv\/wp-json\/wp\/v2\/product"}],"about":[{"href":"https:\/\/purama.lt\/lv\/wp-json\/wp\/v2\/types\/product"}],"replies":[{"embeddable":true,"href":"https:\/\/purama.lt\/lv\/wp-json\/wp\/v2\/comments?post=7274"}],"wp:featuredmedia":[{"embeddable":true,"href":"https:\/\/purama.lt\/lv\/wp-json\/wp\/v2\/media\/9287"}],"wp:attachment":[{"href":"https:\/\/purama.lt\/lv\/wp-json\/wp\/v2\/media?parent=7274"}],"wp:term":[{"taxonomy":"product_brand","embeddable":true,"href":"https:\/\/purama.lt\/lv\/wp-json\/wp\/v2\/product_brand?post=7274"},{"taxonomy":"product_cat","embeddable":true,"href":"https:\/\/purama.lt\/lv\/wp-json\/wp\/v2\/product_cat?post=7274"},{"taxonomy":"product_tag","embeddable":true,"href":"https:\/\/purama.lt\/lv\/wp-json\/wp\/v2\/product_tag?post=7274"}],"curies":[{"name":"wp","href":"https:\/\/api.w.org\/{rel}","templated":true}]}}