{"id":7273,"date":"2024-11-26T09:14:57","date_gmt":"2024-11-26T09:14:57","guid":{"rendered":"https:\/\/purama.lt\/?post_type=product&#038;p=7273"},"modified":"2026-04-10T13:03:23","modified_gmt":"2026-04-10T11:03:23","slug":"nacific-hialurona-pastiprinatajs-ampulu-serums","status":"publish","type":"product","link":"https:\/\/purama.lt\/lv\/produktas\/nacific-hyaluron-booster-ampoule-serumas\/","title":{"rendered":"NACIFIC Hyaluron Booster ampulu serums"},"content":{"rendered":"<p><b>K\u0101 lietot?<\/b><\/p>\n<ol>\n<li>Maigi iemas\u0113jiet 1-2 pilienus seruma uz t\u012bras, att\u012br\u012btas un toniz\u0113tas sejas un kakla \u0101das.<\/li>\n<li>Lai pan\u0101ktu liel\u0101ku efektu, serumu var uzkl\u0101t 2-3 reizes.<\/li>\n<\/ol>\n<p><strong>Sast\u0101vda\u013cas:<\/strong> Hialuronsk\u0101be, niac\u012bnam\u012bds, glicer\u012bns, beta\u012bns, pantenols, asiatisk\u0101s centellas ekstrakts, za\u013c\u0101s t\u0113jas ekstrakts, alvejas ekstrakts, alanto\u012bns, argin\u012bns, butil\u0113nglikols, 1,2-heks\u0101ndiols, etilheksilglicer\u012bns.<\/p>","protected":false},"excerpt":{"rendered":"<p><strong>NACIFIC hialurona pastiprin\u0101t\u0101ja ampulas<\/strong> ir intens\u012bvi mitrino\u0161s serums, kas nodro\u0161ina dzi\u013cu \u0101das mitrin\u0101\u0161anu un baro\u0161anu. Ar hialuronsk\u0101bi un cit\u0101m efekt\u012bv\u0101m sast\u0101vda\u013c\u0101m bag\u0101tin\u0101tais l\u012bdzeklis pal\u012bdz saglab\u0101t \u0101das elast\u012bbu, gludumu un mirdzumu. Serums \u0101tri ies\u016bcas \u0101d\u0101, padarot to svaigu un atjaunotu.<\/p>","protected":false},"featured_media":9286,"comment_status":"closed","ping_status":"closed","template":"","meta":{"_acf_changed":false},"product_brand":[440],"product_cat":[59,56],"product_tag":[],"class_list":{"0":"post-7273","1":"product","2":"type-product","3":"status-publish","4":"has-post-thumbnail","6":"product_brand-nacific","7":"product_cat-veidui","8":"product_cat-veido-serumai","10":"first","11":"outofstock","12":"shipping-taxable","13":"purchasable","14":"product-type-simple"},"acf":[],"tiered_pricing_type":"fixed","tiered_pricing_fixed_rules":[],"tiered_pricing_product_settings":{"layout":"default","base_unit_name":{"singular":null,"plural":null},"default_variation":null},"tiered_pricing_minimum_quantity":null,"tiered_pricing_roles_data":[],"tiered_pricing_percentage_rules":[],"_links":{"self":[{"href":"https:\/\/purama.lt\/lv\/wp-json\/wp\/v2\/product\/7273","targetHints":{"allow":["GET"]}}],"collection":[{"href":"https:\/\/purama.lt\/lv\/wp-json\/wp\/v2\/product"}],"about":[{"href":"https:\/\/purama.lt\/lv\/wp-json\/wp\/v2\/types\/product"}],"replies":[{"embeddable":true,"href":"https:\/\/purama.lt\/lv\/wp-json\/wp\/v2\/comments?post=7273"}],"wp:featuredmedia":[{"embeddable":true,"href":"https:\/\/purama.lt\/lv\/wp-json\/wp\/v2\/media\/9286"}],"wp:attachment":[{"href":"https:\/\/purama.lt\/lv\/wp-json\/wp\/v2\/media?parent=7273"}],"wp:term":[{"taxonomy":"product_brand","embeddable":true,"href":"https:\/\/purama.lt\/lv\/wp-json\/wp\/v2\/product_brand?post=7273"},{"taxonomy":"product_cat","embeddable":true,"href":"https:\/\/purama.lt\/lv\/wp-json\/wp\/v2\/product_cat?post=7273"},{"taxonomy":"product_tag","embeddable":true,"href":"https:\/\/purama.lt\/lv\/wp-json\/wp\/v2\/product_tag?post=7273"}],"curies":[{"name":"wp","href":"https:\/\/api.w.org\/{rel}","templated":true}]}}