{"id":7271,"date":"2024-11-26T09:14:57","date_gmt":"2024-11-26T09:14:57","guid":{"rendered":"https:\/\/purama.lt\/?post_type=product&#038;p=7271"},"modified":"2026-04-10T13:03:23","modified_gmt":"2026-04-10T11:03:23","slug":"nacific-hialurona-pastiprinataja-sejas-kopums","status":"publish","type":"product","link":"https:\/\/purama.lt\/lv\/produktas\/nacific-hyaluron-booster-veido-priemoniu-rinkinys\/","title":{"rendered":"NACIFIC Hyaluron Booster sejas kopums"},"content":{"rendered":"<p><b>Komplekt\u0101 ietilpst:<\/b><\/p>\n<ul>\n<li>Hyal Booster toniks 150 ml<\/li>\n<li>Hyal Booster Ampula 50 ml<\/li>\n<li>Hyal Booster kr\u0113ms 50 g<\/li>\n<\/ul>\n<p>\u0160is komplekts pal\u012bdz\u0113s jums izveidot ikdienas \u0101das kop\u0161anas re\u017e\u012bmu \u012bpa\u0161i sausai un dehidr\u0113tai \u0101dai!<\/p>\n<p><b>Toneris Hyal Booster Toneris<\/b><\/p>\n<p>Daudzfunkcion\u0101lais toniks sausai \u0101dai lieliski toniz\u0113 un atjauno \u0101das pH. T\u0101 sast\u0101v\u0101 ir maigi p\u012blingojo\u0161s balt\u0101 v\u012btolu ekstrakts, \u0101du m\u012bkstino\u0161s nimfas koka lapu un ziedu ekstrakts, maigs un gluds bambusa \u016bdens un dzi\u013ci mitrino\u0161a hialuronsk\u0101be. Tonikam ir \u0101dai draudz\u012bgs pH (5,5). Piem\u0113rots pat jut\u012bg\u0101kai \u0101dai.<\/p>\n<p><b>K\u0101 lietot?<\/b><\/p>\n<ol>\n<li>Samitriniet vates spilventi\u0146u ar toniku un maigi not\u012briet t\u012bru sejas un kakla \u0101du, izvairoties no acu un mutes zonas.<\/li>\n<li>Maigi nogl\u0101stiet \u0101du, lai pal\u012bdz\u0113tu tonikam lab\u0101k ies\u016bkties.<\/li>\n<\/ol>\n<p><b>Serums Hyal Booster Ampoule\u00a0<\/b><\/p>\n<p>M\u012bkstino\u0161s, mitrino\u0161s un atjaunojo\u0161s serums sausai \u0101dai ar tr\u012bs veidu hialuronsk\u0101bi (zemas, vid\u0113jas un augstas molekulmasas) un Jeriho rozi. \u0100dai draudz\u012bgais pH (5,5) ir piem\u0113rots pat jut\u012bg\u0101kai \u0101dai. Nimbamedija lapu un ziedu ekstrakts m\u012bkstina \u0101du, balto v\u012btolu mizas sast\u0101v\u0101 eso\u0161ais salic\u012bns (BHA) no\u0146em atmiru\u0161\u0101s \u0101das \u0161\u016bnas, bet bambusa \u016bdens padara \u0101du maigu un gludu.<\/p>\n<p><b>K\u0101 lietot?<\/b><\/p>\n<ol>\n<li>Maigi iemas\u0113jiet 1-2 pilienus seruma uz t\u012bras, att\u012br\u012btas un toniz\u0113tas sejas un kakla \u0101das.<\/li>\n<li>Lai pan\u0101ktu liel\u0101ku efektu, serumu var uzkl\u0101t 2-3 reizes.<\/li>\n<\/ol>\n<p><b>Hyal Booster kr\u0113ms<\/b><\/p>\n<p>Maiga, kr\u0113m\u012bga formula sausai \u0101dai ir bag\u0101tin\u0101ta ar \u0101du saudz\u0113jo\u0161\u0101m sast\u0101vda\u013c\u0101m: dzi\u013ci mitrino\u0161u hialuronsk\u0101bi, \u0101du m\u012bkstino\u0161u nimfas koka lapu un ziedu ekstraktu, maigi eksfoli\u0113jo\u0161u balt\u0101 v\u012btolu ekstraktu un maigu un gludu bambusa \u016bdeni. \u0100dai draudz\u012bgais pH (5,5) ir piem\u0113rots pat jut\u012bg\u0101kai \u0101dai.<\/p>\n<p><b>K\u0101 lietot?<\/b><\/p>\n<ol>\n<li>Uzkl\u0101jiet kr\u0113mu uz t\u012bras un toniz\u0113tas \u0101das k\u0101 p\u0113d\u0113jo \u0101das kop\u0161anas soli.<\/li>\n<li>Nelielu kr\u0113ma daudzumu vienm\u0113r\u012bgi uzkl\u0101jiet uz \u0101das un ar ap\u013cveida kust\u012bb\u0101m iemas\u0113jiet to sej\u0101 un kakl\u0101, l\u012bdz kr\u0113ms piln\u012bb\u0101 ies\u016bcas. Izvairieties no acu un l\u016bpu zonas.<\/li>\n<\/ol>\n<p><strong>Sast\u0101vda\u013cas:<\/strong> Hialuronsk\u0101be, niac\u012bnam\u012bds, glicer\u012bns, beta\u012bns, pantenols, asiatisk\u0101s centellas ekstrakts, za\u013c\u0101s t\u0113jas ekstrakts, alvejas ekstrakts, alanto\u012bns, argin\u012bns, butil\u0113nglikols, 1,2-heks\u0101ndiols, etilheksilglicer\u012bns.<\/p>","protected":false},"excerpt":{"rendered":"<p><strong>NACIFIC hialurona pastiprin\u0101t\u0101js Triple<\/strong> Komplekts ir \u012bpa\u0161i izstr\u0101d\u0101ts, lai intens\u012bvi mitrin\u0101tu un atjaunotu \u0101du. \u0160is komplekts, kas bag\u0101tin\u0101ts ar hialuronsk\u0101bi un cit\u0101m mitrino\u0161\u0101m sast\u0101vda\u013c\u0101m, pal\u012bdz saglab\u0101t \u0101das elast\u012bbu, gludumu un vesel\u012bgu izskatu.<\/p>","protected":false},"featured_media":9288,"comment_status":"closed","ping_status":"closed","template":"","meta":{"_acf_changed":false},"product_brand":[440],"product_cat":[92,93,55,56],"product_tag":[],"class_list":{"0":"post-7271","1":"product","2":"type-product","3":"status-publish","4":"has-post-thumbnail","6":"product_brand-nacific","7":"product_cat-groziui","8":"product_cat-rinkiniai","9":"product_cat-veido-kremai","10":"product_cat-veido-serumai","12":"first","13":"outofstock","14":"shipping-taxable","15":"purchasable","16":"product-type-simple"},"acf":[],"tiered_pricing_type":"fixed","tiered_pricing_fixed_rules":[],"tiered_pricing_product_settings":{"layout":"default","base_unit_name":{"singular":null,"plural":null},"default_variation":null},"tiered_pricing_minimum_quantity":null,"tiered_pricing_roles_data":[],"tiered_pricing_percentage_rules":[],"_links":{"self":[{"href":"https:\/\/purama.lt\/lv\/wp-json\/wp\/v2\/product\/7271","targetHints":{"allow":["GET"]}}],"collection":[{"href":"https:\/\/purama.lt\/lv\/wp-json\/wp\/v2\/product"}],"about":[{"href":"https:\/\/purama.lt\/lv\/wp-json\/wp\/v2\/types\/product"}],"replies":[{"embeddable":true,"href":"https:\/\/purama.lt\/lv\/wp-json\/wp\/v2\/comments?post=7271"}],"wp:featuredmedia":[{"embeddable":true,"href":"https:\/\/purama.lt\/lv\/wp-json\/wp\/v2\/media\/9288"}],"wp:attachment":[{"href":"https:\/\/purama.lt\/lv\/wp-json\/wp\/v2\/media?parent=7271"}],"wp:term":[{"taxonomy":"product_brand","embeddable":true,"href":"https:\/\/purama.lt\/lv\/wp-json\/wp\/v2\/product_brand?post=7271"},{"taxonomy":"product_cat","embeddable":true,"href":"https:\/\/purama.lt\/lv\/wp-json\/wp\/v2\/product_cat?post=7271"},{"taxonomy":"product_tag","embeddable":true,"href":"https:\/\/purama.lt\/lv\/wp-json\/wp\/v2\/product_tag?post=7271"}],"curies":[{"name":"wp","href":"https:\/\/api.w.org\/{rel}","templated":true}]}}