{"id":7270,"date":"2024-11-26T09:14:57","date_gmt":"2024-11-26T09:14:57","guid":{"rendered":"https:\/\/purama.lt\/?post_type=product&#038;p=7270"},"modified":"2026-04-10T13:03:23","modified_gmt":"2026-04-10T11:03:23","slug":"nacific-adas-balinasanas-komplekts","status":"publish","type":"product","link":"https:\/\/purama.lt\/lv\/produktas\/nacific-oda-sviesinanciu-priemoniu-rinkinys\/","title":{"rendered":"NACIFIC \u0101das izgaismo\u0161anas komplekts"},"content":{"rendered":"<p><b>Komplekt\u0101 ietilpst:<\/b><\/p>\n<ul>\n<li>Phyto niac\u012bns toniks, 30 ml<\/li>\n<li>Phyto Niac\u012bns balino\u0161\u0101 esence, 10 ml<\/li>\n<li>Phyto niac\u012bns, toniz\u0113jo\u0161s toniz\u0113jo\u0161s kr\u0113ms, 20 ml<\/li>\n<li>Fresh EM ziepes, 30 g.<\/li>\n<\/ul>\n<p><b>Phyto niac\u012bns izgaismojo\u0161s toniks<\/b><\/p>\n<p>\u0160is toniks satur \u0101du balino\u0161as sast\u0101vda\u013cas - niac\u012bnam\u012bdu un\u00a0<i>Izgatavots balt\u0101 kr\u0101s\u0101<\/i><i>TM<\/i>\u00a0Komplekss ar \u0100zijas simtk\u0101ji\u0146u, k\u0101 ar\u012b \u0101du balino\u0161u bambusa ekstraktu. Tonikam ir \u016bdens konsistence, kas \u0101tri ies\u016bcas \u0101d\u0101 un pie\u0161\u0137ir tai vesel\u012bgu mirdzumu.<\/p>\n<p><b>K\u0101 lietot?<\/b><\/p>\n<ol>\n<li>Samitriniet vates spilventi\u0146u ar toniku un maigi not\u012briet t\u012bru sejas un kakla \u0101du, izvairoties no acu un mutes zonas.<\/li>\n<li>Maigi nogl\u0101stiet \u0101du, lai pal\u012bdz\u0113tu tonikam lab\u0101k ies\u016bkties.<\/li>\n<\/ol>\n<p><b>Phyto Niac\u012bns balin\u0101\u0161anas esence<\/b><\/p>\n<p>\u0100das balin\u0101\u0161anas efekts \u0161\u012b b\u016bt\u012bba ir saist\u012bts ar sast\u0101vda\u013c\u0101m, ko t\u0101 satur:\u00a0<i>Izgatavots balt\u0101 kr\u0101s\u0101<\/i><i>TM<\/i>\u00a0Komplekss ar azi\u0101tisko centellu un niacinam\u012bdu (5%) un \u0101du balino\u0161u bambusa ekstraktu. \u016adensain\u0101s konsistences esence \u0101tri ies\u016bcas \u0101d\u0101 un pie\u0161\u0137ir tai vesel\u012bgu mirdzumu.<\/p>\n<p><b>K\u0101 lietot?<\/b><\/p>\n<ol>\n<li>Maigi iemas\u0113jiet esenci t\u012br\u0101, att\u012br\u012bt\u0101 un toniz\u0113t\u0101 sejas un kakla \u0101d\u0101.<\/li>\n<li>P\u0113c tam uzkl\u0101jiet mitrino\u0161u vai barojo\u0161u kr\u0113mu.<\/li>\n<\/ol>\n<p><strong>Sast\u0101vda\u013cas:<\/strong> Niacinam\u012bds, hialuronsk\u0101be, glicer\u012bns, beta\u012bns, argin\u012bns, pantenols, za\u013c\u0101s t\u0113jas ekstrakts, alvejas ekstrakts, Centella asiatica ekstrakts, C vitam\u012bns, E vitam\u012bns, butil\u0113nglikols, 1,2-heks\u0101ndiols, etilheksilglicer\u012bns.<\/p>","protected":false},"excerpt":{"rendered":"<p><strong>NACIFIC Fito niac\u012bns Brightening<\/strong> Komplekts ir izstr\u0101d\u0101ts, lai pie\u0161\u0137irtu j\u016bsu \u0101dai mirdzumu, mazin\u0101tu pigment\u0101cijas plankumus un izl\u012bdzin\u0101tu \u0101das toni. Komplekts ir bag\u0101tin\u0101ts ar niacinam\u012bdu un augu ekstraktiem, kas efekt\u012bvi mitrina un izgaismo \u0101du.<\/p>","protected":false},"featured_media":9289,"comment_status":"closed","ping_status":"closed","template":"","meta":{"_acf_changed":false},"product_brand":[440],"product_cat":[59,93],"product_tag":[],"class_list":{"0":"post-7270","1":"product","2":"type-product","3":"status-publish","4":"has-post-thumbnail","6":"product_brand-nacific","7":"product_cat-veidui","8":"product_cat-rinkiniai","10":"first","11":"outofstock","12":"shipping-taxable","13":"purchasable","14":"product-type-simple"},"acf":[],"tiered_pricing_type":"fixed","tiered_pricing_fixed_rules":[],"tiered_pricing_product_settings":{"layout":"default","base_unit_name":{"singular":null,"plural":null},"default_variation":null},"tiered_pricing_minimum_quantity":null,"tiered_pricing_roles_data":[],"tiered_pricing_percentage_rules":[],"_links":{"self":[{"href":"https:\/\/purama.lt\/lv\/wp-json\/wp\/v2\/product\/7270","targetHints":{"allow":["GET"]}}],"collection":[{"href":"https:\/\/purama.lt\/lv\/wp-json\/wp\/v2\/product"}],"about":[{"href":"https:\/\/purama.lt\/lv\/wp-json\/wp\/v2\/types\/product"}],"replies":[{"embeddable":true,"href":"https:\/\/purama.lt\/lv\/wp-json\/wp\/v2\/comments?post=7270"}],"wp:featuredmedia":[{"embeddable":true,"href":"https:\/\/purama.lt\/lv\/wp-json\/wp\/v2\/media\/9289"}],"wp:attachment":[{"href":"https:\/\/purama.lt\/lv\/wp-json\/wp\/v2\/media?parent=7270"}],"wp:term":[{"taxonomy":"product_brand","embeddable":true,"href":"https:\/\/purama.lt\/lv\/wp-json\/wp\/v2\/product_brand?post=7270"},{"taxonomy":"product_cat","embeddable":true,"href":"https:\/\/purama.lt\/lv\/wp-json\/wp\/v2\/product_cat?post=7270"},{"taxonomy":"product_tag","embeddable":true,"href":"https:\/\/purama.lt\/lv\/wp-json\/wp\/v2\/product_tag?post=7270"}],"curies":[{"name":"wp","href":"https:\/\/api.w.org\/{rel}","templated":true}]}}