{"id":7269,"date":"2024-11-26T09:14:57","date_gmt":"2024-11-26T09:14:57","guid":{"rendered":"https:\/\/purama.lt\/?post_type=product&#038;p=7269"},"modified":"2026-04-10T13:03:23","modified_gmt":"2026-04-10T11:03:23","slug":"nacific-herb-origin-sejas-adas-kopsanas-komplekts","status":"publish","type":"product","link":"https:\/\/purama.lt\/lv\/produktas\/nacific-herb-origin-veido-odos-prieziuros-rinkinys\/","title":{"rendered":"NACIFIC Herb Origin sejas kop\u0161anas komplekts"},"content":{"rendered":"<p><strong>Komplekt\u0101 ietilpst:<\/strong><\/p>\n<ul>\n<li>Toniks Fresh Herb Origin Toniks 30 ml<\/li>\n<li>Svaigu gar\u0161augu izcelsmes serums 10 ml<\/li>\n<li>Svaigu gar\u0161augu izcelsmes kr\u0113ms 20 ml<\/li>\n<\/ul>\n<p>\u0160is komplekts pal\u012bdz\u0113s jums izveidot ikdienas \u0101das kop\u0161anas rut\u012bnu!<\/p>\n<p><b>Toniks Svaigu gar\u0161augu izcelsmes toniks<\/b><\/p>\n<p>Daudzfunkcion\u0101ls toniks ar mitrino\u0161u un barojo\u0161u kli\u0146\u0123er\u012b\u0161u ziedu \u016bdeni (82 %) no\u0146em kosm\u0113tikas atlikumus, net\u012brumus un atmiru\u0161\u0101s \u0101das \u0161\u016bnas, savuk\u0101rt unik\u0101ls aminosk\u0101bju un miner\u0101lvielu savienojums\u00a0<i>Sepicalm\u00a0<\/i>nomierina kairin\u0101tu un jut\u012bgu \u0101du.<\/p>\n<p><b>K\u0101 lietot?<\/b><\/p>\n<p>\u0160o mitrino\u0161o daudzfunkcion\u0101lo toniku var izmantot k\u0101 toniku vai mitrino\u0161u l\u012bdzekli.<\/p>\n<ol>\n<li><b>Toniks<\/b>. Samitriniet vates spilventi\u0146u ar toniku un maig\u0101m kust\u012bb\u0101m not\u012briet seju un kaklu ar t\u012bru mazg\u0101\u0161anas l\u012bdzekli.<\/li>\n<li><b>Mitrino\u0161s l\u012bdzeklis<\/b>. T\u012bri nomazg\u0101jiet seju. Pievienojiet 2 pilnas kanni\u0146as tonika 500 ml \u016bdens un labi samaisiet. Mazg\u0101jiet seju vair\u0101kas vai vair\u0101kas reizes, maigi nogludinot \u0101du. Nav nepiecie\u0161ams skalot.<\/li>\n<li>P\u0113c tonika lieto\u0161anas izmantojiet ierastos sejas kop\u0161anas l\u012bdzek\u013cus - kr\u0113mu un esenci.<\/li>\n<\/ol>\n<p><strong>Sast\u0101vda\u013cas:<\/strong> \u016adens (Aqua), Citrus Limon (Lemon) aug\u013cu ekstrakts, Aloe Barbadensis lapu ekstrakts, Chamomilla Recutita (Matricaria) ziedu ekstrakts, Niacinamide, Glicer\u012bns, Tokoferols (E vitam\u012bns), Dab\u012bgi konservanti, Arom\u0101ts.<\/p>\n<p><b>Svaigu gar\u0161augu izcelsmes serums 10 ml<\/b><\/p>\n<p>\u0160is divsl\u0101\u0146u serums ir ieteicams sausai, nov\u0101jin\u0101tai \u0101dai ar boj\u0101tu lip\u012bdu sl\u0101ni. Seruma sast\u0101v\u0101 eso\u0161\u0101 augu e\u013c\u013ca l\u012bdzsvaro \u0101du, alvejas ekstrakts nomierina, bet citrusaug\u013cu e\u013c\u013ca mitrina un atdz\u012bvina \u0101du. Sast\u0101v\u0101 eso\u0161ais 42 % alvejas ekstrakta mitrina un m\u012bkstina \u0101du, savuk\u0101rt seruma e\u013c\u013cas da\u013cu veido moringas, apels\u012bna un citrona mizi\u0146as e\u013c\u013cas, kas stiprina \u0101das aizsargbarjeru.<\/p>\n<p>Seruma akt\u012bv\u0101s sast\u0101vda\u013cas - piparm\u0113tras un citronz\u0101les ekstrakti - maigi p\u012blings no\u0146em atmiru\u0161\u0101s \u0101das \u0161\u016bnas, lieko sebumu un uztur poras t\u012bras, bet \u016bdens lilijas ekstrakts mitrina \u0101du.<\/p>\n<p>Serums neaizsprosto poras un ir piem\u0113rots problem\u0101tiskai \u0101dai.<\/p>\n<p><b>K\u0101 lietot?<\/b><\/p>\n<ol>\n<li>Pirms lieto\u0161anas sakratiet pudel\u012bti, lai samais\u012btu abus seruma sl\u0101\u0146us.<\/li>\n<li>Uzkl\u0101jiet serumu uz t\u012bras, att\u012br\u012btas un toniz\u0113tas \u0101das.<\/li>\n<li>Lai pan\u0101ktu liel\u0101ku efektu, serumu var uzkl\u0101t 2-3 reizes.<\/li>\n<\/ol>\n<p><strong>Sast\u0101vda\u013cas: <\/strong>\u016adens (Aqua), Citrus Limon (Lemon) aug\u013cu ekstrakts, glicer\u012bns, Aloe Barbadensis lapu ekstrakts, niacinam\u012bds, tokoferols (E vitam\u012bns), Hamamelis Virginiana lapu ekstrakts, Chamomilla Recutita (Matricaria) ziedu ekstrakts, adenoz\u012bns, skval\u0101ns, dab\u012bgie konservanti, smar\u017evielas.<\/p>\n<p><b>Svaigu gar\u0161augu izcelsmes kr\u0113ms<\/b><\/p>\n<p>Kr\u0113ms satur l\u012bdz 62 % kumel\u012b\u0161u ekstrakta un unik\u0101lu akt\u012bvo sast\u0101vda\u013cu kombin\u0101ciju.\u00a0<i>-\u00a0<\/i><i>Sepicalm<\/i>\u00a0dzi\u013ci mitrina un m\u012bkstina \u0101du, savuk\u0101rt niacinam\u012bda adonos\u012bds padara \u0101du gai\u0161\u0101ku un pal\u012bdz c\u012bn\u012bties pret grumb\u0101m. Kr\u0113ms viegli ies\u016bcas \u0101d\u0101, neatst\u0101jot nepat\u012bkamu lip\u012bguma saj\u016btu.<\/p>\n<p><b>K\u0101 lietot?<\/b><\/p>\n<ol>\n<li>Uzkl\u0101jiet kr\u0113mu uz t\u012bras un toniz\u0113tas \u0101das k\u0101 p\u0113d\u0113jo \u0101das kop\u0161anas soli.<\/li>\n<li>Nelielu kr\u0113ma daudzumu vienm\u0113r\u012bgi uzkl\u0101jiet uz \u0101das un ar ap\u013cveida kust\u012bb\u0101m iemas\u0113jiet to sej\u0101 un kakl\u0101, l\u012bdz kr\u0113ms piln\u012bb\u0101 ies\u016bcas. Izvairieties no acu un l\u016bpu zonas.<\/li>\n<\/ol>\n<p><strong>Sast\u0101vda\u013cas:<\/strong> Centella asiatica ekstrakts, niacinam\u012bds, hialuronsk\u0101be, glicer\u012bns, pantenols, za\u013c\u0101s t\u0113jas ekstrakts, alvejas ekstrakts, alanto\u012bns, C vitam\u012bns, E vitam\u012bns.<\/p>","protected":false},"excerpt":{"rendered":"<p><strong>NACIFIC Svaigu gar\u0161augu izcelsmes komplekts<\/strong> intens\u012bvai \u0101das mitrin\u0101\u0161anai, baro\u0161anai un atjauno\u0161anai. \u0160is komplekts, kas bag\u0101ts ar dab\u012bgiem ekstraktiem un barojo\u0161\u0101m sast\u0101vda\u013c\u0101m, pal\u012bdz saglab\u0101t \u0101du vesel\u012bgu, starojo\u0161u un jaun\u012bbu. Ide\u0101li piem\u0113rots visiem \u0101das tipiem, \u012bpa\u0161i jut\u012bgai un sausai \u0101dai.<\/p>\n<p>&nbsp;<\/p>\n<p>&nbsp;<\/p>","protected":false},"featured_media":9285,"comment_status":"closed","ping_status":"closed","template":"","meta":{"_acf_changed":false},"product_brand":[440],"product_cat":[92,93,55,56,59],"product_tag":[],"class_list":{"0":"post-7269","1":"product","2":"type-product","3":"status-publish","4":"has-post-thumbnail","6":"product_brand-nacific","7":"product_cat-groziui","8":"product_cat-rinkiniai","9":"product_cat-veido-kremai","10":"product_cat-veido-serumai","11":"product_cat-veidui","13":"first","14":"outofstock","15":"shipping-taxable","16":"purchasable","17":"product-type-simple"},"acf":[],"tiered_pricing_type":"fixed","tiered_pricing_fixed_rules":[],"tiered_pricing_product_settings":{"layout":"default","base_unit_name":{"singular":null,"plural":null},"default_variation":null},"tiered_pricing_minimum_quantity":null,"tiered_pricing_roles_data":[],"tiered_pricing_percentage_rules":[],"_links":{"self":[{"href":"https:\/\/purama.lt\/lv\/wp-json\/wp\/v2\/product\/7269","targetHints":{"allow":["GET"]}}],"collection":[{"href":"https:\/\/purama.lt\/lv\/wp-json\/wp\/v2\/product"}],"about":[{"href":"https:\/\/purama.lt\/lv\/wp-json\/wp\/v2\/types\/product"}],"replies":[{"embeddable":true,"href":"https:\/\/purama.lt\/lv\/wp-json\/wp\/v2\/comments?post=7269"}],"wp:featuredmedia":[{"embeddable":true,"href":"https:\/\/purama.lt\/lv\/wp-json\/wp\/v2\/media\/9285"}],"wp:attachment":[{"href":"https:\/\/purama.lt\/lv\/wp-json\/wp\/v2\/media?parent=7269"}],"wp:term":[{"taxonomy":"product_brand","embeddable":true,"href":"https:\/\/purama.lt\/lv\/wp-json\/wp\/v2\/product_brand?post=7269"},{"taxonomy":"product_cat","embeddable":true,"href":"https:\/\/purama.lt\/lv\/wp-json\/wp\/v2\/product_cat?post=7269"},{"taxonomy":"product_tag","embeddable":true,"href":"https:\/\/purama.lt\/lv\/wp-json\/wp\/v2\/product_tag?post=7269"}],"curies":[{"name":"wp","href":"https:\/\/api.w.org\/{rel}","templated":true}]}}