{"id":7266,"date":"2024-11-26T09:14:57","date_gmt":"2024-11-26T09:14:57","guid":{"rendered":"https:\/\/purama.lt\/?post_type=product&#038;p=7266"},"modified":"2026-04-22T12:24:01","modified_gmt":"2026-04-22T10:24:01","slug":"hayejin-asnu-sejas-kopuma-svetiba","status":"publish","type":"product","link":"https:\/\/purama.lt\/lv\/produktas\/hayejin-blessing-of-sprout-veido-priemoniu-rinkinys\/","title":{"rendered":"HAYEJIN \"D\u012bgstu sv\u0113t\u012bba\" sejas kopums"},"content":{"rendered":"<p>\u0160aj\u0101 komplekt\u0101 ir tr\u012bs b\u016btiski produkti, kas kop\u0101 veido piln\u012bgu sejas kop\u0161anas ritu\u0101lu. L\u016bk, da\u017ei no iemesliem, k\u0101p\u0113c to lietot:<\/p>\n<p><strong>1. Bag\u0101t\u012bgs sast\u0101vs un dab\u012bgas sast\u0101vda\u013cas<\/strong><br \/>\nVisi komplekta produkti ir bag\u0101tin\u0101ti ar dab\u012bgiem augu ekstraktiem, kas paz\u012bstami ar mitrino\u0161\u0101m, barojo\u0161\u0101m un balino\u0161\u0101m \u012bpa\u0161\u012bb\u0101m. Galven\u0101s sast\u0101vda\u013cas ir Centella Asiatica, Madecassoside un r\u012bsu ekstrakti, kas pie\u0161\u0137ir \u0101dai vitalit\u0101ti un vesel\u012bgu mirdzumu.<\/p>\n<p><strong>2. Tr\u012bs posmu uztur\u0113\u0161ana<\/strong><br \/>\nKomplekts sast\u0101v no trim posmiem, kas ietver:<\/p>\n<p><em>T\u012br\u012b\u0161ana:<\/em> Maigs sejas t\u012br\u012b\u0161anas l\u012bdzeklis, kas dzi\u013ci att\u012bra \u0101du, likvid\u0113 net\u012brumus un lieko e\u013c\u013cu, neboj\u0101jot \u0101das dabisko aizsargbarjeru.<br \/>\n<em>Toniz\u0113\u0161ana:<\/em> Att\u012bro\u0161s toniks, kas pal\u012bdz atjaunot \u0101das pH l\u012bmeni, mitrina un sagatavo \u0101du n\u0101kamajam kop\u0161anas posmam.<br \/>\n<em>\u0112dieni:<\/em> Mitrino\u0161s un barojo\u0161s serums vai kr\u0113ms, kas nodro\u0161ina \u0101du ar nepiecie\u0161amaj\u0101m bar\u012bbas viel\u0101m ilgsto\u0161ai mitrin\u0101\u0161anai un vesel\u012bgam mirdzumam.<\/p>\n<p><strong>3. Ap\u016bde\u0146o\u0161ana un baro\u0161ana<\/strong><br \/>\nKomplekt\u0101 iek\u013cautie produkti dzi\u013ci mitrina \u0101du, pal\u012bdzot saglab\u0101t t\u0101s elast\u012bbu un maigumu. Centella Asiatica un Madecassoside sast\u0101vda\u013cas ir paz\u012bstamas ar sav\u0101m nomierino\u0161aj\u0101m un atjaunojo\u0161aj\u0101m \u012bpa\u0161\u012bb\u0101m, padarot \u0101du maigu un gludu.<\/p>\n<p><strong>4. \u0100das atdz\u012bvin\u0101\u0161ana un mirdzums<\/strong><br \/>\nProdukti pal\u012bdz mazin\u0101t noguruma paz\u012bmes, tum\u0161os plankumus un pigment\u0101ciju, pie\u0161\u0137irot sejai dabisku mirdzumu un vienm\u0113r\u012bgu kr\u0101su. Regul\u0101ri lietojot, \u0101da k\u013c\u016bst gai\u0161\u0101ka un dz\u012bv\u012bg\u0101ka.<\/p>\n<p><strong>5. Dabiskais sast\u0101vs<\/strong><br \/>\nProdukti ir izgatavoti no dab\u012bg\u0101m sast\u0101vda\u013c\u0101m un nesatur kait\u012bgas \u0137imik\u0101lijas, t\u0101p\u0113c tie ir dro\u0161i un saudz\u012bgi pret \u0101du. Tas ir \u012bpa\u0161i svar\u012bgi jut\u012bgai \u0101dai, kurai nepiecie\u0161ama \u012bpa\u0161a uzman\u012bba un kop\u0161ana.<\/p>\n<p><strong>6. Lietot\u0101jam draudz\u012bga sist\u0113ma<\/strong><br \/>\nKatrs solis ir r\u016bp\u012bgi p\u0101rdom\u0101ts, lai nodro\u0161in\u0101tu \u0113rtu lieto\u0161anu un efekt\u012bvus rezult\u0101tus. Tas ir lielisks veids, k\u0101 iepaz\u012bstin\u0101t \u0101du ar konsekventu un efekt\u012bvu kop\u0161anas ritu\u0101lu.<br \/>\nLieto\u0161ana:<\/p>\n<p>1. K\u0100RT\u012aBA - Toneris. P\u0113c att\u012br\u012b\u0161anas uzkl\u0101jiet vajadz\u012bgo daudzumu tonika uz sejas un kakla, p\u0113c tam viegli uzs\u016bciet, lai tas ies\u016bcas.<\/p>\n<p>2. K\u0100RTA - Serums. No r\u012bta un vakar\u0101 uzkl\u0101jiet vajadz\u012bgo daudzumu uz iepriek\u0161 att\u012br\u012btas sejas \u0101das un maigi ieberz\u0113jiet to, l\u012bdz tas ies\u016bcas \u0101d\u0101.<\/p>\n<p>3. K\u0100RTA - Sejas kr\u0113ms. Nelielu kr\u0113ma daudzumu vienm\u0113r\u012bgi uzkl\u0101jiet uz att\u012br\u012btas sejas un kakla \u0101das, p\u0113c tam ar maig\u0101m kust\u012bb\u0101m iemas\u0113jiet.<\/p>\n<p><strong>Komplekt\u0101 ietilpst: <\/strong><\/p>\n<p>1 HAYEJIN \"Blessing of Sprout\" balino\u0161s toniks, 120ml.<\/p>\n<p><strong>Sast\u0101vda\u013cas:<\/strong> \u016adens, glicer\u012bns, niac\u012bnam\u012bds, Hamamelis Virginiana lapu ekstrakts, Aloe Barbadensis lapu ekstrakts, Chlorella Vulgaris ekstrakts, Panax Ginseng sak\u0146u ekstrakts, Camellia Sinensis lapu ekstrakts, dab\u012bgi konservanti, smar\u017evielas.<\/p>\n<p>2 HAYEJIN \"D\u012bgstu sv\u0113t\u012bba\" serums, 30ml<\/p>\n<p><strong>Sast\u0101vda\u013cas:<\/strong> \u016adens, propandiols, niacinam\u012bds, Chlorella Vulgaris ekstrakts, Aloe Barbadensis lapu ekstrakts, beta-glik\u0101ns, Camellia Sinensis lapu ekstrakts, Portulaca Oleracea ekstrakts, adenoz\u012bns, glicer\u012bns, pantenols, dab\u012bgie konservanti, smar\u017evielas.<\/p>\n<p>3. solis - HAYEJIN \"Blessing of Sprout\" Vitalit\u0101tes sejas kr\u0113ms, 50ml.<\/p>\n<p><strong>Sast\u0101vda\u013cas:<\/strong>\u016adens (Aqua), glicer\u012bns, niac\u012bnam\u012bds, Chlorella Vulgaris ekstrakts, \u0161\u012b sviests (Butyrospermum Parkii sviests), makad\u0101mijas ternifolia s\u0113klu e\u013c\u013ca, beta-glik\u0101ns, Za\u013c\u0101s t\u0113jas ekstrakts (Camellia Sinensis Leaf Extract), Centella ekstrakts (Centella Asiatica Extract), pantenols, E vitam\u012bns (tokoferols), dab\u012bgie konservanti, smar\u017evielas.<\/p>\n<p>&nbsp;<\/p>","protected":false},"excerpt":{"rendered":"<p><strong>HAYEJIN \"D\u012bgstu sv\u0113t\u012bba\"<\/strong> 3-pak\u0101pju d\u0101vanu komplekts ir iev\u0113r\u012bbas cien\u012bgs ar savu bag\u0101t\u012bgo sast\u0101vu un daudzaj\u0101m priek\u0161roc\u012bb\u0101m \u0101dai. T\u0101 ir ide\u0101la izv\u0113le, lai ieg\u016btu vesel\u012bgu, starojo\u0161u un atjaunotu \u0101du. \u0160is komplekts ne tikai mitrina un baro \u0101du, bet ar\u012b pie\u0161\u0137ir tai dabisku mirdzumu, vienm\u0113r\u012bgu kr\u0101su un elast\u012bbu. <strong>HAYEJIN \"D\u012bgstu sv\u0113t\u012bba\"<\/strong> 3 posmu d\u0101vanu komplekts ir lieliska izv\u0113le tiem, kas v\u0113las vesel\u012bgu, mirdzo\u0161u un atjaunotu \u0101du.<\/p>","protected":false},"featured_media":9276,"comment_status":"open","ping_status":"closed","template":"","meta":{"_acf_changed":false},"product_brand":[427],"product_cat":[92,93,55,56,59],"product_tag":[],"class_list":{"0":"post-7266","1":"product","2":"type-product","3":"status-publish","4":"has-post-thumbnail","6":"product_brand-hayejin","7":"product_cat-groziui","8":"product_cat-rinkiniai","9":"product_cat-veido-kremai","10":"product_cat-veido-serumai","11":"product_cat-veidui","13":"first","14":"outofstock","15":"shipping-taxable","16":"purchasable","17":"product-type-simple"},"acf":[],"tiered_pricing_type":"fixed","tiered_pricing_fixed_rules":[],"tiered_pricing_product_settings":{"layout":"default","base_unit_name":{"singular":null,"plural":null},"default_variation":null},"tiered_pricing_minimum_quantity":null,"tiered_pricing_roles_data":[],"tiered_pricing_percentage_rules":[],"_links":{"self":[{"href":"https:\/\/purama.lt\/lv\/wp-json\/wp\/v2\/product\/7266","targetHints":{"allow":["GET"]}}],"collection":[{"href":"https:\/\/purama.lt\/lv\/wp-json\/wp\/v2\/product"}],"about":[{"href":"https:\/\/purama.lt\/lv\/wp-json\/wp\/v2\/types\/product"}],"replies":[{"embeddable":true,"href":"https:\/\/purama.lt\/lv\/wp-json\/wp\/v2\/comments?post=7266"}],"wp:featuredmedia":[{"embeddable":true,"href":"https:\/\/purama.lt\/lv\/wp-json\/wp\/v2\/media\/9276"}],"wp:attachment":[{"href":"https:\/\/purama.lt\/lv\/wp-json\/wp\/v2\/media?parent=7266"}],"wp:term":[{"taxonomy":"product_brand","embeddable":true,"href":"https:\/\/purama.lt\/lv\/wp-json\/wp\/v2\/product_brand?post=7266"},{"taxonomy":"product_cat","embeddable":true,"href":"https:\/\/purama.lt\/lv\/wp-json\/wp\/v2\/product_cat?post=7266"},{"taxonomy":"product_tag","embeddable":true,"href":"https:\/\/purama.lt\/lv\/wp-json\/wp\/v2\/product_tag?post=7266"}],"curies":[{"name":"wp","href":"https:\/\/api.w.org\/{rel}","templated":true}]}}