{"id":7265,"date":"2024-11-26T09:14:57","date_gmt":"2024-11-26T09:14:57","guid":{"rendered":"https:\/\/purama.lt\/?post_type=product&#038;p=7265"},"modified":"2026-04-23T09:43:13","modified_gmt":"2026-04-23T07:43:13","slug":"hayejin-ricefila-risu-kliju-sejas-komplekts","status":"publish","type":"product","link":"https:\/\/purama.lt\/lv\/produktas\/hayejin-ricefila-rice-bran-veido-priemoniu-rinkinys\/","title":{"rendered":"HAYEJIN RiceFila\u2122 un r\u012bsu kliju sejas kopums"},"content":{"rendered":"<p>\u0160aj\u0101 komplekt\u0101 ir tr\u012bs b\u016btiski produkti, kas kop\u0101 veido piln\u012bgu sejas kop\u0161anas ritu\u0101lu:<\/p>\n<p><strong>1. Bag\u0101t\u012bgs sast\u0101vs un dab\u012bgas sast\u0101vda\u013cas<\/strong><br \/>\nVisi komplekta produkti ir bag\u0101tin\u0101ti ar dab\u012bg\u0101m sast\u0101vda\u013c\u0101m, piem\u0113ram, r\u012bsu kliju e\u013c\u013cu un r\u012bsu ekstraktiem, kas ir paz\u012bstami ar mitrino\u0161\u0101m, barojo\u0161\u0101m un balino\u0161\u0101m \u012bpa\u0161\u012bb\u0101m.<\/p>\n<p><strong>2. Tr\u012bs posmu uztur\u0113\u0161ana<\/strong><br \/>\nKomplekts sast\u0101v no trim posmiem, kas ietver:<\/p>\n<p><em>T\u012br\u012b\u0161ana<\/em>: Maigs sejas t\u012br\u012b\u0161anas l\u012bdzeklis, kas dzi\u013ci att\u012bra \u0101du, likvid\u0113 net\u012brumus un lieko e\u013c\u013cu, neboj\u0101jot \u0101das dabisko aizsargbarjeru.<br \/>\n<em>Toniz\u0113\u0161ana<\/em>: Att\u012bro\u0161s toniks, kas pal\u012bdz atjaunot \u0101das pH l\u012bmeni, mitrina un sagatavo \u0101du n\u0101kamajam kop\u0161anas posmam.<br \/>\n<em>\u0112din\u0101\u0161ana<\/em>: Mitrino\u0161s un barojo\u0161s serums vai kr\u0113ms, kas nodro\u0161ina \u0101du ar nepiecie\u0161amaj\u0101m bar\u012bbas viel\u0101m ilgsto\u0161ai mitrin\u0101\u0161anai un vesel\u012bgam mirdzumam.<\/p>\n<p><strong>3. Ap\u016bde\u0146o\u0161ana un baro\u0161ana<\/strong><br \/>\nR\u012bsu kliju e\u013c\u013ca un citas komplekta sast\u0101vda\u013cas dzi\u013ci mitrina \u0101du, pal\u012bdzot saglab\u0101t t\u0101s elast\u012bbu un maigumu. Regul\u0101ra \u0161o produktu lieto\u0161ana nodro\u0161ina \u0101das mitrin\u0101\u0161anu un baro\u0161anu.<\/p>\n<p><strong>4. Balin\u0101\u0161ana un \u0101das izl\u012bdzin\u0101\u0161ana<\/strong><br \/>\nR\u012bsu ekstrakti pal\u012bdz padar\u012bt \u0101du gai\u0161\u0101ku, samazina tum\u0161os plankumus un pigment\u0101ciju, pie\u0161\u0137irot sejai dabisku mirdzumu un vienm\u0113r\u012bgu kr\u0101su.<\/p>\n<p><strong>5. Dabiskais sast\u0101vs<\/strong><br \/>\nProdukti ir izgatavoti no dab\u012bg\u0101m sast\u0101vda\u013c\u0101m un nesatur kait\u012bgas \u0137imik\u0101lijas, t\u0101p\u0113c tie ir dro\u0161i un saudz\u012bgi pret \u0101du. Tas ir \u012bpa\u0161i svar\u012bgi jut\u012bgai \u0101dai, kurai nepiecie\u0161ama \u012bpa\u0161a uzman\u012bba un kop\u0161ana.<\/p>\n<p><strong>Lieto\u0161ana:<\/strong><br \/>\n1. K\u0100RTA - Toneris uz e\u013c\u013cas b\u0101zes. Pirms lieto\u0161anas sakratiet pudel\u012bti, lai sajauktu e\u013c\u013cas sl\u0101ni ar ekstrakta sl\u0101ni. P\u0113c sejas mazg\u0101\u0161anas uzkl\u0101jiet toniku uz sausas \u0101das un viegli uzslaukiet, l\u012bdz tas ies\u016bcas.<\/p>\n<p>2. K\u0100RT\u012aBA - Sejas kr\u0113ms. P\u0113c att\u012br\u012b\u0161anas uzkl\u0101jiet nepiecie\u0161amo daudzumu uz sejas un kakla, p\u0113c tam viegli uzs\u016bciet, lai kr\u0113ms ies\u016bktos.<\/p>\n<p>3. K\u0100RTA - Sejas e\u013c\u013ca. P\u0113d\u0113j\u0101 \u0101das kop\u0161anas rut\u012bnas posm\u0101 uzpiliniet 2-3 pilienus uz plaukstas un berz\u0113jiet, lai sasild\u012btos. P\u0113c tam maigi p\u0101rkl\u0101jiet seju ar rok\u0101m, lai pie\u0161\u0137irtu tai mitrumu. Varat ar\u012b sajaukt 1-2 pilienus ar ierastajiem \u0101das kop\u0161anas l\u012bdzek\u013ciem, lai palielin\u0101tu mitrino\u0161o efektu. Kad mazg\u0101jat seju, pievienojiet pilienu e\u013c\u013cas p\u0113d\u0113jam skalo\u0161anas pa\u0146\u0113mienam, lai uzlabotu baro\u0161anu.<\/p>\n<p>&nbsp;<\/p>","protected":false},"excerpt":{"rendered":"<p><strong>HAYEJIN \"RiceFila\u2122 un r\u012bsu klijas\"<\/strong> 3-pak\u0101pju sejas kop\u0161anas d\u0101vanu komplekts ir iev\u0113r\u012bbas cien\u012bgs ar savu bag\u0101t\u012bgo sast\u0101vu un daudzaj\u0101m labv\u0113l\u012bgaj\u0101m \u012bpa\u0161\u012bb\u0101m \u0101dai. T\u0101 ir ide\u0101la izv\u0113le, lai ieg\u016btu vesel\u012bgu, starojo\u0161u un koptu \u0101du. \u0160is komplekts ne tikai mitrina un baro \u0101du, bet ar\u012b pie\u0161\u0137ir tai dabisku mirdzumu, vienm\u0113r\u012bgu kr\u0101su un elast\u012bbu. <strong>HAYEJIN \"RiceFila\u2122 un r\u012bsu klijas\"<\/strong> 3 posmu sejas kop\u0161anas d\u0101vanu komplekts ir lieliska izv\u0113le tiem, kas v\u0113las vesel\u012bgu, mirdzo\u0161u un koptu \u0101du.<\/p>","protected":false},"featured_media":9279,"comment_status":"open","ping_status":"closed","template":"","meta":{"_acf_changed":false},"product_brand":[427],"product_cat":[92,57,393,93,59],"product_tag":[],"class_list":{"0":"post-7265","1":"product","2":"type-product","3":"status-publish","4":"has-post-thumbnail","6":"product_brand-hayejin","7":"product_cat-groziui","8":"product_cat-akcijos","9":"product_cat-dovanu-idejos","10":"product_cat-rinkiniai","11":"product_cat-veidui","13":"first","14":"instock","15":"sale","16":"shipping-taxable","17":"purchasable","18":"product-type-simple"},"acf":[],"tiered_pricing_type":"fixed","tiered_pricing_fixed_rules":[],"tiered_pricing_product_settings":{"layout":"default","base_unit_name":{"singular":null,"plural":null},"default_variation":null},"tiered_pricing_minimum_quantity":null,"tiered_pricing_roles_data":[],"tiered_pricing_percentage_rules":[],"_links":{"self":[{"href":"https:\/\/purama.lt\/lv\/wp-json\/wp\/v2\/product\/7265","targetHints":{"allow":["GET"]}}],"collection":[{"href":"https:\/\/purama.lt\/lv\/wp-json\/wp\/v2\/product"}],"about":[{"href":"https:\/\/purama.lt\/lv\/wp-json\/wp\/v2\/types\/product"}],"replies":[{"embeddable":true,"href":"https:\/\/purama.lt\/lv\/wp-json\/wp\/v2\/comments?post=7265"}],"wp:featuredmedia":[{"embeddable":true,"href":"https:\/\/purama.lt\/lv\/wp-json\/wp\/v2\/media\/9279"}],"wp:attachment":[{"href":"https:\/\/purama.lt\/lv\/wp-json\/wp\/v2\/media?parent=7265"}],"wp:term":[{"taxonomy":"product_brand","embeddable":true,"href":"https:\/\/purama.lt\/lv\/wp-json\/wp\/v2\/product_brand?post=7265"},{"taxonomy":"product_cat","embeddable":true,"href":"https:\/\/purama.lt\/lv\/wp-json\/wp\/v2\/product_cat?post=7265"},{"taxonomy":"product_tag","embeddable":true,"href":"https:\/\/purama.lt\/lv\/wp-json\/wp\/v2\/product_tag?post=7265"}],"curies":[{"name":"wp","href":"https:\/\/api.w.org\/{rel}","templated":true}]}}