{"id":7264,"date":"2024-11-26T09:14:57","date_gmt":"2024-11-26T09:14:57","guid":{"rendered":"https:\/\/purama.lt\/?post_type=product&#038;p=7264"},"modified":"2026-04-10T13:03:23","modified_gmt":"2026-04-10T11:03:23","slug":"hayejin-tira-selena-sejas-ella","status":"publish","type":"product","link":"https:\/\/purama.lt\/lv\/produktas\/hayejin-ryziu-selenu-aliejus-veidui\/","title":{"rendered":"HAYEJEJIN R\u012bsu kliju e\u013c\u013ca sejai"},"content":{"rendered":"<p><strong>Sast\u0101vda\u013cas:<\/strong><br \/>\nR\u012bsu kliju e\u013c\u013ca ir dabiska sast\u0101vda\u013ca, kas bag\u0101ta ar vitam\u012bniem, antioksidantiem un tauksk\u0101b\u0113m.<\/p>\n<p><strong>Galven\u0101s sast\u0101vda\u013cas:<\/strong><\/p>\n<p>E vitam\u012bns: sp\u0113c\u012bgs antioksidants, kas pal\u012bdz c\u012bn\u012bties pret br\u012bvajiem radik\u0101\u013ciem un aizsarg\u0101 \u0101du no vides kait\u0113juma.<br \/>\nOmega-3 un Omega-6 tauksk\u0101bes: pal\u012bdz atjaunot \u0101das barjeru un uztur\u0113t mitrumu.<br \/>\nfitoster\u012bni: pal\u012bdz mazin\u0101t iekaisumu un veicina \u0101das re\u0123ener\u0101ciju.<\/p>","protected":false},"excerpt":{"rendered":"<p><strong>HAYEJIN<\/strong> <strong>R\u012bsu kliju e\u013c\u013ca sejai<\/strong> ir iev\u0113r\u012bbas cien\u012bgs ar savu bag\u0101t\u012bgo sast\u0101vu un daudzaj\u0101m priek\u0161roc\u012bb\u0101m \u0101dai. Tas ir produkts, kas ne tikai dzi\u013ci mitrina un baro \u0101du, bet ar\u012b pal\u012bdz tai izskat\u012bties jaunekl\u012bgai un vesel\u012bgai. J\u016bsu \u0101da k\u013c\u016bs maig\u0101ka, elast\u012bg\u0101ka un starojo\u0161\u0101ka.<strong> HAYEJEJIN R\u012bsu kliju e\u013c\u013ca sejai<\/strong> at\u0161\u0137iras no citiem \u0101das kop\u0161anas l\u012bdzek\u013ciem, pateicoties bag\u0101t\u012bgajam sast\u0101vam un daudzajiem \u0101das ieguvumiem. L\u016bk, da\u017ei no iemesliem, k\u0101p\u0113c to lietot:<\/p>\n<details >\n<summary>Dzi\u013ci mitrina un baro \u0101du<\/summary>\n<div class=\"cg-accordion-item\">\n<p>R\u012bsu kliju e\u013c\u013ca nodro\u0161ina lielisku mitrin\u0101\u0161anu un pal\u012bdz saglab\u0101t \u0101das elast\u012bbu un maigumu. Tas ir \u012bpa\u0161i svar\u012bgi sausai un dehidr\u0113tai \u0101dai, kas var justies saspringta un nogurusi.<\/p>\n<\/div>\n<\/details>\n<details >\n<summary>Antioksidantu \u012bpa\u0161\u012bbas<\/summary>\n<div class=\"cg-accordion-item\">\n<p>Pateicoties augstajam antioksidantu saturam, \u0161\u012b e\u013c\u013ca pal\u012bdz aizsarg\u0101t \u0101du pret oksidat\u012bvo stresu un priek\u0161laic\u012bgu noveco\u0161anos. T\u0101 neitraliz\u0113 br\u012bvos radik\u0101\u013cus, kas var izrais\u012bt \u0101das boj\u0101jumus un grumbas.<\/p>\n<\/div>\n<\/details>\n<details >\n<summary>\u0100das tonusa uzlabo\u0161ana<\/summary>\n<div class=\"cg-accordion-item\">\n<p>Regul\u0101ri lietojot r\u012bsu kliju e\u013c\u013cu, \u0101da k\u013c\u016bst starojo\u0161a un vesel\u012bga. E\u013c\u013ca pal\u012bdz izl\u012bdzin\u0101t \u0101das toni, mazina tum\u0161os plankumus un pigment\u0101ciju, k\u0101 ar\u012b pie\u0161\u0137ir sejai dabisku mirdzumu.<\/p>\n<\/div>\n<\/details>\n<details >\n<summary>Viegla tekst\u016bra<\/summary>\n<div class=\"cg-accordion-item\">\n<p>R\u012bsu kliju e\u013c\u013cai ir viegla tekst\u016bra, kas \u0101tri ies\u016bcas \u0101d\u0101, neatst\u0101jot taukainu saj\u016btu. Tas nodro\u0161ina \u0113rtu lieto\u0161anu un \u013cauj \u0101dai elpot.<\/p>\n<\/div>\n<\/details>\n<details >\n<summary>Nomierino\u0161s efekts<\/summary>\n<div class=\"cg-accordion-item\">\n<p>Pateicoties nomierino\u0161aj\u0101m \u012bpa\u0161\u012bb\u0101m, \u0161\u012b e\u013c\u013ca pal\u012bdz mazin\u0101t \u0101das kairin\u0101jumu un iekaisumu, t\u0101p\u0113c t\u0101 ir lieliska izv\u0113le jut\u012bgai \u0101dai.<\/p>\n<\/div>\n<\/details>","protected":false},"featured_media":9280,"comment_status":"open","ping_status":"closed","template":"","meta":{"_acf_changed":false},"product_brand":[427],"product_cat":[56,500,59],"product_tag":[],"class_list":{"0":"post-7264","1":"product","2":"type-product","3":"status-publish","4":"has-post-thumbnail","6":"product_brand-hayejin","7":"product_cat-veido-serumai","8":"product_cat-outlet","9":"product_cat-veidui","11":"first","12":"instock","13":"sale","14":"shipping-taxable","15":"purchasable","16":"product-type-simple"},"acf":[],"tiered_pricing_type":"fixed","tiered_pricing_fixed_rules":[],"tiered_pricing_product_settings":{"layout":"default","base_unit_name":{"singular":null,"plural":null},"default_variation":null},"tiered_pricing_minimum_quantity":null,"tiered_pricing_roles_data":[],"tiered_pricing_percentage_rules":[],"_links":{"self":[{"href":"https:\/\/purama.lt\/lv\/wp-json\/wp\/v2\/product\/7264","targetHints":{"allow":["GET"]}}],"collection":[{"href":"https:\/\/purama.lt\/lv\/wp-json\/wp\/v2\/product"}],"about":[{"href":"https:\/\/purama.lt\/lv\/wp-json\/wp\/v2\/types\/product"}],"replies":[{"embeddable":true,"href":"https:\/\/purama.lt\/lv\/wp-json\/wp\/v2\/comments?post=7264"}],"wp:featuredmedia":[{"embeddable":true,"href":"https:\/\/purama.lt\/lv\/wp-json\/wp\/v2\/media\/9280"}],"wp:attachment":[{"href":"https:\/\/purama.lt\/lv\/wp-json\/wp\/v2\/media?parent=7264"}],"wp:term":[{"taxonomy":"product_brand","embeddable":true,"href":"https:\/\/purama.lt\/lv\/wp-json\/wp\/v2\/product_brand?post=7264"},{"taxonomy":"product_cat","embeddable":true,"href":"https:\/\/purama.lt\/lv\/wp-json\/wp\/v2\/product_cat?post=7264"},{"taxonomy":"product_tag","embeddable":true,"href":"https:\/\/purama.lt\/lv\/wp-json\/wp\/v2\/product_tag?post=7264"}],"curies":[{"name":"wp","href":"https:\/\/api.w.org\/{rel}","templated":true}]}}