{"id":48536,"date":"2026-04-22T09:04:25","date_gmt":"2026-04-22T07:04:25","guid":{"rendered":"https:\/\/purama.lt\/produktas\/sapiens-poudre-coiffante-plauku-formavimo-pudra-purumui-ir-teksturai\/"},"modified":"2026-04-23T09:34:01","modified_gmt":"2026-04-23T07:34:01","slug":"sapiens-poudre-coiffante-plauku-formavimo-pudra-purumui-ir-teksturai","status":"publish","type":"product","link":"https:\/\/purama.lt\/lv\/produktas\/sapiens-poudre-coiffante-plauku-formavimo-pudra-purumui-ir-teksturai\/","title":{"rendered":"SAPIENS Matu veido\u0161anas p\u016bderis apjomam un tekst\u016brai"},"content":{"rendered":"<p><strong>Izmanto\u0161ana<\/strong><br>Ielejiet nelielu daudzumu p\u016bdera plaukstu vai tie\u0161i uz sausiem matiem, \u012bpa\u0161i pie sakn\u0113m<br>Ar s\u016bkurius ir model\u0113 matus ar pirkstu gali\u0146iem.<br>Ja nepiecie\u0161ams, izmantojiet nedaudz vair\u0101k, lai pan\u0101ktu sp\u0113c\u012bg\u0101ku apjoma vai fiks\u0101cijas efektu<\/p>\n\n\n\n<p><strong>Sast\u0101vda\u013cas<\/strong><br>gl\u012bver\u012bns, aqua (\u016bdens), sil\u012bcija dioks\u012bds siliar\u0101ts, vp\/va kopolim\u0113rs, n\u0101trija benzo\u0101ts, hidroliz\u0113ts kvie\u0161u prote\u012bns<\/p>","protected":false},"excerpt":{"rendered":"<p data-start=\"0\" data-end=\"661\"><strong data-start=\"16\" data-end=\"46\">Sapiens \u2014 Veido\u0161anas pulveris<\/strong> matu veido\u0161anas p\u016bderis, kas pal\u012bdz \u0101tri pie\u0161\u0137irt matiem vair\u0101k <strong data-start=\"115\" data-end=\"159\">purumu, tekst\u016bra un dab\u012bgajiem apjomiem<\/strong> neuzkraunot. Tas pie\u0161\u0137ir mat\u0113jo, sakoptu, bet ne p\u0101rbl\u012bv\u0113tu rezult\u0101tu, neatst\u0101j redzamas atliekas, \u013cauj viegli veidot friz\u016bru un ir piem\u0113rots da\u017e\u0101diem matu tipiem, \u012bpa\u0161i, ja v\u0113laties liel\u0101ku pac\u0113lumu pie sakn\u0113m. Formula ir viegla, bez smar\u017eviel\u0101m, t\u0101p\u0113c ikdienas lieto\u0161anai paliek neitr\u0101la un viegli saderin\u0101ma ar citiem veido\u0161anas l\u012bdzek\u013ciem. T\u0101s sast\u0101v\u0101 eso\u0161\u0101s hidroliz\u0113t\u0101s kvie\u0161u olbaltumvielas matu kop\u0161an\u0101 tiek nov\u0113rt\u0113tas par to kondicion\u0113jo\u0161aj\u0101m un matu elast\u012bbu pal\u012bdz\u0113t uztur\u0113t sp\u0113j\u0101m.<\/p>\n<p data-start=\"663\" data-end=\"916\"><strong data-start=\"663\" data-end=\"686\">K\u0101p\u0113c izv\u0113l\u0113ties<\/strong><br data-start=\"686\" data-end=\"689\" \/><strong data-start=\"689\" data-end=\"695\">\u2714\ufe0f<\/strong> Pie\u0161\u0137ir matiem vair\u0101k apjoma un tekst\u016bras<br data-start=\"741\" data-end=\"744\" \/><strong data-start=\"744\" data-end=\"750\">\u2714\ufe0f<\/strong> Pal\u012bdz rad\u012bt dabisku mat\u0113tu izskatu<br data-start=\"789\" data-end=\"792\" \/><strong data-start=\"792\" data-end=\"798\">\u2714\ufe0f<\/strong> Nenoslogo un nesalipina matus<br data-start=\"831\" data-end=\"834\" \/><strong data-start=\"834\" data-end=\"840\">\u2714\ufe0f<\/strong> Neatst\u0101j redzamu atlikumu<br data-start=\"865\" data-end=\"868\" \/><strong data-start=\"868\" data-end=\"874\">\u2714\ufe0f<\/strong> Bez arom\u0101tiem, piem\u0113rots ikdienas lieto\u0161anai<\/p>","protected":false},"featured_media":48551,"comment_status":"open","ping_status":"closed","template":"","meta":{"_acf_changed":true},"product_brand":[532],"product_cat":[57,92,304],"product_tag":[],"class_list":{"0":"post-48536","1":"product","2":"type-product","3":"status-publish","4":"has-post-thumbnail","6":"product_brand-sapiens","7":"product_cat-akcijos","8":"product_cat-groziui","9":"product_cat-plaukams","11":"first","12":"instock","13":"sale","14":"shipping-taxable","15":"purchasable","16":"product-type-simple"},"acf":[],"tiered_pricing_type":"fixed","tiered_pricing_fixed_rules":[],"tiered_pricing_product_settings":{"layout":"default","base_unit_name":{"singular":null,"plural":null},"default_variation":null},"tiered_pricing_minimum_quantity":null,"tiered_pricing_roles_data":[],"tiered_pricing_percentage_rules":[],"_links":{"self":[{"href":"https:\/\/purama.lt\/lv\/wp-json\/wp\/v2\/product\/48536","targetHints":{"allow":["GET"]}}],"collection":[{"href":"https:\/\/purama.lt\/lv\/wp-json\/wp\/v2\/product"}],"about":[{"href":"https:\/\/purama.lt\/lv\/wp-json\/wp\/v2\/types\/product"}],"replies":[{"embeddable":true,"href":"https:\/\/purama.lt\/lv\/wp-json\/wp\/v2\/comments?post=48536"}],"wp:featuredmedia":[{"embeddable":true,"href":"https:\/\/purama.lt\/lv\/wp-json\/wp\/v2\/media\/48551"}],"wp:attachment":[{"href":"https:\/\/purama.lt\/lv\/wp-json\/wp\/v2\/media?parent=48536"}],"wp:term":[{"taxonomy":"product_brand","embeddable":true,"href":"https:\/\/purama.lt\/lv\/wp-json\/wp\/v2\/product_brand?post=48536"},{"taxonomy":"product_cat","embeddable":true,"href":"https:\/\/purama.lt\/lv\/wp-json\/wp\/v2\/product_cat?post=48536"},{"taxonomy":"product_tag","embeddable":true,"href":"https:\/\/purama.lt\/lv\/wp-json\/wp\/v2\/product_tag?post=48536"}],"curies":[{"name":"wp","href":"https:\/\/api.w.org\/{rel}","templated":true}]}}