{"id":48535,"date":"2026-04-22T09:04:22","date_gmt":"2026-04-22T07:04:22","guid":{"rendered":"https:\/\/purama.lt\/produktas\/sapiens-huile-a-barbe-cedar-roots-barzdos-aliejus-su-ricinos-aliejumi\/"},"modified":"2026-04-23T09:34:18","modified_gmt":"2026-04-23T07:34:18","slug":"sapiens-huile-a-barbe-cedar-roots-barzdos-aliejus-su-ricinos-aliejumi","status":"publish","type":"product","link":"https:\/\/purama.lt\/lv\/produktas\/sapiens-huile-a-barbe-cedar-roots-barzdos-aliejus-su-ricinos-aliejumi\/","title":{"rendered":"SAPIENS Huile \u00e0 Barbe Cedar Roots b\u0101rdas e\u013c\u013ca ar r\u012bcine\u013c\u013cu"},"content":{"rendered":"<p><strong>Izmanto\u0161ana<\/strong><br>\u012e deln\u0105 paskirstykite 2 paspaudimus aliejaus ir patrinkite tarp rank\u0173<br>Tepkite ant sausos barzdos, \u0161velniai \u012fmasa\u017euokite \u012f barzd\u0105 ir od\u0105 po ja, tuomet suformuokite<br>Ja rodas kairin\u0101jums, p\u0101rtrauciet lieto\u0161anu<\/p>\n\n\n\n<p><strong>Sast\u0101vda\u013cas<\/strong><br>prunus amygdalus dulcis (sweet almond) oil, ricinus communis (castor) seed oil, simmondsia chinensis (jojoba) seed oil, argania spinosa (argan) kernel oil, parfum (fragrance), tocopherol, helianthus annuus (sunflower) seed oil, coumarin, eugenol, geraniol, limonene<\/p>","protected":false},"excerpt":{"rendered":"<p>Sapiens \u2014 Huile \u00e0 Barbe Cedar Roots barzdos aliejus su ricinos aliejumi, skirtas kasdienei barzdos ir odos po ja prie\u017ei\u016brai. Jis padeda sumink\u0161tinti barzd\u0105, suteikia jai glotnesn\u012f ir tvarkingesn\u012f vaizd\u0105, maitina plauk\u0105, padeda i\u0161laikyti odos komfort\u0105, nepalieka riebaus poj\u016b\u010dio ir tinka \u012fvairi\u0173 tip\u0173 barzdai. Medienos ir prieskoni\u0173 nat\u0173 kvapas suteikia i\u0161rai\u0161king\u0105, bet kasdienai lengvai pritaikom\u0105 poj\u016bt\u012f. Augaliniai aliejai barzdos prie\u017ei\u016broje pla\u010diai vertinami d\u0117l j\u0173 mink\u0161tinan\u010di\u0173 ir kondicionuojan\u010di\u0173 savybi\u0173. Kod\u0117l verta rinktis \u2714\ufe0f Mink\u0161tina barzd\u0105 ir padeda jai atrodyti glotniau \u2714\ufe0f Maitina plauk\u0105 ir od\u0105 po barzda \u2714\ufe0f Lengva tekst\u016bra nepalieka riebaus poj\u016b\u010dio \u2714\ufe0f Tinka kasdienei \u012fvairi\u0173 tip\u0173 barzdos prie\u017ei\u016brai \u2714\ufe0f Medienos ir prieskoni\u0173 kvapas kasdieniam naudojimui<\/p>","protected":false},"featured_media":48556,"comment_status":"open","ping_status":"closed","template":"","meta":{"_acf_changed":true},"product_brand":[532],"product_cat":[57,92,304],"product_tag":[],"class_list":{"0":"post-48535","1":"product","2":"type-product","3":"status-publish","4":"has-post-thumbnail","6":"product_brand-sapiens","7":"product_cat-akcijos","8":"product_cat-groziui","9":"product_cat-plaukams","11":"first","12":"instock","13":"sale","14":"shipping-taxable","15":"purchasable","16":"product-type-simple"},"acf":[],"tiered_pricing_type":"fixed","tiered_pricing_fixed_rules":[],"tiered_pricing_product_settings":{"layout":"default","base_unit_name":{"singular":null,"plural":null},"default_variation":null},"tiered_pricing_minimum_quantity":null,"tiered_pricing_roles_data":[],"tiered_pricing_percentage_rules":[],"_links":{"self":[{"href":"https:\/\/purama.lt\/lv\/wp-json\/wp\/v2\/product\/48535","targetHints":{"allow":["GET"]}}],"collection":[{"href":"https:\/\/purama.lt\/lv\/wp-json\/wp\/v2\/product"}],"about":[{"href":"https:\/\/purama.lt\/lv\/wp-json\/wp\/v2\/types\/product"}],"replies":[{"embeddable":true,"href":"https:\/\/purama.lt\/lv\/wp-json\/wp\/v2\/comments?post=48535"}],"wp:featuredmedia":[{"embeddable":true,"href":"https:\/\/purama.lt\/lv\/wp-json\/wp\/v2\/media\/48556"}],"wp:attachment":[{"href":"https:\/\/purama.lt\/lv\/wp-json\/wp\/v2\/media?parent=48535"}],"wp:term":[{"taxonomy":"product_brand","embeddable":true,"href":"https:\/\/purama.lt\/lv\/wp-json\/wp\/v2\/product_brand?post=48535"},{"taxonomy":"product_cat","embeddable":true,"href":"https:\/\/purama.lt\/lv\/wp-json\/wp\/v2\/product_cat?post=48535"},{"taxonomy":"product_tag","embeddable":true,"href":"https:\/\/purama.lt\/lv\/wp-json\/wp\/v2\/product_tag?post=48535"}],"curies":[{"name":"wp","href":"https:\/\/api.w.org\/{rel}","templated":true}]}}