{"id":48534,"date":"2026-04-22T09:04:19","date_gmt":"2026-04-22T07:04:19","guid":{"rendered":"https:\/\/purama.lt\/produktas\/sapiens-huile-a-barbe-bio-wild-forest-barzdos-aliejus-su-ricinos-aliejumi\/"},"modified":"2026-04-23T09:34:34","modified_gmt":"2026-04-23T07:34:34","slug":"sapiens-huile-a-barbe-bio-wild-forest-barzdos-aliejus-su-ricinos-aliejumi","status":"publish","type":"product","link":"https:\/\/purama.lt\/lv\/produktas\/sapiens-huile-a-barbe-bio-wild-forest-barzdos-aliejus-su-ricinos-aliejumi\/","title":{"rendered":"SAPIENS Bio barzdas e\u013c\u013ca Wild Forest ar r\u012bcine\u013c\u013cu"},"content":{"rendered":"<p><strong>Izmanto\u0161ana<\/strong><br>Uzklajiet 1\u20132 devas e\u013c\u013cas uz plaukstas un berz\u0113jiet starp rok\u0101m<br>Uzkl\u0101jiet uz saus\u0101m b\u0101rdas, maigi iemas\u0113jiet b\u0101rd\u0101 un zem t\u0101s eso\u0161aj\u0101 \u0101d\u0101<br>Ja rodas kairin\u0101jums, p\u0101rtrauciet lieto\u0161anu<\/p>\n\n\n\n<p><strong>Sast\u0101vda\u013cas<\/strong><br>prunus amygdalus dulcis (saldie mande\u013cu) e\u013c\u013ca, ricinus communis (r\u012bcine\u013c\u013ca) s\u0113klu e\u013c\u013ca, simmondsia chinensis (jojobas) s\u0113klu e\u013c\u013ca, argania spinosa (argan koka) kodolu e\u013c\u013ca, tokoferols, parfim\u0113rija (smar\u017ea), helianthus annuus (saulespu\u0137u) s\u0113klu e\u013c\u013ca, linalools, limon\u0113ns, citronelols, geraniols, kumar\u012bns, eugenols, citr\u0101ls<\/p>","protected":false},"excerpt":{"rendered":"<p data-start=\"0\" data-end=\"583\"><strong data-start=\"16\" data-end=\"59\">Sapiens \u2014 Bio b\u0101rdas e\u013c\u013ca Me\u017ea me\u017es<\/strong> b\u0101rdas e\u013c\u013ca ar r\u012bcine\u013c\u013cu ikdienas b\u0101rdas un zem t\u0101s eso\u0161\u0101s \u0101das kop\u0161anai. T\u0101 pal\u012bdz <strong data-start=\"160\" data-end=\"183\">Sadal\u012bt b\u0101rdu<\/strong>, pie\u0161\u0137ir tai glud\u0101ku un piekl\u0101j\u012bg\u0101ku izskatu, kopj matus, tos nepadarot smag\u0101kus, pal\u012bdz uztur\u0113t \u0101das komfortu un atst\u0101j vieglu, svaigu <strong data-start=\"325\" data-end=\"356\">koka un gaismas rakstiem<\/strong> ar\u012b smar\u017e\u012bgs. Formula apvieno r\u012bcine\u013c\u013cu, jojobas, argana un saldo mande\u013cu e\u013c\u013cas, un \u0161\u0101das augu e\u013c\u013cas tiek pla\u0161i nov\u0113rt\u0113tas to m\u012bkstino\u0161o un kondicion\u0113jo\u0161o \u012bpa\u0161\u012bbu d\u0113\u013c.<\/p>\n<p data-start=\"585\" data-end=\"921\"><strong data-start=\"585\" data-end=\"608\">K\u0101p\u0113c izv\u0113l\u0113ties<\/strong><br data-start=\"608\" data-end=\"611\" \/><strong data-start=\"611\" data-end=\"617\">\u2714\ufe0f<\/strong> M\u012bkstina b\u0101rdu un pal\u012bdz tai izskat\u012bties glud\u0101kai<br data-start=\"666\" data-end=\"669\" \/><strong data-start=\"669\" data-end=\"675\">\u2714\ufe0f<\/strong> Barbo sk\u016bta oda ir plaukai bus pamaitinti<br data-start=\"707\" data-end=\"710\" \/><strong data-start=\"710\" data-end=\"716\">\u2714\ufe0f<\/strong> Viegla tekst\u016bra neatst\u0101j taukainu saj\u016btu<br data-start=\"758\" data-end=\"761\" \/><strong data-start=\"761\" data-end=\"767\">\u2714\ufe0f<\/strong> Piem\u0113rots ikdienas da\u017e\u0101da veida b\u0101rdas kop\u0161anai<br data-start=\"815\" data-end=\"818\" \/><strong data-start=\"818\" data-end=\"824\">\u2714\ufe0f<\/strong> Wild Forest smar\u017ea ir svaiga un ar koka not\u012bm bag\u0101ta<\/p>","protected":false},"featured_media":48554,"comment_status":"open","ping_status":"closed","template":"","meta":{"_acf_changed":true},"product_brand":[532],"product_cat":[57,92,304],"product_tag":[],"class_list":{"0":"post-48534","1":"product","2":"type-product","3":"status-publish","4":"has-post-thumbnail","6":"product_brand-sapiens","7":"product_cat-akcijos","8":"product_cat-groziui","9":"product_cat-plaukams","11":"first","12":"instock","13":"sale","14":"shipping-taxable","15":"purchasable","16":"product-type-simple"},"acf":[],"tiered_pricing_type":"fixed","tiered_pricing_fixed_rules":[],"tiered_pricing_product_settings":{"layout":"default","base_unit_name":{"singular":null,"plural":null},"default_variation":null},"tiered_pricing_minimum_quantity":null,"tiered_pricing_roles_data":[],"tiered_pricing_percentage_rules":[],"_links":{"self":[{"href":"https:\/\/purama.lt\/lv\/wp-json\/wp\/v2\/product\/48534","targetHints":{"allow":["GET"]}}],"collection":[{"href":"https:\/\/purama.lt\/lv\/wp-json\/wp\/v2\/product"}],"about":[{"href":"https:\/\/purama.lt\/lv\/wp-json\/wp\/v2\/types\/product"}],"replies":[{"embeddable":true,"href":"https:\/\/purama.lt\/lv\/wp-json\/wp\/v2\/comments?post=48534"}],"wp:featuredmedia":[{"embeddable":true,"href":"https:\/\/purama.lt\/lv\/wp-json\/wp\/v2\/media\/48554"}],"wp:attachment":[{"href":"https:\/\/purama.lt\/lv\/wp-json\/wp\/v2\/media?parent=48534"}],"wp:term":[{"taxonomy":"product_brand","embeddable":true,"href":"https:\/\/purama.lt\/lv\/wp-json\/wp\/v2\/product_brand?post=48534"},{"taxonomy":"product_cat","embeddable":true,"href":"https:\/\/purama.lt\/lv\/wp-json\/wp\/v2\/product_cat?post=48534"},{"taxonomy":"product_tag","embeddable":true,"href":"https:\/\/purama.lt\/lv\/wp-json\/wp\/v2\/product_tag?post=48534"}],"curies":[{"name":"wp","href":"https:\/\/api.w.org\/{rel}","templated":true}]}}