{"id":48532,"date":"2026-04-22T09:04:13","date_gmt":"2026-04-22T07:04:13","guid":{"rendered":"https:\/\/purama.lt\/produktas\/sapiens-spray-coiffant-texturant-bio-teksturinis-plauku-purskiklis\/"},"modified":"2026-04-23T09:35:00","modified_gmt":"2026-04-23T07:35:00","slug":"sapiens-spray-coiffant-texturant-bio-teksturinis-plauku-purskiklis","status":"publish","type":"product","link":"https:\/\/purama.lt\/lv\/produktas\/sapiens-spray-coiffant-texturant-bio-teksturinis-plauku-purskiklis\/","title":{"rendered":"SAPIENS Spray Coiffant Texturant Bio tekst\u016bras veidojo\u0161s matu sprejs"},"content":{"rendered":"<p><strong>Izmanto\u0161ana<\/strong><br>Apskrudinkite plaukus vienodai.<br>Izklied\u0113jiet ar rok\u0101m un ieveidojiet matus p\u0113c vajadz\u012bbas.<\/p>\n\n\n\n<p><strong>Sast\u0101vda\u013cas<\/strong><br>\u016bdens, n\u0101trija hlor\u012bds, decilglikoz\u012bds, hidroliz\u0113ts kerat\u012bns, alveju lapu sulas pulveris, n\u0101trija benzo\u0101ts, citronsk\u0101be, smar\u017eas<\/p>","protected":false},"excerpt":{"rendered":"<p data-start=\"0\" data-end=\"559\"><strong data-start=\"16\" data-end=\"55\">Sapiens \u2014 Tekstur\u0113jo\u0161s veido\u0161anas aerosols<\/strong> Teksturiz\u0113jo\u0161s matu izsmidzin\u0101t\u0101js, kas pal\u012bdz pie\u0161\u0137irt matiem apjomu un izteiksm\u012bgu tekst\u016bru, nenoslogojot tos. Viegl\u0101 fiks\u0101cija pal\u012bdz saglab\u0101t dabisku, nep\u0101rkraut ieveidotu izskatu visas dienas garum\u0101, formula ir piem\u0113rota da\u017e\u0101diem matu tipiem, viegli izmazg\u0101jas, bet atsvaidzino\u0161ais j\u016bras arom\u0101ts pie\u0161\u0137ir t\u012br\u012bbas saj\u016btu. Sast\u0101v\u0101 eso\u0161ais kerat\u012bns veicina lab\u0101ku matu elast\u012bbu un notur\u012bbu, bet alveja pal\u012bdz uztur\u0113t m\u012bkst\u0101ku matu un galvas \u0101das saj\u016btu.<\/p>\n<p data-start=\"561\" data-end=\"906\"><strong data-start=\"561\" data-end=\"584\">K\u0101p\u0113c izv\u0113l\u0113ties<\/strong><br data-start=\"584\" data-end=\"587\" \/><strong data-start=\"587\" data-end=\"593\">\u2714\ufe0f<\/strong> Pie\u0161\u0137ir matiem tekst\u016bru un apjomu<br data-start=\"641\" data-end=\"644\" \/><strong data-start=\"644\" data-end=\"650\">\u2714\ufe0f<\/strong> Viegla fiks\u0101cija dabiskam rezult\u0101tam<br data-start=\"689\" data-end=\"692\" \/><strong data-start=\"692\" data-end=\"698\">\u2714\ufe0f<\/strong> Neapgr\u016bstina matus un viegli izmazg\u0101jas<br data-start=\"739\" data-end=\"742\" \/><strong data-start=\"742\" data-end=\"748\">\u2714\ufe0f<\/strong> Ar kerat\u012bnu un alveju ikdienas matu komfortam<br data-start=\"799\" data-end=\"802\" \/><strong data-start=\"802\" data-end=\"808\">\u2714\ufe0f<\/strong> Sertific\u0113ta ekolo\u0123iska formula, piem\u0113rota visiem matu tipiem<\/p>","protected":false},"featured_media":48552,"comment_status":"open","ping_status":"closed","template":"","meta":{"_acf_changed":false},"product_brand":[532],"product_cat":[57,92,304],"product_tag":[],"class_list":{"0":"post-48532","1":"product","2":"type-product","3":"status-publish","4":"has-post-thumbnail","6":"product_brand-sapiens","7":"product_cat-akcijos","8":"product_cat-groziui","9":"product_cat-plaukams","11":"first","12":"instock","13":"sale","14":"shipping-taxable","15":"purchasable","16":"product-type-simple"},"acf":[],"tiered_pricing_type":"fixed","tiered_pricing_fixed_rules":[],"tiered_pricing_product_settings":{"layout":"default","base_unit_name":{"singular":null,"plural":null},"default_variation":null},"tiered_pricing_minimum_quantity":null,"tiered_pricing_roles_data":[],"tiered_pricing_percentage_rules":[],"_links":{"self":[{"href":"https:\/\/purama.lt\/lv\/wp-json\/wp\/v2\/product\/48532","targetHints":{"allow":["GET"]}}],"collection":[{"href":"https:\/\/purama.lt\/lv\/wp-json\/wp\/v2\/product"}],"about":[{"href":"https:\/\/purama.lt\/lv\/wp-json\/wp\/v2\/types\/product"}],"replies":[{"embeddable":true,"href":"https:\/\/purama.lt\/lv\/wp-json\/wp\/v2\/comments?post=48532"}],"wp:featuredmedia":[{"embeddable":true,"href":"https:\/\/purama.lt\/lv\/wp-json\/wp\/v2\/media\/48552"}],"wp:attachment":[{"href":"https:\/\/purama.lt\/lv\/wp-json\/wp\/v2\/media?parent=48532"}],"wp:term":[{"taxonomy":"product_brand","embeddable":true,"href":"https:\/\/purama.lt\/lv\/wp-json\/wp\/v2\/product_brand?post=48532"},{"taxonomy":"product_cat","embeddable":true,"href":"https:\/\/purama.lt\/lv\/wp-json\/wp\/v2\/product_cat?post=48532"},{"taxonomy":"product_tag","embeddable":true,"href":"https:\/\/purama.lt\/lv\/wp-json\/wp\/v2\/product_tag?post=48532"}],"curies":[{"name":"wp","href":"https:\/\/api.w.org\/{rel}","templated":true}]}}