{"id":48483,"date":"2026-04-21T09:24:09","date_gmt":"2026-04-21T07:24:09","guid":{"rendered":"https:\/\/purama.lt\/produktas\/wild-eye-cooling-patch-vesinantis-akiu-pleistras\/"},"modified":"2026-04-23T09:29:23","modified_gmt":"2026-04-23T07:29:23","slug":"wild-eye-cooling-patch-vesinantis-akiu-pleistras","status":"publish","type":"product","link":"https:\/\/purama.lt\/lv\/produktas\/wild-eye-cooling-patch-vesinantis-akiu-pleistras\/","title":{"rendered":"WILD+ Acu dzes\u0113jo\u0161ais pl\u0101ksteris"},"content":{"rendered":"<p><strong>Izmanto\u0161ana<\/strong><br>Atveriet pakuot\u0119 un uzlieciet pl\u0101ksteri uz aizv\u0113rt\u0101m ac\u012bm<br>Lietojiet, kad nodro\u0161in\u0101tu atsvaidzino\u0161u komfortu m\u0101j\u0101s, darb\u0101 vai ce\u013cojuma laik\u0101<br>Nav nepiecie\u0161ams sald\u0113t; sekojiet nor\u0101d\u012bjumiem uz iepakojuma.<\/p>\n\n\n\n<p><strong>Sast\u0101vda\u013cas<\/strong><br>neaustais audums, medic\u012bniskais hidroGELS (\u016bdens saturs &gt;60 %), medic\u012bnisk\u0101 spiedienjut\u012bg\u0101 l\u012bme, plastmasas pl\u0113ve, atbr\u012bvojo\u0161ais oder\u0113jums<\/p>\n\n\n\n<p>Nepiecie\u0161ami dati: pilns ra\u017eot\u0101ja INCI vai pilns sast\u0101vs no iepakojuma<\/p>","protected":false},"excerpt":{"rendered":"<p data-start=\"0\" data-end=\"591\"><strong data-start=\"16\" data-end=\"45\">WILD+ \u2014 Acu atv\u0113sino\u0161s pl\u0101ksteris<\/strong> tas vienreiz\u0113ji dzes\u0113jo\u0161ie acu pl\u0101ksteri ir paredz\u0113ti \u0101trai svaiguma un komforta saj\u016btai noguru\u0161\u0101m ac\u012bm. Tas raksturojas ar <strong data-start=\"167\" data-end=\"198\">ar pa\u0161laiko dzes\u0113\u0161anas efektu<\/strong>, t\u0101p\u0113c to nav nepiecie\u0161ams uzglab\u0101t ledusskap\u012b, pal\u012bdz samazin\u0101t <strong data-start=\"254\" data-end=\"301\">acu noguruma, sausuma un piet\u016bkuma saj\u016btu<\/strong>, ir \u0113rti tur\u0113t m\u0101j\u0101s, darb\u0101 vai ce\u013cojot, viegli lietojams un \u0113rt\u0101k piegu\u013c, pateicoties regul\u0113jamai joslai. Hidrog\u0113la pamatne ar <strong data-start=\"445\" data-end=\"481\">didesniu nei 60 % vandens kiekiu<\/strong> saist\u012btas ar pat\u012bkamu v\u0113suma saj\u016btu un \u0113rt\u0101ku lieto\u0161anu acu zon\u0101.<\/p>\n<p data-start=\"593\" data-end=\"1073\"><strong data-start=\"593\" data-end=\"616\">K\u0101p\u0113c izv\u0113l\u0113ties<\/strong><br data-start=\"616\" data-end=\"619\" \/><strong data-start=\"619\" data-end=\"625\">\u2714\ufe0f<\/strong> Pa\u0161ild\u0101ms, t\u0101p\u0113c nav nepiecie\u0161ams sild\u012bt <br data-start=\"706\" data-end=\"709\" \/><strong data-start=\"709\" data-end=\"715\">\u2714\ufe0f<\/strong> Pal\u012bdz sniegt komforta saj\u016btu noguru\u0161\u0101m ac\u012bm <br data-start=\"804\" data-end=\"807\" \/><strong data-start=\"807\" data-end=\"813\">\u2714\ufe0f<\/strong> Hidrog\u0113la b\u0101ze ar &gt;60 % \u016bdens saturu <br data-start=\"896\" data-end=\"899\" \/><strong data-start=\"899\" data-end=\"905\">\u2714\ufe0f<\/strong> \u0112rti pa\u0146emt uz darbu vai ce\u013cojumu <br data-start=\"978\" data-end=\"981\" \/><strong data-start=\"981\" data-end=\"987\">\u2714\ufe0f<\/strong> Regul\u0113jama lente \u0113rt\u0101kai piegul\u0113\u0161anai<\/p>","protected":false},"featured_media":48450,"comment_status":"open","ping_status":"closed","template":"","meta":{"_acf_changed":false},"product_brand":[],"product_cat":[57,393,61],"product_tag":[],"class_list":{"0":"post-48483","1":"product","2":"type-product","3":"status-publish","4":"has-post-thumbnail","6":"product_cat-akcijos","7":"product_cat-dovanu-idejos","8":"product_cat-ramybei","10":"first","11":"instock","12":"sale","13":"shipping-taxable","14":"purchasable","15":"product-type-simple"},"acf":[],"tiered_pricing_type":"fixed","tiered_pricing_fixed_rules":[],"tiered_pricing_product_settings":{"layout":"default","base_unit_name":{"singular":null,"plural":null},"default_variation":null},"tiered_pricing_minimum_quantity":null,"tiered_pricing_roles_data":[],"tiered_pricing_percentage_rules":[],"_links":{"self":[{"href":"https:\/\/purama.lt\/lv\/wp-json\/wp\/v2\/product\/48483","targetHints":{"allow":["GET"]}}],"collection":[{"href":"https:\/\/purama.lt\/lv\/wp-json\/wp\/v2\/product"}],"about":[{"href":"https:\/\/purama.lt\/lv\/wp-json\/wp\/v2\/types\/product"}],"replies":[{"embeddable":true,"href":"https:\/\/purama.lt\/lv\/wp-json\/wp\/v2\/comments?post=48483"}],"wp:featuredmedia":[{"embeddable":true,"href":"https:\/\/purama.lt\/lv\/wp-json\/wp\/v2\/media\/48450"}],"wp:attachment":[{"href":"https:\/\/purama.lt\/lv\/wp-json\/wp\/v2\/media?parent=48483"}],"wp:term":[{"taxonomy":"product_brand","embeddable":true,"href":"https:\/\/purama.lt\/lv\/wp-json\/wp\/v2\/product_brand?post=48483"},{"taxonomy":"product_cat","embeddable":true,"href":"https:\/\/purama.lt\/lv\/wp-json\/wp\/v2\/product_cat?post=48483"},{"taxonomy":"product_tag","embeddable":true,"href":"https:\/\/purama.lt\/lv\/wp-json\/wp\/v2\/product_tag?post=48483"}],"curies":[{"name":"wp","href":"https:\/\/api.w.org\/{rel}","templated":true}]}}