{"id":48481,"date":"2026-04-21T09:24:08","date_gmt":"2026-04-21T07:24:08","guid":{"rendered":"https:\/\/purama.lt\/?post_type=product&#038;p=48481"},"modified":"2026-04-23T09:30:32","modified_gmt":"2026-04-23T07:30:32","slug":"wild-migraine-relief-cap-saldanti-kepure-migrenos-ir-galvos-skausmui-malsinti","status":"publish","type":"product","link":"https:\/\/purama.lt\/lv\/produktas\/wild-migraine-relief-cap-saldanti-kepure-migrenos-ir-galvos-skausmui-malsinti\/","title":{"rendered":"WILD+ Migr\u0113nas Ats\u0101pin\u0101t\u0101js Cepure Ledus Cepure Galvass\u0101pju un Migr\u0113nas Atvieglo\u0161anai"},"content":{"rendered":"<p><strong>Izmanto\u0161ana<\/strong><br>Pirms lieto\u0161anas v\u0113s\u0101 veid\u0101, turiet ledusskap\u012b no 30 min\u016bt\u0113m l\u012bdz 2 stund\u0101m, pirms lieto\u0161anas silt\u0101 veid\u0101, sildiet mikrovi\u013c\u0146u kr\u0101sn\u012b apm\u0113ram 40 sekundes.<br>Pirms pirm\u0101s lieto\u0161anas izskalojiet, jo izstr\u0101d\u0101jums non\u0101k saskar\u0113 ar \u0101du<br>P\u0113c lieto\u0161anas var mazg\u0101t un \u013caut dabiski iz\u017e\u016bt<\/p>\n\n\n\n<p><strong>Sast\u0101vda\u013cas<\/strong><br>augstas polim\u0113ru \u017eeleja, likras gluds audums<\/p>","protected":false},"excerpt":{"rendered":"<p data-start=\"0\" data-end=\"625\"><strong data-start=\"16\" data-end=\"80\">WILD+ \u2014 Galvass\u0101pju Vieglo\u0161anas Cepure, Atk\u0101rtoti Lietojama Karst\u0101\/Aukst\u0101 Migr\u0113nas Cepure<\/strong> t\u0101 ir atk\u0101rtoti lietojama auksto un karsto kompresu cepure, kas paredz\u0113ta liel\u0101kam atp\u016btai un komfortam, kad v\u0113laties galvas apvid\u016b sajust aptvero\u0161u v\u0113suma vai siltuma saj\u016btu. T\u0101 izce\u013cas <strong data-start=\"247\" data-end=\"273\">pilnu galvassegu<\/strong>, <strong data-start=\"275\" data-end=\"299\">elast\u012bgi piegulo\u0161u<\/strong>, <strong data-start=\"301\" data-end=\"336\">ar m\u012bkstu un elpojo\u0161u audumu<\/strong>, <strong data-start=\"338\" data-end=\"364\">daudzreiz\u0113jai lieto\u0161anai<\/strong> ir galimyb\u0117 naudoti tiek <strong data-start=\"390\" data-end=\"400\">auksti<\/strong>, gan <strong data-start=\"407\" data-end=\"417\">silti<\/strong>. Cepures forma \u013cauj toikst\u012bt to zem acu zonas, t\u0101p\u0113c t\u0101 var pal\u012bdz\u0113t rad\u012bt tum\u0161\u0101ku, mier\u012bg\u0101ku vidi atp\u016btai, savuk\u0101rt g\u0113la pamatne paliek elast\u012bga un atdzes\u0113ta.<\/p>\n<p data-start=\"627\" data-end=\"1141\"><strong data-start=\"627\" data-end=\"650\">K\u0101p\u0113c izv\u0113l\u0113ties<\/strong><br data-start=\"650\" data-end=\"653\" \/><strong data-start=\"653\" data-end=\"659\">\u2714\ufe0f<\/strong> Lieliski gan aukstai, gan siltajai terapijai <br data-start=\"738\" data-end=\"741\" \/><strong data-start=\"741\" data-end=\"747\">\u2714\ufe0f<\/strong> Piln\u012bb\u0101 ap\u0146em galvas zonu un \u0113rti piegu\u013c <br data-start=\"836\" data-end=\"839\" \/><strong data-start=\"839\" data-end=\"845\">\u2714\ufe0f<\/strong> Elast\u012bga forma piel\u0101gojas da\u017e\u0101d\u0101m galvas form\u0101m <br data-start=\"938\" data-end=\"941\" \/><strong data-start=\"941\" data-end=\"947\">\u2714\ufe0f<\/strong> M\u012bksts, elpojo\u0161s un atk\u0101rtoti lietojams <br data-start=\"1031\" data-end=\"1034\" \/><strong data-start=\"1034\" data-end=\"1040\">\u2714\ufe0f<\/strong> Vai varat pal\u012bdz\u0113t mazin\u0101t gaismas kairin\u0101juma ietekmi atp\u016btas laik\u0101<\/p>","protected":false},"featured_media":48451,"comment_status":"open","ping_status":"closed","template":"","meta":{"_acf_changed":false},"product_brand":[],"product_cat":[57,393,61],"product_tag":[],"class_list":{"0":"post-48481","1":"product","2":"type-product","3":"status-publish","4":"has-post-thumbnail","6":"product_cat-akcijos","7":"product_cat-dovanu-idejos","8":"product_cat-ramybei","10":"first","11":"instock","12":"sale","13":"shipping-taxable","14":"purchasable","15":"product-type-variable"},"acf":[],"tiered_pricing_type":"fixed","tiered_pricing_fixed_rules":[],"tiered_pricing_product_settings":{"layout":"default","base_unit_name":{"singular":null,"plural":null},"default_variation":null},"tiered_pricing_minimum_quantity":null,"tiered_pricing_roles_data":[],"tiered_pricing_percentage_rules":[],"_links":{"self":[{"href":"https:\/\/purama.lt\/lv\/wp-json\/wp\/v2\/product\/48481","targetHints":{"allow":["GET"]}}],"collection":[{"href":"https:\/\/purama.lt\/lv\/wp-json\/wp\/v2\/product"}],"about":[{"href":"https:\/\/purama.lt\/lv\/wp-json\/wp\/v2\/types\/product"}],"replies":[{"embeddable":true,"href":"https:\/\/purama.lt\/lv\/wp-json\/wp\/v2\/comments?post=48481"}],"wp:featuredmedia":[{"embeddable":true,"href":"https:\/\/purama.lt\/lv\/wp-json\/wp\/v2\/media\/48451"}],"wp:attachment":[{"href":"https:\/\/purama.lt\/lv\/wp-json\/wp\/v2\/media?parent=48481"}],"wp:term":[{"taxonomy":"product_brand","embeddable":true,"href":"https:\/\/purama.lt\/lv\/wp-json\/wp\/v2\/product_brand?post=48481"},{"taxonomy":"product_cat","embeddable":true,"href":"https:\/\/purama.lt\/lv\/wp-json\/wp\/v2\/product_cat?post=48481"},{"taxonomy":"product_tag","embeddable":true,"href":"https:\/\/purama.lt\/lv\/wp-json\/wp\/v2\/product_tag?post=48481"}],"curies":[{"name":"wp","href":"https:\/\/api.w.org\/{rel}","templated":true}]}}