{"id":47827,"date":"2026-04-08T12:51:49","date_gmt":"2026-04-08T10:51:49","guid":{"rendered":"https:\/\/purama.lt\/produktas\/cosrx-pure-fit-cica-cream-veido-kremas-su-cica-7-kompleksu\/"},"modified":"2026-04-08T13:17:08","modified_gmt":"2026-04-08T11:17:08","slug":"cosrx-pure-fit-cica-cream-veido-kremas-su-cica-7-kompleksu","status":"publish","type":"product","link":"https:\/\/purama.lt\/lv\/produktas\/cosrx-pure-fit-cica-cream-veido-kremas-su-cica-7-kompleksu\/","title":{"rendered":"COSRX Pure Fit Cica Cream veido kremas su CICA-7 kompleksu"},"content":{"rendered":"<p><strong>Izmanto\u0161ana<\/strong><br>Tepkite ant \u0161varios odos kaip paskutin\u012f odos prie\u017ei\u016bros \u017eingsn\u012f<br>Tolygiai paskirstykite ant veido ir \u0161velniai \u012ftap\u0161nokite, kad geriau \u012fsigert\u0173<br>Esant poreikiui, derinkite su tos pa\u010dios linijos toniku ir serumu<\/p>\n\n\n\n<p><strong>Sast\u0101vda\u013cas<\/strong><br>centella asiatica extract, centella asiatica leaf extract, centella asiatica root extract, butylene glycol, glycerin, helianthus annuus (sunflower) seed oil, caprylic\/capric triglyceride, 1,2-hexanediol, cetearyl olivate, sorbitan olivate, triethylhexanoin, macadamia ternifolia seed oil, beeswax, panthenol, cetearyl alcohol, ethylhexylglycerin, hydroxyethyl acrylate\/sodium acryloyldimethyl taurate copolymer, cyclohexasiloxane, asiaticoside, madecassic acid, asiatic acid, arginine, madecassoside, allantoin, carbomer, dimethicone\/vinyl dimethicone crosspolymer, sodium hyaluronate, water, pinus pinaster bark extract<\/p>","protected":false},"excerpt":{"rendered":"<p data-start=\"0\" data-end=\"727\"><strong data-start=\"16\" data-end=\"47\">COSRX \u2014 Pure Fit Cica Cream<\/strong> lengvas, bet komforti\u0161kas veido kremas, skirtas jautriai, sudirgusiai ir \u012f paraudim\u0105 linkusiai odai. Jis padeda <strong data-start=\"160\" data-end=\"175\">raminti od\u0105<\/strong>, <strong data-start=\"177\" data-end=\"210\">palaikyti jos dr\u0117gm\u0117s balans\u0105<\/strong>, <strong data-start=\"212\" data-end=\"261\">stiprinti komforti\u0161kesn\u0117s odos barjero poj\u016bt\u012f<\/strong>, <strong data-start=\"263\" data-end=\"291\">mink\u0161tinti odos pavir\u0161i\u0173<\/strong> ir greitai susigeria nepalikdamas sunkaus sluoksnio. Formul\u0117je naudojamas <strong data-start=\"366\" data-end=\"396\">Pure Fit CICA-7 kompleksas<\/strong>, o sud\u0117tis papildyta pantenoliu, alantoinu ir natrio hialuronatu, tod\u0117l kremas tinka kasdienei prie\u017ei\u016brai, kai oda jau\u010diasi jautresn\u0117 ar nusilpusi. Centella asiatica yra gerai i\u0161tirtas kosmetinis ingredientas, vertinamas d\u0117l raminam\u0173j\u0173 savybi\u0173 ir geb\u0117jimo pad\u0117ti palaikyti ger\u0105 odos komfort\u0105.<\/p>\n<p data-start=\"729\" data-end=\"1012\"><strong data-start=\"729\" data-end=\"752\">K\u0101p\u0113c izv\u0113l\u0113ties<\/strong><br data-start=\"752\" data-end=\"755\" \/><strong data-start=\"755\" data-end=\"761\">\u2714\ufe0f<\/strong> Padeda raminti jautri\u0105 ir sudirgusi\u0105 od\u0105<br data-start=\"802\" data-end=\"805\" \/><strong data-start=\"805\" data-end=\"811\">\u2714\ufe0f<\/strong> Dr\u0117kina ir suteikia odai daugiau komforto<br data-start=\"853\" data-end=\"856\" \/><strong data-start=\"856\" data-end=\"862\">\u2714\ufe0f<\/strong> Greitai susigeria ir neapsunkina odos<br data-start=\"900\" data-end=\"903\" \/><strong data-start=\"903\" data-end=\"909\">\u2714\ufe0f<\/strong> Tinka kasdienei jautrios odos prie\u017ei\u016brai<br data-start=\"950\" data-end=\"953\" \/><strong data-start=\"953\" data-end=\"959\">\u2714\ufe0f<\/strong> Papildytas pantenoliu, alantoinu ir cica kompleksu<\/p>","protected":false},"featured_media":47831,"comment_status":"open","ping_status":"closed","template":"","meta":{"_acf_changed":false},"product_brand":[418],"product_cat":[92,55,59],"product_tag":[],"class_list":{"0":"post-47827","1":"product","2":"type-product","3":"status-publish","4":"has-post-thumbnail","6":"product_brand-cosrx","7":"product_cat-groziui","8":"product_cat-veido-kremai","9":"product_cat-veidui","11":"first","12":"instock","13":"shipping-taxable","14":"purchasable","15":"product-type-simple"},"acf":[],"tiered_pricing_type":"fixed","tiered_pricing_fixed_rules":[],"tiered_pricing_product_settings":{"layout":"default","base_unit_name":{"singular":null,"plural":null},"default_variation":null},"tiered_pricing_minimum_quantity":null,"tiered_pricing_roles_data":[],"tiered_pricing_percentage_rules":[],"_links":{"self":[{"href":"https:\/\/purama.lt\/lv\/wp-json\/wp\/v2\/product\/47827","targetHints":{"allow":["GET"]}}],"collection":[{"href":"https:\/\/purama.lt\/lv\/wp-json\/wp\/v2\/product"}],"about":[{"href":"https:\/\/purama.lt\/lv\/wp-json\/wp\/v2\/types\/product"}],"replies":[{"embeddable":true,"href":"https:\/\/purama.lt\/lv\/wp-json\/wp\/v2\/comments?post=47827"}],"wp:featuredmedia":[{"embeddable":true,"href":"https:\/\/purama.lt\/lv\/wp-json\/wp\/v2\/media\/47831"}],"wp:attachment":[{"href":"https:\/\/purama.lt\/lv\/wp-json\/wp\/v2\/media?parent=47827"}],"wp:term":[{"taxonomy":"product_brand","embeddable":true,"href":"https:\/\/purama.lt\/lv\/wp-json\/wp\/v2\/product_brand?post=47827"},{"taxonomy":"product_cat","embeddable":true,"href":"https:\/\/purama.lt\/lv\/wp-json\/wp\/v2\/product_cat?post=47827"},{"taxonomy":"product_tag","embeddable":true,"href":"https:\/\/purama.lt\/lv\/wp-json\/wp\/v2\/product_tag?post=47827"}],"curies":[{"name":"wp","href":"https:\/\/api.w.org\/{rel}","templated":true}]}}