{"id":47824,"date":"2026-04-08T12:51:46","date_gmt":"2026-04-08T10:51:46","guid":{"rendered":"https:\/\/purama.lt\/produktas\/cosrx-hydrium-green-tea-aqua-soothing-gel-cream-raminamasis-gelinis-veido-kremas\/"},"modified":"2026-04-08T13:13:06","modified_gmt":"2026-04-08T11:13:06","slug":"cosrx-hydrium-green-tea-aqua-soothing-gel-cream-raminamasis-gelinis-veido-kremas","status":"publish","type":"product","link":"https:\/\/purama.lt\/lv\/produktas\/cosrx-hydrium-green-tea-aqua-soothing-gel-cream-raminamasis-gelinis-veido-kremas\/","title":{"rendered":"COSRX Hydrium Green Tea Aqua Soothing Gel Cream raminamasis gelinis veido kremas"},"content":{"rendered":"<p><strong>Izmanto\u0161ana<\/strong><br>Tepkite ant \u0161varios, tonizuotos veido odos, vengdami aki\u0173 ir burnos srities<br>\u0160velniai paskirstykite ir lengvai \u012ftap\u0161nokite, kad geriau \u012fsigert\u0173<br>Naudokite kaip paskutin\u012f odos prie\u017ei\u016bros \u017eingsn\u012f prie\u0161 SPF ryte arba kaip krem\u0105 vakare<\/p>\n\n\n\n<p><strong>Sast\u0101vda\u013cas<\/strong><br>water, propanediol, camellia sinensis leaf extract, glycerin, pentylene glycol, 1,2-hexanediol, acrylates\/c10-30 alkyl acrylate crosspolymer, panthenol, tromethamine, butylene glycol, cetearyl olivate, sorbitan olivate, allantoin, aloe ferox leaf extract, ethylhexylglycerin, glyceryl acrylate\/acrylic acid copolymer, disodium edta, hydrolyzed hibiscus esculentus extract, lupinus albus seed extract, moringa oleifera seed extract, melia azadirachta leaf extract, melia azadirachta flower extract<\/p>","protected":false},"excerpt":{"rendered":"<p data-start=\"0\" data-end=\"723\"><strong data-start=\"16\" data-end=\"69\">COSRX \u2014 Hydrium Green Tea Aqua Soothing Gel Cream<\/strong> lengvas gelinis veido kremas, skirtas odos <strong data-start=\"113\" data-end=\"169\">dr\u0117kinimui, nuraminimui ir gaiviam komforto poj\u016b\u010diui<\/strong>. Jis ypa\u010d tinka mi\u0161riai, riebesnei ar sudirgusiai odai, kai norisi neapsunkinan\u010dios tekst\u016bros ir greitai susigerian\u010dios prie\u017ei\u016bros. Formul\u0117 su \u017ealiosios arbatos ekstraktu, pantenoliu ir alantoinu padeda <strong data-start=\"373\" data-end=\"388\">raminti od\u0105<\/strong>, <strong data-start=\"390\" data-end=\"419\">palaikyti dr\u0117gm\u0117s balans\u0105<\/strong>, <strong data-start=\"421\" data-end=\"447\">suteikti gaivos poj\u016bt\u012f<\/strong>, <strong data-start=\"449\" data-end=\"477\">mink\u0161tinti odos pavir\u0161i\u0173<\/strong> ir palieka nelipn\u0173, lengv\u0105 fini\u0161\u0105. \u017daliosios arbatos ekstraktas yra gerai i\u0161tirtas kosmetinis ingredientas, vertinamas d\u0117l savo antioksidacini\u0173 savybi\u0173 ir geb\u0117jimo pad\u0117ti palaikyti komforti\u0161kesn\u0119 odos b\u016bkl\u0119.<\/p>\n<p data-start=\"725\" data-end=\"1027\"><strong data-start=\"725\" data-end=\"748\">K\u0101p\u0113c izv\u0113l\u0113ties<\/strong><br data-start=\"748\" data-end=\"751\" \/><strong data-start=\"751\" data-end=\"757\">\u2714\ufe0f<\/strong> Lengva gelin\u0117 tekst\u016bra greitai susigeria<br data-start=\"798\" data-end=\"801\" \/><strong data-start=\"801\" data-end=\"807\">\u2714\ufe0f<\/strong> Padeda raminti paraudusi\u0105 ir jautriau besijau\u010dian\u010di\u0105 od\u0105<br data-start=\"864\" data-end=\"867\" \/><strong data-start=\"867\" data-end=\"873\">\u2714\ufe0f<\/strong> Dr\u0117kina neapsunkindamas odos<br data-start=\"902\" data-end=\"905\" \/><strong data-start=\"905\" data-end=\"911\">\u2714\ufe0f<\/strong> Tinka mi\u0161riai ir riebesnei odai<br data-start=\"943\" data-end=\"946\" \/><strong data-start=\"946\" data-end=\"952\">\u2714\ufe0f<\/strong> Suteikia gaiv\u0173 ir komforti\u0161k\u0105 poj\u016bt\u012f<\/p>","protected":false},"featured_media":47832,"comment_status":"open","ping_status":"closed","template":"","meta":{"_acf_changed":true},"product_brand":[418],"product_cat":[92,55,59],"product_tag":[],"class_list":{"0":"post-47824","1":"product","2":"type-product","3":"status-publish","4":"has-post-thumbnail","6":"product_brand-cosrx","7":"product_cat-groziui","8":"product_cat-veido-kremai","9":"product_cat-veidui","11":"first","12":"instock","13":"shipping-taxable","14":"purchasable","15":"product-type-simple"},"acf":[],"tiered_pricing_type":"fixed","tiered_pricing_fixed_rules":[],"tiered_pricing_product_settings":{"layout":"default","base_unit_name":{"singular":null,"plural":null},"default_variation":null},"tiered_pricing_minimum_quantity":null,"tiered_pricing_roles_data":[],"tiered_pricing_percentage_rules":[],"_links":{"self":[{"href":"https:\/\/purama.lt\/lv\/wp-json\/wp\/v2\/product\/47824","targetHints":{"allow":["GET"]}}],"collection":[{"href":"https:\/\/purama.lt\/lv\/wp-json\/wp\/v2\/product"}],"about":[{"href":"https:\/\/purama.lt\/lv\/wp-json\/wp\/v2\/types\/product"}],"replies":[{"embeddable":true,"href":"https:\/\/purama.lt\/lv\/wp-json\/wp\/v2\/comments?post=47824"}],"wp:featuredmedia":[{"embeddable":true,"href":"https:\/\/purama.lt\/lv\/wp-json\/wp\/v2\/media\/47832"}],"wp:attachment":[{"href":"https:\/\/purama.lt\/lv\/wp-json\/wp\/v2\/media?parent=47824"}],"wp:term":[{"taxonomy":"product_brand","embeddable":true,"href":"https:\/\/purama.lt\/lv\/wp-json\/wp\/v2\/product_brand?post=47824"},{"taxonomy":"product_cat","embeddable":true,"href":"https:\/\/purama.lt\/lv\/wp-json\/wp\/v2\/product_cat?post=47824"},{"taxonomy":"product_tag","embeddable":true,"href":"https:\/\/purama.lt\/lv\/wp-json\/wp\/v2\/product_tag?post=47824"}],"curies":[{"name":"wp","href":"https:\/\/api.w.org\/{rel}","templated":true}]}}