{"id":47822,"date":"2026-04-08T12:51:45","date_gmt":"2026-04-08T10:51:45","guid":{"rendered":"https:\/\/purama.lt\/produktas\/cosrx-advanced-snail-radiance-dual-essence-veido-esencija\/"},"modified":"2026-04-08T13:09:31","modified_gmt":"2026-04-08T11:09:31","slug":"cosrx-advanced-snail-radiance-dual-essence-veido-esencija","status":"publish","type":"product","link":"https:\/\/purama.lt\/lv\/produktas\/cosrx-advanced-snail-radiance-dual-essence-veido-esencija\/","title":{"rendered":"COSRX Advanced Snail Radiance Dual Essence veido esencija"},"content":{"rendered":"<p><strong>Izmanto\u0161ana<\/strong><br>I\u0161spauskite tinkam\u0105 kiek\u012f, sumai\u0161ykite abi esencijas ir \u0161velniai paskirstykite ant veido<br>Lengvai patap\u0161nokite, kad produktas geriau \u012fsigert\u0173<br>Naudokite po toniko, prie\u0161 krem\u0105<\/p>\n\n\n\n<p><strong>Sast\u0101vda\u013cas<\/strong><br>snail secretion filtrate, butylene glycol, niacinamide, 1,2-hexanediol, betaine, panthenol, water, glycerin, limnanthes alba (meadowfoam) seed oil, helianthus annuus (sunflower) seed oil, allantoin, carbomer, macadamia ternifolia seed oil, sodium polyacrylate, sodium hyaluronate, inulin lauryl carbamate, arginine, argania spinosa kernel oil, xanthan gum, sodium surfactin, ethylhexylglycerin, glutathione<\/p>","protected":false},"excerpt":{"rendered":"<p data-start=\"0\" data-end=\"721\"><strong data-start=\"16\" data-end=\"64\">COSRX \u2014 Advanced Snail Radiance Dual Essence<\/strong> veido esencija, sukurta odos <strong data-start=\"94\" data-end=\"151\">dr\u0117kinimui, skaistumui ir elastingesn\u0117s odos poj\u016b\u010diui<\/strong>. Dviguba formul\u0117 su sraigi\u0173 sekretu, niacinamidu ir glutathionu padeda atgaivinti pavargusiai atrodan\u010di\u0105 od\u0105, suteikia jai daugiau \u0161vyt\u0117jimo, mink\u0161tumo ir komforto. \u0160i esencija ypa\u010d tinka, kai oda atrodo papilk\u0117jusi, i\u0161saus\u0117jusi ar praradusi gyvybingum\u0105. Produktas padeda <strong data-start=\"424\" data-end=\"448\">intensyviai dr\u0117kinti<\/strong>, <strong data-start=\"450\" data-end=\"478\">vizualiai skaistinti od\u0105<\/strong>, <strong data-start=\"480\" data-end=\"504\">gerinti jos glotnum\u0105<\/strong>, <strong data-start=\"506\" data-end=\"541\">palaikyti odos barjero komfort\u0105<\/strong> ir palieka <strong data-start=\"553\" data-end=\"578\">nelipn\u0173, gaiv\u0173 poj\u016bt\u012f<\/strong>. Niacinamidas yra gerai i\u0161tirtas kosmetinis ingredientas, vertinamas d\u0117l savo geb\u0117jimo pad\u0117ti palaikyti tolygesn\u0119 ir skaistesn\u0119 odos i\u0161vaizd\u0105.<\/p>\n<p data-start=\"723\" data-end=\"1041\"><strong data-start=\"723\" data-end=\"746\">K\u0101p\u0113c izv\u0113l\u0113ties<\/strong><br data-start=\"746\" data-end=\"749\" \/><strong data-start=\"749\" data-end=\"755\">\u2714\ufe0f<\/strong> Intensyviai dr\u0117kina ir suteikia odai komforto<br data-start=\"801\" data-end=\"804\" \/><strong data-start=\"804\" data-end=\"810\">\u2714\ufe0f<\/strong> Padeda suteikti skaistesn\u0117s ir gyvybingesn\u0117s odos \u012fsp\u016bd\u012f<br data-start=\"867\" data-end=\"870\" \/><strong data-start=\"870\" data-end=\"876\">\u2714\ufe0f<\/strong> Prisideda prie glotnesn\u0117s ir putlesn\u0117s odos poj\u016b\u010dio<br data-start=\"928\" data-end=\"931\" \/><strong data-start=\"931\" data-end=\"937\">\u2714\ufe0f<\/strong> Tinka pavargusiai, sausai ir \u0161iurk\u0161tesnei odai<br data-start=\"984\" data-end=\"987\" \/><strong data-start=\"987\" data-end=\"993\">\u2714\ufe0f<\/strong> Nelipni, gaivi tekst\u016bra kasdieniam naudojimui<\/p>","protected":false},"featured_media":47829,"comment_status":"open","ping_status":"closed","template":"","meta":{"_acf_changed":false},"product_brand":[418],"product_cat":[92,56,59],"product_tag":[],"class_list":{"0":"post-47822","1":"product","2":"type-product","3":"status-publish","4":"has-post-thumbnail","6":"product_brand-cosrx","7":"product_cat-groziui","8":"product_cat-veido-serumai","9":"product_cat-veidui","11":"first","12":"instock","13":"shipping-taxable","14":"purchasable","15":"product-type-simple"},"acf":[],"tiered_pricing_type":"fixed","tiered_pricing_fixed_rules":[],"tiered_pricing_product_settings":{"layout":"default","base_unit_name":{"singular":null,"plural":null},"default_variation":null},"tiered_pricing_minimum_quantity":null,"tiered_pricing_roles_data":[],"tiered_pricing_percentage_rules":[],"_links":{"self":[{"href":"https:\/\/purama.lt\/lv\/wp-json\/wp\/v2\/product\/47822","targetHints":{"allow":["GET"]}}],"collection":[{"href":"https:\/\/purama.lt\/lv\/wp-json\/wp\/v2\/product"}],"about":[{"href":"https:\/\/purama.lt\/lv\/wp-json\/wp\/v2\/types\/product"}],"replies":[{"embeddable":true,"href":"https:\/\/purama.lt\/lv\/wp-json\/wp\/v2\/comments?post=47822"}],"wp:featuredmedia":[{"embeddable":true,"href":"https:\/\/purama.lt\/lv\/wp-json\/wp\/v2\/media\/47829"}],"wp:attachment":[{"href":"https:\/\/purama.lt\/lv\/wp-json\/wp\/v2\/media?parent=47822"}],"wp:term":[{"taxonomy":"product_brand","embeddable":true,"href":"https:\/\/purama.lt\/lv\/wp-json\/wp\/v2\/product_brand?post=47822"},{"taxonomy":"product_cat","embeddable":true,"href":"https:\/\/purama.lt\/lv\/wp-json\/wp\/v2\/product_cat?post=47822"},{"taxonomy":"product_tag","embeddable":true,"href":"https:\/\/purama.lt\/lv\/wp-json\/wp\/v2\/product_tag?post=47822"}],"curies":[{"name":"wp","href":"https:\/\/api.w.org\/{rel}","templated":true}]}}