{"id":47015,"date":"2026-03-17T09:28:07","date_gmt":"2026-03-17T07:28:07","guid":{"rendered":"https:\/\/purama.lt\/produktas\/cosrx-two-in-one-poreless-power-liquid-poras-mazinanti-esencija\/"},"modified":"2026-04-13T16:02:14","modified_gmt":"2026-04-13T14:02:14","slug":"cosrx-divi-viena-bez-poram-specigs-skidrums-poru-samazinosa-esence","status":"publish","type":"product","link":"https:\/\/purama.lt\/lv\/produktas\/cosrx-two-in-one-poreless-power-liquid-poras-mazinanti-esencija\/","title":{"rendered":"COSRX TWO IN ONE PORELESS POWER LIQUID poras mazino\u0161a esence"},"content":{"rendered":"<p><strong>Izmanto\u0161ana<\/strong><br>P\u0113c mazg\u0101\u0161anas samitriniet vates spilventi\u0146u un viegli p\u0101rvelciet to p\u0101ri sejai, izvairoties no acu un l\u016bpu zonas.<br>Var izmantot ar\u012b k\u0101 \u012bsu toniz\u0113jo\u0161u kompresi vakar\u0101 5-10 min\u016btes uz porain\u0101m vai balin\u0101t\u0101m viet\u0101m.<br>Iev\u0113rojiet uz iepakojuma nor\u0101d\u012bjumus.<\/p>\n\n\n\n<p><strong>Sast\u0101vda\u013cas<\/strong><br>salix alba (v\u012btols), butil\u0113nglikols, hidroksipropilciklodekstr\u012bns, \u016bdens, pentil\u0113nglikols, 1,2-heks\u0101ndiols, beta\u012bna salicil\u0101ts, argin\u012bns, beta\u012bns, PEG-60 hidrogen\u0113ta r\u012bcine\u013c\u013ca, alanto\u012bns, pantenols, etilheksilglicer\u012bns, n\u0101trija hialuron\u0101ts, karbom\u0113rs, cassia obtusifolia s\u0113klu ekstrakts, mentha haplocalix ekstrakts, mentilakt\u0101ts.<\/p>\n\n\n\n<p>Vai mekl\u0113jat vair\u0101k? Apskatiet visu <a href=\"\/lv\/produktu-etiketes\/cosrx\/\">COSRX sortiments<\/a>.<\/p>","protected":false},"excerpt":{"rendered":"<p data-start=\"0\" data-end=\"795\"><strong data-start=\"16\" data-end=\"60\">COSRX - Divi vien\u0101 Poreless Power Liquid<\/strong> ir vieglas konsistences esence-toniks \u0101dai ar noslieci uz... <strong data-start=\"129\" data-end=\"191\">aizs\u0113r\u0113ju\u0161as poras, p\u0101rm\u0113r\u012bgs sebuma daudzums un nevienm\u0113r\u012bga tekst\u016bra.<\/strong>. Formula ar <strong data-start=\"204\" data-end=\"245\">88 % Balt\u0101 v\u012btolu mizas \u016bdens<\/strong>, pal\u012bdz beta\u012bna salicil\u0101ts, beta\u012bns, pantenols un n\u0101trija hialuron\u0101ts. <strong data-start=\"316\" data-end=\"443\">maigi p\u012blings, izl\u012bdzina \u0101du, saglab\u0101 t\u012br\u0101ku poru izskatu, mazina taukain\u012bbu un nodro\u0161ina liel\u0101ku svaigumu.<\/strong>. Tas ir \u012bpa\u0161i piem\u0113rots jaukta tipa, taukainai vai problem\u0101tiskai \u0101dai, ja v\u0113laties ikdienas kop\u0161anas l\u012bdzek\u013cus, kas neapgr\u016btina un pal\u012bdz saglab\u0101t glud\u0101ku \u0101das izskatu. Balt\u0101 v\u012btolu mizas \u016bdens un beta\u012bna salicil\u0101ts kosm\u0113tik\u0101 tiek augstu v\u0113rt\u0113ti, jo tie saudz\u012bgi p\u012blingo \u0101das virsmu un pal\u012bdz r\u016bp\u0113ties par \u0101du ar noslogot\u012bbu.<\/p>\n<p data-start=\"797\" data-end=\"1108\"><strong data-start=\"797\" data-end=\"820\">K\u0101p\u0113c izv\u0113l\u0113ties<\/strong><br data-start=\"820\" data-end=\"823\" \/><strong data-start=\"823\" data-end=\"829\">\u2714\ufe0f<\/strong> Pal\u012bdz maigi nolob\u012bt un izl\u012bdzin\u0101t \u0101das virsmu.<br data-start=\"882\" data-end=\"885\" \/><strong data-start=\"885\" data-end=\"891\">\u2714\ufe0f<\/strong> Veicina t\u012br\u0101ku un maz\u0101k paman\u0101mu poru izskatu.<br data-start=\"951\" data-end=\"954\" \/><strong data-start=\"954\" data-end=\"960\">\u2714\ufe0f<\/strong> Nodro\u0161ina vieglu svaiguma un v\u0113suma saj\u016btu.<br data-start=\"999\" data-end=\"1002\" \/><strong data-start=\"1002\" data-end=\"1008\">\u2714\ufe0f<\/strong> Piem\u0113rots taukainai, jauktai un nevienm\u0113r\u012bgai \u0101dai<\/p>","protected":false},"featured_media":47001,"comment_status":"open","ping_status":"closed","template":"","meta":{"_acf_changed":false},"product_brand":[418],"product_cat":[57,92,56,59],"product_tag":[],"class_list":{"0":"post-47015","1":"product","2":"type-product","3":"status-publish","4":"has-post-thumbnail","6":"product_brand-cosrx","7":"product_cat-akcijos","8":"product_cat-groziui","9":"product_cat-veido-serumai","10":"product_cat-veidui","12":"first","13":"instock","14":"sale","15":"shipping-taxable","16":"purchasable","17":"product-type-simple"},"acf":[],"tiered_pricing_type":"fixed","tiered_pricing_fixed_rules":[],"tiered_pricing_product_settings":{"layout":"default","base_unit_name":{"singular":null,"plural":null},"default_variation":null},"tiered_pricing_minimum_quantity":null,"tiered_pricing_roles_data":[],"tiered_pricing_percentage_rules":[],"_links":{"self":[{"href":"https:\/\/purama.lt\/lv\/wp-json\/wp\/v2\/product\/47015","targetHints":{"allow":["GET"]}}],"collection":[{"href":"https:\/\/purama.lt\/lv\/wp-json\/wp\/v2\/product"}],"about":[{"href":"https:\/\/purama.lt\/lv\/wp-json\/wp\/v2\/types\/product"}],"replies":[{"embeddable":true,"href":"https:\/\/purama.lt\/lv\/wp-json\/wp\/v2\/comments?post=47015"}],"wp:featuredmedia":[{"embeddable":true,"href":"https:\/\/purama.lt\/lv\/wp-json\/wp\/v2\/media\/47001"}],"wp:attachment":[{"href":"https:\/\/purama.lt\/lv\/wp-json\/wp\/v2\/media?parent=47015"}],"wp:term":[{"taxonomy":"product_brand","embeddable":true,"href":"https:\/\/purama.lt\/lv\/wp-json\/wp\/v2\/product_brand?post=47015"},{"taxonomy":"product_cat","embeddable":true,"href":"https:\/\/purama.lt\/lv\/wp-json\/wp\/v2\/product_cat?post=47015"},{"taxonomy":"product_tag","embeddable":true,"href":"https:\/\/purama.lt\/lv\/wp-json\/wp\/v2\/product_tag?post=47015"}],"curies":[{"name":"wp","href":"https:\/\/api.w.org\/{rel}","templated":true}]}}