{"id":47013,"date":"2026-03-17T09:28:00","date_gmt":"2026-03-17T07:28:00","guid":{"rendered":"https:\/\/purama.lt\/produktas\/cosrx-the-6-peptide-skin-booster-serumas-su-peptidais\/"},"modified":"2026-04-13T16:03:18","modified_gmt":"2026-04-13T14:03:18","slug":"cosrx-6-peptidu-adas-serums","status":"publish","type":"product","link":"https:\/\/purama.lt\/lv\/produktas\/cosrx-the-6-peptide-skin-booster-serumas-su-peptidais\/","title":{"rendered":"COSRX The 6 Peptide Skin Booster serums ar pept\u012bdiem"},"content":{"rendered":"<p><strong>Izmanto\u0161ana<\/strong><br>P\u0113c mazg\u0101\u0161anas uzkl\u0101jiet 2\u20133 reizes uz sejas \u0101das<br>Maigiem gl\u0101stiem iesm\u0113r\u0113jiet, l\u012bdz tas ies\u016bcas, tad turpiniet ierasto proced\u016bru ar citiem l\u012bdzek\u013ciem.<\/p>\n\n\n\n<p><strong>Sast\u0101vda\u013cas<\/strong><br>\u016bdens, dipropil\u0113nglikols, glicer\u012bns, pentil\u0113nglikols, 1,2-heks\u0101ndiols, niacinam\u012bds, acetilheksapept\u012bds-8, vara tripept\u012bds-1, sh-polipept\u012bds-121, dipept\u012bda diaminobutiroilbenzilam\u012bda diacet\u0101ts, oligopept\u012bds-68, palmitoiltripept\u012bds-8, alanto\u012bns, n\u0101trija hialuron\u0101ts, acetilglikozam\u012bns, ser\u012bns, alan\u012bns, glic\u012bns, treon\u012bns, argin\u012bns, prolinols, beta\u012bns, n\u0101trija pca, n\u0101trija lakt\u0101ts, pca, glutam\u012bnsk\u0101be, liz\u012bna hcl, tokoferols, dekstr\u0101ns, glic\u012bna sojas (sojas) e\u013c\u013ca, hidrogen\u0113ts lecit\u012bns, amonija akriloildimetiltaur\u0101ts\/vp kopolim\u0113rs, poliakril\u0101ta krosspolim\u0113rs-6, butil\u0113nglikols, ksant\u0101na sve\u0137i, etilheksilglicer\u012bns, adenoz\u012bns, polikvaternijs-51, din\u0101trija edta, citronsk\u0101be, kaprilglikols, t-butilspirts, k\u0101lija sorb\u0101ts, n\u0101trija ole\u0101ts<\/p>\n\n\n\n<p>Vai mekl\u0113jat vair\u0101k? Apskatiet visu <a href=\"\/lv\/produktu-etiketes\/cosrx\/\">COSRX sortiments<\/a>.<\/p>","protected":false},"excerpt":{"rendered":"<p data-start=\"0\" data-end=\"754\"><strong data-start=\"16\" data-end=\"60\">COSRX \u2014 6 pept\u012bdu \u0101das kop\u0161anas s\u0113rums<\/strong> tas ir vieglas, tonika tipa tekst\u016bras sejas serums, paredz\u0113ts \u0101dai, kurai tr\u016bkst <strong data-start=\"140\" data-end=\"197\">Mitruma, gluduma, mirdzuma un tvirt\u0101ka izskata<\/strong>. Formula ar 6 pept\u012bdu kompleksu, niacinam\u012bdu, adenoz\u012bnu, n\u0101trija hialuron\u0101tu un aminosk\u0101b\u0113m pal\u012bdz \u0101dai izskat\u012bties <strong data-start=\"313\" data-end=\"362\">glud\u0101kai, elast\u012bg\u0101kai un mitrin\u0101t\u0101kai<\/strong>, Turkl\u0101t tas sagatavo \u0101du turpm\u0101kiem rut\u012bnas so\u013ciem. L\u012bdzeklis ir piem\u0113rots visiem \u0101das tipiem, ieskaitot jut\u012bgu \u0101du, kad v\u0113laties vienu produktu ikdienas komfortam, maig\u0101kai tekst\u016brai, vienm\u0113r\u012bg\u0101kam izskatam un vesel\u012bg\u0101kam mirdzumam. Kosm\u0113tik\u0101 pept\u012bdi un mitrin\u0101t\u0101ji tiek nov\u0113rt\u0113ti par sp\u0113ju pal\u012bdz\u0113t uztur\u0113t \u0101das mitrumu, k\u0101 ar\u012b glud\u0101ku, stingr\u0101ku izskatu.<\/p>\n<p data-start=\"756\" data-end=\"1116\"><strong data-start=\"756\" data-end=\"779\">K\u0101p\u0113c izv\u0113l\u0113ties<\/strong><br data-start=\"779\" data-end=\"782\" \/><strong data-start=\"782\" data-end=\"788\">\u2714\ufe0f<\/strong> Pal\u012bdz mitrin\u0101t un m\u012bkstin\u0101t \u0101du<br data-start=\"826\" data-end=\"829\" \/><strong data-start=\"829\" data-end=\"835\">\u2714\ufe0f<\/strong> Sniedz glud\u0101kas, mirdzo\u0161\u0101kas \u0101das saj\u016btu<br data-start=\"880\" data-end=\"883\" \/><strong data-start=\"883\" data-end=\"889\">\u2714\ufe0f<\/strong> Pal\u012bdz saglab\u0101t \u0101das tvirtuma un elast\u012bbas izskatu<br data-start=\"947\" data-end=\"950\" \/><strong data-start=\"950\" data-end=\"956\">\u2714\ufe0f<\/strong> Der ar\u012b k\u0101 pirmais solis pirms citiem serumiem vai ampul\u0101m<br data-start=\"1016\" data-end=\"1019\" \/><strong data-start=\"1019\" data-end=\"1025\">\u2714\ufe0f<\/strong> Viegla, nelip\u012bga tekst\u016bra ir piem\u0113rota ikdienas lieto\u0161anai<\/p>","protected":false},"featured_media":47000,"comment_status":"open","ping_status":"closed","template":"","meta":{"_acf_changed":true},"product_brand":[418],"product_cat":[57,92,56,59],"product_tag":[],"class_list":{"0":"post-47013","1":"product","2":"type-product","3":"status-publish","4":"has-post-thumbnail","6":"product_brand-cosrx","7":"product_cat-akcijos","8":"product_cat-groziui","9":"product_cat-veido-serumai","10":"product_cat-veidui","12":"first","13":"instock","14":"sale","15":"shipping-taxable","16":"purchasable","17":"product-type-simple"},"acf":[],"tiered_pricing_type":"fixed","tiered_pricing_fixed_rules":[],"tiered_pricing_product_settings":{"layout":"default","base_unit_name":{"singular":null,"plural":null},"default_variation":null},"tiered_pricing_minimum_quantity":null,"tiered_pricing_roles_data":[],"tiered_pricing_percentage_rules":[],"_links":{"self":[{"href":"https:\/\/purama.lt\/lv\/wp-json\/wp\/v2\/product\/47013","targetHints":{"allow":["GET"]}}],"collection":[{"href":"https:\/\/purama.lt\/lv\/wp-json\/wp\/v2\/product"}],"about":[{"href":"https:\/\/purama.lt\/lv\/wp-json\/wp\/v2\/types\/product"}],"replies":[{"embeddable":true,"href":"https:\/\/purama.lt\/lv\/wp-json\/wp\/v2\/comments?post=47013"}],"wp:featuredmedia":[{"embeddable":true,"href":"https:\/\/purama.lt\/lv\/wp-json\/wp\/v2\/media\/47000"}],"wp:attachment":[{"href":"https:\/\/purama.lt\/lv\/wp-json\/wp\/v2\/media?parent=47013"}],"wp:term":[{"taxonomy":"product_brand","embeddable":true,"href":"https:\/\/purama.lt\/lv\/wp-json\/wp\/v2\/product_brand?post=47013"},{"taxonomy":"product_cat","embeddable":true,"href":"https:\/\/purama.lt\/lv\/wp-json\/wp\/v2\/product_cat?post=47013"},{"taxonomy":"product_tag","embeddable":true,"href":"https:\/\/purama.lt\/lv\/wp-json\/wp\/v2\/product_tag?post=47013"}],"curies":[{"name":"wp","href":"https:\/\/api.w.org\/{rel}","templated":true}]}}