{"id":47012,"date":"2026-03-17T09:27:57","date_gmt":"2026-03-17T07:27:57","guid":{"rendered":"https:\/\/purama.lt\/produktas\/medicube-pdrn-pink-glutathione-serumo-dulksna\/"},"modified":"2026-04-10T13:03:32","modified_gmt":"2026-04-10T11:03:32","slug":"medicube-pdrn-roza-glutationa-seruma-migla","status":"publish","type":"product","link":"https:\/\/purama.lt\/lv\/produktas\/medicube-pdrn-pink-glutathione-serumo-dulksna\/","title":{"rendered":"Medicube PDRN Roz\u0101 glutationa seruma migla"},"content":{"rendered":"<p><strong>Izmanto\u0161ana<\/strong><br>Smidziniet uz sejas jebkur\u0101 laik\u0101, kad \u0101da j\u016btas sausa<br>Lietojiet p\u0113c vajadz\u012bbas dienas laik\u0101<br>Izvairieties no acu kontakta<\/p>\n\n\n\n<p><strong>Sast\u0101vda\u013cas<\/strong><br>\u016bdens, kolag\u0113na \u016bdens, dipropil\u0113nglikols, c13-15 alk\u0101ns, ricinus communis (ricinlapu) s\u0113klu e\u013c\u013ca, glicereth-26, 1,2-heks\u0101ndiols, niacinam\u012bds, n\u0101trija hlor\u012bds, sorbitols, hidroksietilur\u012bnviela, butil\u0113nglikols, helianthus annuus (saulespu\u0137u) s\u0113klu e\u013c\u013ca, smar\u017eas, etilheksilglicer\u012bns, eclipta prostrata ekstrakts, adenoz\u012bns, n\u0101trija dns, melia azadirachta lapu ekstrakts, glutation, paeonia lactiflora saknes ekstrakts, moringa oleifera s\u0113klu e\u013c\u013ca, candida bombicola\/glikozes\/metilrap\u0161u ferments, rosa damascena ziedu \u016bdens, biot\u012bns, heksapept\u012bds-2, biotinoil tripept\u012bds-1, acetil heksapept\u012bds-8, tripept\u012bds-1, tripept\u012bds-3, miristoil pentapept\u012bds-17, heksapept\u012bds-9<\/p>","protected":false},"excerpt":{"rendered":"<p data-start=\"0\" data-end=\"684\"><strong data-start=\"16\" data-end=\"63\">Medicube \u2014 PDRN Roz\u0101 Glutations Seruma Migla<\/strong> \u0160is vieglais, mikro miglas form\u0101ta sejas seruma migli\u0146ai, kas paredz\u0113ts \u0101dai, kurai tr\u016bkst <strong data-start=\"150\" data-end=\"184\">mitruma, komforta un mirdzuma<\/strong>. Formula su PDRN, gliutationu, niacinamidu, kolag\u0113na \u016bde\u0146iem un pept\u012bdiem pal\u012bdz \u0101dai izskat\u012bties <strong data-start=\"280\" data-end=\"322\">glud\u0101kai, maig\u0101kai un elast\u012bg\u0101kai<\/strong>, o pati priemon\u0117 patogiai atgaivina od\u0105 dienos metu. \u0160i dulksna \u012bpa\u0161i pateicotina noguru\u0161ai, isosai\u0161oju\u0161ai vai bly\u0161\u0101kai \u0101dai, c\u012b nepiecie\u0161ams \u0101tra mitrin\u0101\u0161ana, maigums, mirdzum\u0101 un pat\u012bkama svaiguma saj\u016bta. Niacinam\u012bds un humektanti kosm\u0113tisk\u0101 l\u012bdzek\u013ci ir pla\u0161i nov\u0113rt\u0113ti par sp\u0113ju pal\u012bdz\u0113t uztur\u0113t mitrumu un vienm\u0113r\u012bg\u0101ku \u0101das izskatu.<\/p>\n<p data-start=\"686\" data-end=\"1010\"><strong data-start=\"686\" data-end=\"709\">K\u0101p\u0113c izv\u0113l\u0113ties<\/strong><br data-start=\"709\" data-end=\"712\" \/><strong data-start=\"712\" data-end=\"718\">\u2714\ufe0f<\/strong> \u0100tri mitrina un atsvaidzina \u0101du<br data-start=\"753\" data-end=\"756\" \/><strong data-start=\"756\" data-end=\"762\">\u2714\ufe0f<\/strong> Pal\u012bdz uztur\u0113t \u0101das izskatu gai\u0161\u0101ku un glud\u0101ku<br data-start=\"817\" data-end=\"820\" \/><strong data-start=\"820\" data-end=\"826\">\u2714\ufe0f<\/strong> Sniedz vair\u0101k komforta \u0101dai, kas j\u016bt sausumu<br data-start=\"884\" data-end=\"887\" \/><strong data-start=\"887\" data-end=\"893\">\u2714\ufe0f<\/strong> \u0112rti lietot jebkur\u0101 diennakts laik\u0101<br data-start=\"931\" data-end=\"934\" \/><strong data-start=\"934\" data-end=\"940\">\u2714\ufe0f<\/strong> Viegl\u0101 formula nenoslogo \u0101du<\/p>","protected":false},"featured_media":46997,"comment_status":"open","ping_status":"closed","template":"","meta":{"_acf_changed":true},"product_brand":[438],"product_cat":[92,56,59],"product_tag":[],"class_list":{"0":"post-47012","1":"product","2":"type-product","3":"status-publish","4":"has-post-thumbnail","6":"product_brand-medicube","7":"product_cat-groziui","8":"product_cat-veido-serumai","9":"product_cat-veidui","11":"first","12":"instock","13":"shipping-taxable","14":"purchasable","15":"product-type-simple"},"acf":[],"tiered_pricing_type":"fixed","tiered_pricing_fixed_rules":[],"tiered_pricing_product_settings":{"layout":"default","base_unit_name":{"singular":null,"plural":null},"default_variation":null},"tiered_pricing_minimum_quantity":null,"tiered_pricing_roles_data":[],"tiered_pricing_percentage_rules":[],"_links":{"self":[{"href":"https:\/\/purama.lt\/lv\/wp-json\/wp\/v2\/product\/47012","targetHints":{"allow":["GET"]}}],"collection":[{"href":"https:\/\/purama.lt\/lv\/wp-json\/wp\/v2\/product"}],"about":[{"href":"https:\/\/purama.lt\/lv\/wp-json\/wp\/v2\/types\/product"}],"replies":[{"embeddable":true,"href":"https:\/\/purama.lt\/lv\/wp-json\/wp\/v2\/comments?post=47012"}],"wp:featuredmedia":[{"embeddable":true,"href":"https:\/\/purama.lt\/lv\/wp-json\/wp\/v2\/media\/46997"}],"wp:attachment":[{"href":"https:\/\/purama.lt\/lv\/wp-json\/wp\/v2\/media?parent=47012"}],"wp:term":[{"taxonomy":"product_brand","embeddable":true,"href":"https:\/\/purama.lt\/lv\/wp-json\/wp\/v2\/product_brand?post=47012"},{"taxonomy":"product_cat","embeddable":true,"href":"https:\/\/purama.lt\/lv\/wp-json\/wp\/v2\/product_cat?post=47012"},{"taxonomy":"product_tag","embeddable":true,"href":"https:\/\/purama.lt\/lv\/wp-json\/wp\/v2\/product_tag?post=47012"}],"curies":[{"name":"wp","href":"https:\/\/api.w.org\/{rel}","templated":true}]}}