{"id":47011,"date":"2026-03-17T09:27:55","date_gmt":"2026-03-17T07:27:55","guid":{"rendered":"https:\/\/purama.lt\/produktas\/cosrx-the-vitamin-c-13-serumas-su-vitaminu-c\/"},"modified":"2026-04-13T16:03:39","modified_gmt":"2026-04-13T14:03:39","slug":"cosrx-c-vitamina-serums-13","status":"publish","type":"product","link":"https:\/\/purama.lt\/lv\/produktas\/cosrx-the-vitamin-c-13-serumas-su-vitaminu-c\/","title":{"rendered":"COSRX C vitam\u012bna serums ar 13% C vitam\u012bna"},"content":{"rendered":"<p><strong>Izmanto\u0161ana<\/strong><br>P\u0113c \u0101das att\u012br\u012b\u0161anas un toniz\u0113\u0161anas uzkl\u0101jiet da\u017eus pilienus uz sejas<br>Vienm\u0113r\u012bgi sadaliet un iemas\u0113jiet no sejas centra uz \u0101ru, l\u012bdz tas uzs\u016bcas<\/p>\n\n\n\n<p><strong>Sast\u0101vda\u013cas<\/strong><br>\u016bdens, askorb\u012bnsk\u0101be (13%), butil\u0113nglikols, dipropil\u0113nglikols, trometam\u012bns, 3-o-etil askorb\u012bnsk\u0101be, panthenols, acetilglikozam\u012bns, kofe\u012bns, n\u0101trija hialuron\u0101ts, n\u0101trija sulfitis, din\u0101trija edta, glutationa, adenoz\u012bns, gardenia florida aug\u013cu ekstrakts, alanto\u012bns, dekstr\u012bns, skval\u0101ns, trikotrienoli, tokoferols, elaeis guineensis (palmu) e\u013c\u013ca, argin\u012bns, niacinam\u012bds, pentil\u0113nglikols, glycyrrhiza glabra (lakricas) sak\u0146u ekstrakts<\/p>\n\n\n\n<p>Vai mekl\u0113jat vair\u0101k? Apskatiet visu <a href=\"\/lv\/produktu-etiketes\/cosrx\/\">COSRX sortiments<\/a>.<\/p>","protected":false},"excerpt":{"rendered":"<p data-start=\"0\" data-end=\"721\"><strong data-start=\"16\" data-end=\"50\">COSRX \u2014 C vitam\u012bna 13 serums<\/strong> tas ir viegls, uz \u016bdens b\u0101zes eso\u0161s sejas serums ikdienas lieto\u0161anai, paredz\u0113ts \u0101dai, kurai tr\u016bkst <strong data-start=\"147\" data-end=\"193\">skaistumu, mitrumu un vienm\u0113r\u012bg\u0101ku \u0101das izskatu<\/strong>. Formula ar <strong data-start=\"206\" data-end=\"231\">13 % t\u012bra C vitam\u012bna<\/strong>, vitam\u012bnu E kompleksu, hialuronsk\u0101bi, panthenolu un alanto\u012bnu pal\u012bdz \u0101dai izskat\u012bties <strong data-start=\"320\" data-end=\"359\">spo\u017e\u0101kai, glud\u0101kai un svaig\u0101kai<\/strong>, tas pie\u0161\u0137ir komfortu un neatst\u0101j lip\u012bgu saj\u016btu. \u0160is serums \u012bpa\u0161i piem\u0113rots \u0101dai ar pel\u0113c\u012bgu, noguru\u0161u vai nevienm\u0113r\u012bgu toni, kad v\u0113laties viegl\u0101ku C vitam\u012bna l\u012bdzekli ikdienas rut\u012bnai. C vitam\u012bns kosm\u0113tik\u0101 ir pla\u0161i nov\u0113rt\u0113ts t\u0101 antioksidat\u012bvo \u012bpa\u0161\u012bbu d\u0113\u013c un t\u0101p\u0113c, ka tas pal\u012bdz uztur\u0113t \u0101das spilgt\u0101ku, vienm\u0113r\u012bg\u0101ku izskatu.<\/p>\n<p data-start=\"723\" data-end=\"1025\"><strong data-start=\"723\" data-end=\"746\">K\u0101p\u0113c izv\u0113l\u0113ties<\/strong><br data-start=\"746\" data-end=\"749\" \/><strong data-start=\"749\" data-end=\"755\">\u2714\ufe0f<\/strong> Piem\u0113rots ikdienas lieto\u0161anai un \u0101tri ies\u016bcas<br data-start=\"804\" data-end=\"807\" \/><strong data-start=\"807\" data-end=\"813\">\u2714\ufe0f<\/strong> Pal\u012bdz pie\u0161\u0137irt \u0101dai skaist\u0101ku un svaig\u0101ku izskatu<br data-start=\"866\" data-end=\"869\" \/><strong data-start=\"869\" data-end=\"875\">\u2714\ufe0f<\/strong> Veicina vienodesn\u012f \u0101das tonusa uztur\u0113\u0161anu<br data-start=\"921\" data-end=\"924\" \/><strong data-start=\"924\" data-end=\"930\">\u2714\ufe0f<\/strong> Mitrina un padara \u0101du komfortabl\u0101ku<br data-start=\"972\" data-end=\"975\" \/><strong data-start=\"975\" data-end=\"981\">\u2714\ufe0f<\/strong> Viegl\u0101, nelipn\u0101 tekst\u016bra nenoslogo \u0101du<\/p>","protected":false},"featured_media":46998,"comment_status":"open","ping_status":"closed","template":"","meta":{"_acf_changed":false},"product_brand":[418],"product_cat":[57,92,56,59],"product_tag":[],"class_list":{"0":"post-47011","1":"product","2":"type-product","3":"status-publish","4":"has-post-thumbnail","6":"product_brand-cosrx","7":"product_cat-akcijos","8":"product_cat-groziui","9":"product_cat-veido-serumai","10":"product_cat-veidui","12":"first","13":"instock","14":"sale","15":"shipping-taxable","16":"purchasable","17":"product-type-simple"},"acf":[],"tiered_pricing_type":"fixed","tiered_pricing_fixed_rules":[],"tiered_pricing_product_settings":{"layout":"default","base_unit_name":{"singular":null,"plural":null},"default_variation":null},"tiered_pricing_minimum_quantity":null,"tiered_pricing_roles_data":[],"tiered_pricing_percentage_rules":[],"_links":{"self":[{"href":"https:\/\/purama.lt\/lv\/wp-json\/wp\/v2\/product\/47011","targetHints":{"allow":["GET"]}}],"collection":[{"href":"https:\/\/purama.lt\/lv\/wp-json\/wp\/v2\/product"}],"about":[{"href":"https:\/\/purama.lt\/lv\/wp-json\/wp\/v2\/types\/product"}],"replies":[{"embeddable":true,"href":"https:\/\/purama.lt\/lv\/wp-json\/wp\/v2\/comments?post=47011"}],"wp:featuredmedia":[{"embeddable":true,"href":"https:\/\/purama.lt\/lv\/wp-json\/wp\/v2\/media\/46998"}],"wp:attachment":[{"href":"https:\/\/purama.lt\/lv\/wp-json\/wp\/v2\/media?parent=47011"}],"wp:term":[{"taxonomy":"product_brand","embeddable":true,"href":"https:\/\/purama.lt\/lv\/wp-json\/wp\/v2\/product_brand?post=47011"},{"taxonomy":"product_cat","embeddable":true,"href":"https:\/\/purama.lt\/lv\/wp-json\/wp\/v2\/product_cat?post=47011"},{"taxonomy":"product_tag","embeddable":true,"href":"https:\/\/purama.lt\/lv\/wp-json\/wp\/v2\/product_tag?post=47011"}],"curies":[{"name":"wp","href":"https:\/\/api.w.org\/{rel}","templated":true}]}}