{"id":47010,"date":"2026-03-17T09:27:52","date_gmt":"2026-03-17T07:27:52","guid":{"rendered":"https:\/\/purama.lt\/produktas\/cosrx-the-skin-barrier-drekinamoji-veido-dulksna\/"},"modified":"2026-04-13T16:03:54","modified_gmt":"2026-04-13T14:03:54","slug":"cosrx-adas-barjeru-mitrinosais-sejas-sprejs","status":"publish","type":"product","link":"https:\/\/purama.lt\/lv\/produktas\/cosrx-the-skin-barrier-drekinamoji-veido-dulksna\/","title":{"rendered":"COSRX The Skin Barrier mitrino\u0161ie sejas miglot\u0101ji"},"content":{"rendered":"<p><strong>Izmanto\u0161ana<\/strong><br>Uzglab\u0101jiet pudeli aptuveni 20 cm att\u0101lum\u0101 no sejas.<br>Aizveriet acis un vienm\u0113r\u012bgi izsmidziniet, p\u0113c tam maigi uzsm\u0113r\u0113jiet.<br>Lietojiet vienm\u0113r, kad j\u016btat \u0101das sausumu, vajadz\u012bbas gad\u012bjum\u0101 pat uz dekorat\u012bv\u0101s kosm\u0113tikas.<\/p>\n\n\n\n<p><strong>Sast\u0101vda\u013cas<\/strong><br>\u016bdens\/\u016bdens, glicer\u012bns, butil\u0113nglikols, kaprilic\/kapric triglicer\u012bds, hidrogen\u0113ts poli(c6-14 olef\u012bns), dimetikons, cetila etilheksano\u0101ts, hidroksipropilbislauram\u012bda mea, 1,2-heksandiols, holester\u012bns, n\u0101trija surfakt\u012bns, glicerilkapril\u0101ts, etilheksilglicer\u012bns, din\u0101trija edta, beh\u0113nsk\u0101be, skval\u0101ns, pantenols, alanto\u012bns, hidrogen\u0113ts lecit\u012bns, cetearilspirts, tokoferols, beta\u012bns, stear\u012bnsk\u0101be, propandiols, n\u0101trija hialuron\u0101ts, n\u0101trija hialuron\u0101ts, n\u0101trija lakt\u0101ts, pca, ser\u012bns, alan\u012bns, glic\u012bns, hidroliz\u0113ta hialuronsk\u0101be, ceram\u012bds np, glutam\u012bnsk\u0101be, n\u0101trija hialuron\u0101ta krospolim\u0113rs, liz\u012bns hcl, treon\u012bns, argin\u012bns, hialuronsk\u0101be, keram\u012bds ns, fitosfingoz\u012bns, keram\u012bds ap, keram\u012bds as, prol\u012bns, n\u0101trija acetil\u0113ts hialuron\u0101ts, keram\u012bds eop<\/p>\n\n\n\n<p>Vai mekl\u0113jat vair\u0101k? Apskatiet visu <a href=\"\/lv\/produktu-etiketes\/cosrx\/\">COSRX sortiments<\/a>.<\/p>","protected":false},"excerpt":{"rendered":"<p data-start=\"0\" data-end=\"775\"><strong data-start=\"16\" data-end=\"71\">COSRX - Ceram\u012bda \u0101das barjeras mitrino\u0161\u0101 migla<\/strong> ir viegla, \u012bpa\u0161i smalka sejas migla \u0101dai, kurai tr\u016bkst <strong data-start=\"139\" data-end=\"192\">saglab\u0101 mitrumu, komfortu un aizsargbarjeru<\/strong>. Sast\u0101v\u0101 ir 5 veidu keram\u012bdi, holester\u012bns, tauksk\u0101bes, pantenols, alanto\u012bns un vair\u0101kas hialuronsk\u0101bes formas, kas pal\u012bdz \u0101dai. <strong data-start=\"325\" data-end=\"436\">Mitrina, nomierina, m\u012bkstina, mazina stiep\u0161an\u0101s saj\u016btu un saglab\u0101 glud\u0101ku un elast\u012bg\u0101ku izskatu.<\/strong>. Piem\u0113rots sausai, jut\u012bgai vai uz kairin\u0101jumu jut\u012bgai \u0101dai, tas \u0101tri kl\u0101jas, neatst\u0101j lip\u012bgu atlikumu un to var lietot pat uz grima dienas laik\u0101. Kosm\u0113tik\u0101 pla\u0161i nov\u0113rt\u0113ti keram\u012bdi, holester\u012bns un humektanti, jo tie pal\u012bdz saglab\u0101t mitrumu un uztur \u0101das aizsargfunkcijas.<\/p>\n<p data-start=\"777\" data-end=\"1132\"><strong data-start=\"777\" data-end=\"800\">K\u0101p\u0113c izv\u0113l\u0113ties<\/strong><br data-start=\"800\" data-end=\"803\" \/><strong data-start=\"803\" data-end=\"809\">\u2714\ufe0f<\/strong> Pal\u012bdz \u0101tri mitrin\u0101t un atjaunot \u0101du<br data-start=\"853\" data-end=\"856\" \/><strong data-start=\"856\" data-end=\"862\">\u2714\ufe0f<\/strong> Uztur \u0101das barjeras komfortu un maigumu<br data-start=\"904\" data-end=\"907\" \/><strong data-start=\"907\" data-end=\"913\">\u2714\ufe0f<\/strong> Piem\u0113rots sausai, jut\u012bgai un elast\u012bgai \u0101dai<br data-start=\"971\" data-end=\"974\" \/><strong data-start=\"974\" data-end=\"980\">\u2714\ufe0f<\/strong> Neatst\u0101j lip\u012bgu atlikumu un to var lietot uz kosm\u0113tikas.<br data-start=\"1033\" data-end=\"1036\" \/><strong data-start=\"1036\" data-end=\"1042\">\u2714\ufe0f<\/strong> \u0112rts ikdienas lieto\u0161anai m\u0101j\u0101s un dienas laik\u0101<\/p>","protected":false},"featured_media":46996,"comment_status":"open","ping_status":"closed","template":"","meta":{"_acf_changed":true},"product_brand":[418],"product_cat":[57,92,59],"product_tag":[],"class_list":{"0":"post-47010","1":"product","2":"type-product","3":"status-publish","4":"has-post-thumbnail","6":"product_brand-cosrx","7":"product_cat-akcijos","8":"product_cat-groziui","9":"product_cat-veidui","11":"first","12":"instock","13":"sale","14":"shipping-taxable","15":"purchasable","16":"product-type-simple"},"acf":[],"tiered_pricing_type":"fixed","tiered_pricing_fixed_rules":[],"tiered_pricing_product_settings":{"layout":"default","base_unit_name":{"singular":null,"plural":null},"default_variation":null},"tiered_pricing_minimum_quantity":null,"tiered_pricing_roles_data":[],"tiered_pricing_percentage_rules":[],"_links":{"self":[{"href":"https:\/\/purama.lt\/lv\/wp-json\/wp\/v2\/product\/47010","targetHints":{"allow":["GET"]}}],"collection":[{"href":"https:\/\/purama.lt\/lv\/wp-json\/wp\/v2\/product"}],"about":[{"href":"https:\/\/purama.lt\/lv\/wp-json\/wp\/v2\/types\/product"}],"replies":[{"embeddable":true,"href":"https:\/\/purama.lt\/lv\/wp-json\/wp\/v2\/comments?post=47010"}],"wp:featuredmedia":[{"embeddable":true,"href":"https:\/\/purama.lt\/lv\/wp-json\/wp\/v2\/media\/46996"}],"wp:attachment":[{"href":"https:\/\/purama.lt\/lv\/wp-json\/wp\/v2\/media?parent=47010"}],"wp:term":[{"taxonomy":"product_brand","embeddable":true,"href":"https:\/\/purama.lt\/lv\/wp-json\/wp\/v2\/product_brand?post=47010"},{"taxonomy":"product_cat","embeddable":true,"href":"https:\/\/purama.lt\/lv\/wp-json\/wp\/v2\/product_cat?post=47010"},{"taxonomy":"product_tag","embeddable":true,"href":"https:\/\/purama.lt\/lv\/wp-json\/wp\/v2\/product_tag?post=47010"}],"curies":[{"name":"wp","href":"https:\/\/api.w.org\/{rel}","templated":true}]}}