{"id":47009,"date":"2026-03-17T09:27:49","date_gmt":"2026-03-17T07:27:49","guid":{"rendered":"https:\/\/purama.lt\/produktas\/cosrx-galactomyces-95-tone-balancing-esencija\/"},"modified":"2026-04-13T16:04:13","modified_gmt":"2026-04-13T14:04:13","slug":"cosrx-galactomyces-95-tonis-lidzsvarojosa-esence","status":"publish","type":"product","link":"https:\/\/purama.lt\/lv\/produktas\/cosrx-galactomyces-95-tone-balancing-esencija\/","title":{"rendered":"COSRX Galactomyces 95 Tonusa l\u012bdzsvarojo\u0161\u0101 esence"},"content":{"rendered":"<p><strong>Izmanto\u0161ana<\/strong><br>P\u0113c mazg\u0101\u0161anas un toniz\u0113\u0161anas uzkl\u0101jiet nelielu daudzumu uz sejas \u0101das<br>Viegli pamas\u0101, lai lab\u0101k ies\u016bktos, tad turpiniet ierasto kop\u0161anas rut\u012bnu ar mitrino\u0161u kr\u0113mu<br>Tikai \u0101r\u012bgai lieto\u0161anai, izvairieties no saskares ar ac\u012bm<\/p>\n\n\n\n<p><strong>Sast\u0101vda\u013cas<\/strong><br>galaktom\u012bces fermentu filtr\u0101ts, niacinam\u012bds, pantenols, glicer\u012bns, 1,2-heks\u0101ndiols, butil\u0113nglikols, beta\u012bns, n\u0101trija hialuron\u0101ts, alanto\u012bns, ksant\u0101na sve\u0137i, etilheks\u0101ndiols, adenoz\u012bns<\/p>\n\n\n\n<p>Vai mekl\u0113jat vair\u0101k? Apskatiet visu <a href=\"\/lv\/produktu-etiketes\/cosrx\/\">COSRX sortiments<\/a>.<\/p>","protected":false},"excerpt":{"rendered":"<p data-start=\"0\" data-end=\"740\"><strong data-start=\"16\" data-end=\"66\">COSRX \u2014 Galactomyces 95 tonusu l\u012bdzsvarojo\u0161\u0101 esence<\/strong> t\u0101 ir vieglas tekst\u016bras sejas esence, kas izstr\u0101d\u0101ta \u0101dai, kurai tr\u016bkst <strong data-start=\"134\" data-end=\"180\">mitruma, gluduma un mirdzo\u0161\u0101ku izskatu<\/strong>. Formul\u0101 eso\u0161ais <strong data-start=\"200\" data-end=\"238\">95 % galaktomices fermentu filtr\u0101ts<\/strong>, niacinam\u012bds, pantenols un n\u0101trija hialuron\u0101ts pal\u012bdz \u0101dai izskat\u012bties <strong data-start=\"309\" data-end=\"355\">glud\u0101kai, maig\u0101kai un mitrin\u0101t\u0101kai<\/strong>, un pats l\u012bdzeklis \u0101tri ies\u016bcas un nesag\u0101d\u0101 smaguma saj\u016btu. Tas ir \u012bpa\u0161i piem\u0113rots nobru\u017eotai, raupj\u0101kai vai noguru\u0161ai \u0101dai, kad v\u0113laties vair\u0101k komforta, vienm\u0113r\u012bg\u0101ku izskatu un ikdienas mitrin\u0101\u0161anu. Papildus ir v\u0113rts piemin\u0113t, ka <strong data-start=\"575\" data-end=\"606\">Niacinam\u012bds ir mitrin\u0101t\u0101js<\/strong> kosm\u0113tik\u0101 pla\u0161i tiek nov\u0113rt\u0113ti par sp\u0113ju pal\u012bdz\u0113t saglab\u0101t \u0101das mitrumu un pie\u0161\u0137irt tai mirdzo\u0161\u0101ku izskatu.<\/p>\n<p data-start=\"742\" data-end=\"1028\"><strong data-start=\"742\" data-end=\"765\">K\u0101p\u0113c izv\u0113l\u0113ties<\/strong><br data-start=\"765\" data-end=\"768\" \/><strong data-start=\"768\" data-end=\"774\">\u2714\ufe0f<\/strong> Pal\u012bdz mitrin\u0101t un m\u012bkstin\u0101t \u0101du<br data-start=\"812\" data-end=\"815\" \/><strong data-start=\"815\" data-end=\"821\">\u2714\ufe0f<\/strong> Pie\u0161\u0137ir \u0101dai glud\u0101ku un mirdzo\u0161\u0101ku izskatu<br data-start=\"871\" data-end=\"874\" \/><strong data-start=\"874\" data-end=\"880\">\u2714\ufe0f<\/strong> \u0100tri ies\u016bcas un neatst\u0101j smaguma saj\u016btu<br data-start=\"927\" data-end=\"930\" \/><strong data-start=\"930\" data-end=\"936\">\u2714\ufe0f<\/strong> Piem\u0113rots noguru\u0161ai, pel\u0113kai un raupj\u0101kai \u0101dai<\/p>","protected":false},"featured_media":47002,"comment_status":"open","ping_status":"closed","template":"","meta":{"_acf_changed":true},"product_brand":[418],"product_cat":[57,92,59],"product_tag":[],"class_list":{"0":"post-47009","1":"product","2":"type-product","3":"status-publish","4":"has-post-thumbnail","6":"product_brand-cosrx","7":"product_cat-akcijos","8":"product_cat-groziui","9":"product_cat-veidui","11":"first","12":"instock","13":"sale","14":"shipping-taxable","15":"purchasable","16":"product-type-simple"},"acf":[],"tiered_pricing_type":"fixed","tiered_pricing_fixed_rules":[],"tiered_pricing_product_settings":{"layout":"default","base_unit_name":{"singular":null,"plural":null},"default_variation":null},"tiered_pricing_minimum_quantity":null,"tiered_pricing_roles_data":[],"tiered_pricing_percentage_rules":[],"_links":{"self":[{"href":"https:\/\/purama.lt\/lv\/wp-json\/wp\/v2\/product\/47009","targetHints":{"allow":["GET"]}}],"collection":[{"href":"https:\/\/purama.lt\/lv\/wp-json\/wp\/v2\/product"}],"about":[{"href":"https:\/\/purama.lt\/lv\/wp-json\/wp\/v2\/types\/product"}],"replies":[{"embeddable":true,"href":"https:\/\/purama.lt\/lv\/wp-json\/wp\/v2\/comments?post=47009"}],"wp:featuredmedia":[{"embeddable":true,"href":"https:\/\/purama.lt\/lv\/wp-json\/wp\/v2\/media\/47002"}],"wp:attachment":[{"href":"https:\/\/purama.lt\/lv\/wp-json\/wp\/v2\/media?parent=47009"}],"wp:term":[{"taxonomy":"product_brand","embeddable":true,"href":"https:\/\/purama.lt\/lv\/wp-json\/wp\/v2\/product_brand?post=47009"},{"taxonomy":"product_cat","embeddable":true,"href":"https:\/\/purama.lt\/lv\/wp-json\/wp\/v2\/product_cat?post=47009"},{"taxonomy":"product_tag","embeddable":true,"href":"https:\/\/purama.lt\/lv\/wp-json\/wp\/v2\/product_tag?post=47009"}],"curies":[{"name":"wp","href":"https:\/\/api.w.org\/{rel}","templated":true}]}}