{"id":47007,"date":"2026-03-17T09:27:44","date_gmt":"2026-03-17T07:27:44","guid":{"rendered":"https:\/\/purama.lt\/produktas\/cosrx-5-pdrn-collagen-intense-vitalizing-serumas\/"},"modified":"2026-04-10T13:03:32","modified_gmt":"2026-04-10T11:03:32","slug":"cosrx-5-pdrn-kolagena-intensivi-vitalizejoss-serums","status":"publish","type":"product","link":"https:\/\/purama.lt\/lv\/produktas\/cosrx-5-pdrn-collagen-intense-vitalizing-serumas\/","title":{"rendered":"COSRX 5 PDRN Kolag\u0113na Intens\u012bvi Vitaliz\u0113jo\u0161s serums"},"content":{"rendered":"<p><strong>Izmanto\u0161ana<\/strong><br>Uzkl\u0101jiet pareizo seruma daudzumu uz sejas \u0101das seruma posm\u0101.<br>Viegli iemas\u0113jiet vai iemas\u0113jiet, l\u012bdz piln\u012bb\u0101 ies\u016bcas.<\/p>\n\n\n\n<p><strong>Sast\u0101vda\u013cas<\/strong><br>\u016bdens\/\u016bdens, dipropil\u0113nglikols, butil\u0113nglikols, pentil\u0113nglikols, glicer\u012bns, niac\u012bnam\u012bds, 1,2-heks\u0101ndiols, beta\u012bns, pantenols, n\u0101trija dna, amonija akriloildimetiltaur\u0101ta\/vp kopolim\u0113rs, poliakril\u0101ta krosspolim\u0113rs-6, ksant\u0101na sve\u0137i, etilheksilglicer\u012bns, adenoz\u012bns, hidroliz\u0113ta kukur\u016bzas ciete, din\u0101trija edta, hidroliz\u0113ts kolag\u0113ns, saharoze, t-butilspirts, laktobacillu ferments, alanto\u012bns, alfa-arbut\u012bns, asiatisk\u0101s centellas ekstrakts, propandiols, tokoferols, n\u0101trija fit\u0101ts, n\u0101trija hialuron\u0101ts, hidroliz\u0113ta podagra, kaprilglikols, hidroksipropiltrimonija hialuron\u0101ts, acetilheksapept\u012bds-8, hidroliz\u0113ta hialuronsk\u0101be, n\u0101trija acetil\u0113ts hialuron\u0101ts, hialuronsk\u0101be, hidroliz\u0113ts n\u0101trija hialuron\u0101ts, n\u0101trija hialuron\u0101ta \u0161\u0137\u0113rspolim\u0113rs, k\u0101lija hialuron\u0101ts.<\/p>\n\n\n\n<p>Vai mekl\u0113jat vair\u0101k? Apskatiet visu <a href=\"\/lv\/produktu-etiketes\/cosrx\/\">COSRX sortiments<\/a>.<\/p>","protected":false},"excerpt":{"rendered":"<p>Apraksts COSRX - 5 PDRN kolag\u0113na intens\u012bvi atjaunojo\u0161s serums ir vieglas, \u016bdens konsistences sejas serums \u0101dai, kurai tr\u016bkst mitruma, mirdzuma un tvirtuma. Formula ar PDRN, hidroliz\u0113tu kolag\u0113nu, niacinam\u012bdu, pantenolu un vair\u0101k\u0101m hialuronsk\u0101bes form\u0101m pal\u012bdz \u0101dai izskat\u012bties glud\u0101kai, elast\u012bg\u0101kai un mitrin\u0101tai, nepadarot to smagn\u0113ju un neatst\u0101jot taukainu sl\u0101ni. \u0160is serums ir \u012bpa\u0161i piem\u0113rots pl\u016bc\u012bgai, noguru\u0161ai vai dehidr\u0113tai \u0101dai, kad v\u0113laties liel\u0101ku komfortu, maigumu, vienm\u0113r\u012bgu toni un vesel\u012bg\u0101ku mirdzumu. Turkl\u0101t ir v\u0113rts piemin\u0113t, ka niacinam\u012bds un hialuronsk\u0101bes komplekss ir labi izp\u0113t\u012btas kosm\u0113tikas sast\u0101vda\u013cas, kas pla\u0161i nov\u0113rt\u0113tas \u0101das mitrin\u0101\u0161anai un mirdzo\u0161a izskata uztur\u0113\u0161anai. K\u0101p\u0113c izv\u0113l\u0113ties \u2714\ufe0f Intens\u012bvi mitrina un padara \u0101du kupl\u0101ku \u2714\ufe0f Pal\u012bdz uztur\u0113t gai\u0161\u0101ku un vienm\u0113r\u012bg\u0101ku sejas toni \u2714\ufe0f Nodro\u0161ina gludumu un komfortu, neapgr\u016btinot \u0101du \u2714\ufe0f Pal\u012bdz uztur\u0113t tvirt\u0101ku un elast\u012bg\u0101ku sejas toni \u2714\ufe0f Viegla tekst\u016bra \u0101tri ies\u016bcas un ir piem\u0113rota ikdienas lieto\u0161anai.<\/p>","protected":false},"featured_media":47003,"comment_status":"open","ping_status":"closed","template":"","meta":{"_acf_changed":true},"product_brand":[418],"product_cat":[92,56,59],"product_tag":[],"class_list":{"0":"post-47007","1":"product","2":"type-product","3":"status-publish","4":"has-post-thumbnail","6":"product_brand-cosrx","7":"product_cat-groziui","8":"product_cat-veido-serumai","9":"product_cat-veidui","11":"first","12":"outofstock","13":"shipping-taxable","14":"purchasable","15":"product-type-simple"},"acf":[],"tiered_pricing_type":"fixed","tiered_pricing_fixed_rules":[],"tiered_pricing_product_settings":{"layout":"default","base_unit_name":{"singular":null,"plural":null},"default_variation":null},"tiered_pricing_minimum_quantity":null,"tiered_pricing_roles_data":[],"tiered_pricing_percentage_rules":[],"_links":{"self":[{"href":"https:\/\/purama.lt\/lv\/wp-json\/wp\/v2\/product\/47007","targetHints":{"allow":["GET"]}}],"collection":[{"href":"https:\/\/purama.lt\/lv\/wp-json\/wp\/v2\/product"}],"about":[{"href":"https:\/\/purama.lt\/lv\/wp-json\/wp\/v2\/types\/product"}],"replies":[{"embeddable":true,"href":"https:\/\/purama.lt\/lv\/wp-json\/wp\/v2\/comments?post=47007"}],"wp:featuredmedia":[{"embeddable":true,"href":"https:\/\/purama.lt\/lv\/wp-json\/wp\/v2\/media\/47003"}],"wp:attachment":[{"href":"https:\/\/purama.lt\/lv\/wp-json\/wp\/v2\/media?parent=47007"}],"wp:term":[{"taxonomy":"product_brand","embeddable":true,"href":"https:\/\/purama.lt\/lv\/wp-json\/wp\/v2\/product_brand?post=47007"},{"taxonomy":"product_cat","embeddable":true,"href":"https:\/\/purama.lt\/lv\/wp-json\/wp\/v2\/product_cat?post=47007"},{"taxonomy":"product_tag","embeddable":true,"href":"https:\/\/purama.lt\/lv\/wp-json\/wp\/v2\/product_tag?post=47007"}],"curies":[{"name":"wp","href":"https:\/\/api.w.org\/{rel}","templated":true}]}}