{"id":46582,"date":"2026-03-10T09:16:10","date_gmt":"2026-03-10T07:16:10","guid":{"rendered":"https:\/\/purama.lt\/produktas\/malie-kakava-vaikams-su-kalciu-kaulams-ir-dantims\/"},"modified":"2026-03-24T11:16:10","modified_gmt":"2026-03-24T09:16:10","slug":"malie-kakao-berniem-ar-kalciju-kauliem-un-zobiem","status":"publish","type":"product","link":"https:\/\/purama.lt\/lv\/produktas\/malie-kakava-vaikams-su-kalciu-kaulams-ir-dantims\/","title":{"rendered":"MALIE Kakao b\u0113rniem ar kalciju kauliem un zobiem"},"content":{"rendered":"<p><strong>Izmanto\u0161ana<\/strong><br>2 \u0113damkarotes samaisiet ar karstu \u016bdeni, d\u0101rze\u0146u dz\u0113rienu vai pienu. Pagaidiet 2-3 min\u016btes un pat\u0113r\u0113jiet.<br>Nep\u0101rsniedziet ieteicamo dienas devu; var b\u016bt zemesriekstu, koka riekstu un sezama p\u0113das.<\/p>\n\n\n\n<p><strong>Sast\u0101vda\u013cas<\/strong><br>Organiskais kakao pulveris, organiskais kokosriekstu cukurs, kalcija citr\u0101ts (0,6 %)<\/p>","protected":false},"excerpt":{"rendered":"<p data-start=\"15\" data-end=\"580\"><strong data-start=\"15\" data-end=\"55\">MALIE Bio kakao dz\u0113riens ar kalciju<\/strong> - biolo\u0123isks kakao dz\u0113riens ar kalciju, kas paredz\u0113ts tiem, kuri mekl\u0113 gar\u0161\u012bgu un vienk\u0101r\u0161u ikdienas izv\u0113li. T\u0101 sast\u0101v\u0101 ir <strong data-start=\"179\" data-end=\"206\">ar pat\u012bkamu \u0161okol\u0101des gar\u0161u<\/strong>, ir <strong data-start=\"212\" data-end=\"236\">bez rafin\u0113ta cukura<\/strong>, <strong data-start=\"238\" data-end=\"256\">piem\u0113rots veg\u0101niem<\/strong>, ir <strong data-start=\"263\" data-end=\"280\">daudz \u0161\u0137iedrvielu<\/strong> un ir <strong data-start=\"288\" data-end=\"335\">kalcija, magnija, dzelzs un cinka avots.<\/strong>. Satur kalciju <strong data-start=\"361\" data-end=\"411\">pal\u012bdz uztur\u0113t norm\u0101lu kaulu un zobu st\u0101vokli.<\/strong>. \u0160is dz\u0113riens veicina ar\u012b <strong data-start=\"449\" data-end=\"496\">norm\u0101la musku\u013cu un nervu sist\u0113mas darb\u012bba.<\/strong>. Kalcijs ir labi izp\u0113t\u012bta miner\u0101lviela, kas ir svar\u012bga ikdienas kaulu un zobu uztur\u0113\u0161anai. <strong data-start=\"582\" data-end=\"605\">K\u0101p\u0113c izv\u0113l\u0113ties <\/strong><strong data-start=\"607\" data-end=\"613\">\u2714\ufe0f<\/strong> Biolo\u0123isks kakao dz\u0113riens ar pat\u012bkamu \u0161okol\u0101des gar\u0161u<br data-start=\"668\" data-end=\"671\" \/><strong data-start=\"671\" data-end=\"677\">\u2714\ufe0f<\/strong> Bez rafin\u0113ta cukura<br data-start=\"698\" data-end=\"701\" \/><strong data-start=\"701\" data-end=\"707\">\u2714\ufe0f<\/strong> Piem\u0113rots veg\u0101niem<br data-start=\"722\" data-end=\"725\" \/><strong data-start=\"725\" data-end=\"731\">\u2714\ufe0f<\/strong> Augsts \u0161\u0137iedrvielu saturs<br data-start=\"745\" data-end=\"748\" \/><strong data-start=\"748\" data-end=\"754\" data-is-only-node=\"\">\u2714\ufe0f<\/strong> Kalcija, magnija, dzelzs un cinka avots.<\/p>","protected":false},"featured_media":46584,"comment_status":"open","ping_status":"closed","template":"","meta":{"_acf_changed":false},"product_brand":[],"product_cat":[60,165,279,280,123,298],"product_tag":[],"class_list":{"0":"post-46582","1":"product","2":"type-product","3":"status-publish","4":"has-post-thumbnail","6":"product_cat-mitybai","7":"product_cat-gerimai","8":"product_cat-kaulams-ir-sanariams","9":"product_cat-kaulu-stiprinimas","10":"product_cat-papildai-ilgaamziskumui","11":"product_cat-sveikas-maistas","13":"first","14":"instock","15":"shipping-taxable","16":"purchasable","17":"product-type-simple"},"acf":[],"tiered_pricing_type":"fixed","tiered_pricing_fixed_rules":[],"tiered_pricing_product_settings":{"layout":"default","base_unit_name":{"singular":null,"plural":null},"default_variation":null},"tiered_pricing_minimum_quantity":null,"tiered_pricing_roles_data":[],"tiered_pricing_percentage_rules":[],"_links":{"self":[{"href":"https:\/\/purama.lt\/lv\/wp-json\/wp\/v2\/product\/46582","targetHints":{"allow":["GET"]}}],"collection":[{"href":"https:\/\/purama.lt\/lv\/wp-json\/wp\/v2\/product"}],"about":[{"href":"https:\/\/purama.lt\/lv\/wp-json\/wp\/v2\/types\/product"}],"replies":[{"embeddable":true,"href":"https:\/\/purama.lt\/lv\/wp-json\/wp\/v2\/comments?post=46582"}],"wp:featuredmedia":[{"embeddable":true,"href":"https:\/\/purama.lt\/lv\/wp-json\/wp\/v2\/media\/46584"}],"wp:attachment":[{"href":"https:\/\/purama.lt\/lv\/wp-json\/wp\/v2\/media?parent=46582"}],"wp:term":[{"taxonomy":"product_brand","embeddable":true,"href":"https:\/\/purama.lt\/lv\/wp-json\/wp\/v2\/product_brand?post=46582"},{"taxonomy":"product_cat","embeddable":true,"href":"https:\/\/purama.lt\/lv\/wp-json\/wp\/v2\/product_cat?post=46582"},{"taxonomy":"product_tag","embeddable":true,"href":"https:\/\/purama.lt\/lv\/wp-json\/wp\/v2\/product_tag?post=46582"}],"curies":[{"name":"wp","href":"https:\/\/api.w.org\/{rel}","templated":true}]}}