{"id":46581,"date":"2026-03-10T09:16:07","date_gmt":"2026-03-10T07:16:07","guid":{"rendered":"https:\/\/purama.lt\/produktas\/malie-kalcis-kaulams-dantims-raumenims-ir-imuninei-sistemai-vaikams\/"},"modified":"2026-03-24T11:16:16","modified_gmt":"2026-03-24T09:16:16","slug":"malie-kalcijs-kauliem-zobiem-muskuliem-un-imunsistemai-berniem","status":"publish","type":"product","link":"https:\/\/purama.lt\/lv\/produktas\/malie-kalcis-kaulams-dantims-raumenims-ir-imuninei-sistemai-vaikams\/","title":{"rendered":"MALIE Kalcijs kauliem, zobiem, musku\u013ciem un im\u016bnsist\u0113mai b\u0113rniem"},"content":{"rendered":"<p><strong>Pat\u0113ri\u0146\u0161<\/strong><br>1 m\u0113rci (5 g) ielej gl\u0101z\u0113 \u016bdens un izdzer.<br>Nav piem\u0113rots b\u0113rniem l\u012bdz 4 gadu vecumam<br>Nep\u0101rsniedziet ieteicamo dienas devu; uztura bag\u0101tin\u0101t\u0101js nevar aizst\u0101t pilnv\u0113rt\u012bgu un sabalans\u0113tu uzturu.<\/p>\n\n\n\n<p><strong>Sast\u0101vda\u013cas<\/strong><br>kalcija citr\u0101ts, ak\u0101cija, dab\u012bgs apels\u012bnu arom\u0101ts, stabilizators: celulozes pulveris, saldin\u0101t\u0101js: stevijas glikoz\u012bdi no stevijas.<\/p>","protected":false},"excerpt":{"rendered":"<p data-start=\"15\" data-end=\"550\"><strong data-start=\"15\" data-end=\"34\">MALIE Kalcijs<\/strong> - ir kalcija papildin\u0101jums pulver\u012b b\u0113rniem vecum\u0101 no 4 gadiem, kas pal\u012bdz ikdien\u0101 uz\u0146emt svar\u012bgo miner\u0101lvielu. Tas ir pieejams <strong data-start=\"152\" data-end=\"202\">pal\u012bdz uztur\u0113t norm\u0101lu kaulu un zobu st\u0101vokli.<\/strong>, <strong data-start=\"204\" data-end=\"250\">veicina norm\u0101lu musku\u013cu darb\u012bbu<\/strong>, <strong data-start=\"252\" data-end=\"278\">nervu sist\u0113mas darb\u012bba<\/strong> un <strong data-start=\"282\" data-end=\"315\">norm\u0101la ener\u0123ijas vielmai\u0146a<\/strong>. Nesatur cukuru, konservantus, m\u0101ksl\u012bgos aromatiz\u0113t\u0101jus vai kr\u0101svielas. Kalcijs ir labi izp\u0113t\u012bta miner\u0101lviela, kas ir svar\u012bga augo\u0161a organisma kauliem, zobiem un ikdienas organisma funkcij\u0101m.<\/p>\n<p data-start=\"552\" data-end=\"575\"><strong data-start=\"552\" data-end=\"575\">K\u0101p\u0113c izv\u0113l\u0113ties <\/strong><strong data-start=\"577\" data-end=\"583\">\u2714\ufe0f<\/strong> Pal\u012bdz uztur\u0113t norm\u0101lu kaulu un zobu st\u0101vokli <br data-start=\"668\" data-end=\"671\" \/><strong data-start=\"671\" data-end=\"677\">\u2714\ufe0f<\/strong> Veicina norm\u0101lu musku\u013cu darb\u012bbu <br data-start=\"758\" data-end=\"761\" \/><strong data-start=\"761\" data-end=\"767\">\u2714\ufe0f<\/strong> Veicina norm\u0101lu nervu sist\u0113mas darb\u012bbu <br data-start=\"853\" data-end=\"856\" \/><strong data-start=\"856\" data-end=\"862\">\u2714\ufe0f<\/strong> Veicina norm\u0101lu ener\u0123ijas vielmai\u0146u <br data-start=\"945\" data-end=\"948\" \/><strong data-start=\"948\" data-end=\"954\">\u2714\ufe0f<\/strong> Nesatur cukuru, konservantus, m\u0101ksl\u012bgos aromatiz\u0113t\u0101jus un kr\u0101svielas.<\/p>","protected":false},"featured_media":46585,"comment_status":"open","ping_status":"closed","template":"","meta":{"_acf_changed":false},"product_brand":[],"product_cat":[123,253,252,279,280,281],"product_tag":[],"class_list":{"0":"post-46581","1":"product","2":"type-product","3":"status-publish","4":"has-post-thumbnail","6":"product_cat-papildai-ilgaamziskumui","7":"product_cat-imuniteto-palaikymas","8":"product_cat-imunitetui","9":"product_cat-kaulams-ir-sanariams","10":"product_cat-kaulu-stiprinimas","11":"product_cat-raumenu-palaikymas","13":"first","14":"instock","15":"shipping-taxable","16":"purchasable","17":"product-type-simple"},"acf":[],"tiered_pricing_type":"fixed","tiered_pricing_fixed_rules":[],"tiered_pricing_product_settings":{"layout":"default","base_unit_name":{"singular":null,"plural":null},"default_variation":null},"tiered_pricing_minimum_quantity":null,"tiered_pricing_roles_data":[],"tiered_pricing_percentage_rules":[],"_links":{"self":[{"href":"https:\/\/purama.lt\/lv\/wp-json\/wp\/v2\/product\/46581","targetHints":{"allow":["GET"]}}],"collection":[{"href":"https:\/\/purama.lt\/lv\/wp-json\/wp\/v2\/product"}],"about":[{"href":"https:\/\/purama.lt\/lv\/wp-json\/wp\/v2\/types\/product"}],"replies":[{"embeddable":true,"href":"https:\/\/purama.lt\/lv\/wp-json\/wp\/v2\/comments?post=46581"}],"wp:featuredmedia":[{"embeddable":true,"href":"https:\/\/purama.lt\/lv\/wp-json\/wp\/v2\/media\/46585"}],"wp:attachment":[{"href":"https:\/\/purama.lt\/lv\/wp-json\/wp\/v2\/media?parent=46581"}],"wp:term":[{"taxonomy":"product_brand","embeddable":true,"href":"https:\/\/purama.lt\/lv\/wp-json\/wp\/v2\/product_brand?post=46581"},{"taxonomy":"product_cat","embeddable":true,"href":"https:\/\/purama.lt\/lv\/wp-json\/wp\/v2\/product_cat?post=46581"},{"taxonomy":"product_tag","embeddable":true,"href":"https:\/\/purama.lt\/lv\/wp-json\/wp\/v2\/product_tag?post=46581"}],"curies":[{"name":"wp","href":"https:\/\/api.w.org\/{rel}","templated":true}]}}