{"id":46580,"date":"2026-03-10T09:16:05","date_gmt":"2026-03-10T07:16:05","guid":{"rendered":"https:\/\/purama.lt\/produktas\/malie-vitaminas-d3-kaulams-dantims-raumenims-ir-imuninei-sistemai-vaikams\/"},"modified":"2026-03-24T11:16:23","modified_gmt":"2026-03-24T09:16:23","slug":"malie-d3-vitamins-kauliem-zobiem-muskuliem-un-imunsistemai-berniem","status":"publish","type":"product","link":"https:\/\/purama.lt\/lv\/produktas\/malie-vitaminas-d3-kaulams-dantims-raumenims-ir-imuninei-sistemai-vaikams\/","title":{"rendered":"MALIE D3 vitam\u012bns kauliem, zobiem, musku\u013ciem un im\u016bnsist\u0113mai b\u0113rniem"},"content":{"rendered":"<p><strong>Pat\u0113ri\u0146\u0161<\/strong><br>1 m\u0113rci (5 g) ielej gl\u0101z\u0113 \u016bdens un izdzer.<br>Nav piem\u0113rots b\u0113rniem l\u012bdz 4 gadu vecumam<br>Nep\u0101rsniedziet ieteicamo dienas devu; uztura bag\u0101tin\u0101t\u0101js nevar aizst\u0101t pilnv\u0113rt\u012bgu un sabalans\u0113tu uzturu.<\/p>\n\n\n\n<p><strong>Sast\u0101vda\u013cas<\/strong><br>ak\u0101cija, dab\u012bgs zeme\u0146u arom\u0101ts, stabilizators: celulozes pulveris, dab\u012bgs bie\u0161u kr\u0101sviela, saldin\u0101t\u0101js: stevijas glikoz\u012bdi, D3 vitam\u012bns (holekalciferols).<\/p>\n\n\n\n<p><\/p>","protected":false},"excerpt":{"rendered":"<p data-start=\"15\" data-end=\"643\"><strong data-start=\"15\" data-end=\"37\">MALIE D3 vitam\u012bns<\/strong> - Gar\u0161\u012bgs zeme\u0146u arom\u0101ta D3 vitam\u012bna dz\u0113riens b\u0113rniem no 4 gadu vecuma ikdienas lieto\u0161anai. Tas <strong data-start=\"132\" data-end=\"186\">pal\u012bdz uztur\u0113t norm\u0101lu im\u016bnsist\u0113mas darb\u012bbu<\/strong>, <strong data-start=\"188\" data-end=\"238\">pal\u012bdz uztur\u0113t norm\u0101lu kaulu un zobu st\u0101vokli.<\/strong>, kas veicina <strong data-start=\"255\" data-end=\"298\">norm\u0101la kalcija un fosfora uzs\u016bk\u0161an\u0101s.<\/strong>, <strong data-start=\"300\" data-end=\"331\">norm\u0101la musku\u013cu darb\u012bba.<\/strong> un <strong data-start=\"335\" data-end=\"378\">norm\u0101las \u0161\u016bnu dal\u012b\u0161an\u0101s funkcijas<\/strong>. Formula bez cukura nesatur konservantus, m\u0101ksl\u012bgos aromatiz\u0113t\u0101jus un kr\u0101svielas, t\u0101p\u0113c t\u0101 ir \u0113rta un dro\u0161a izv\u0113le ikdienas lieto\u0161anai. D3 vitam\u012bns ir labi izp\u0113t\u012bts vitam\u012bns, kas ir svar\u012bgs kalcija metabolismam un norm\u0101lai kaulu vesel\u012bbai. <strong data-start=\"645\" data-end=\"668\">K\u0101p\u0113c izv\u0113l\u0113ties <\/strong><strong data-start=\"670\" data-end=\"676\">\u2714\ufe0f<\/strong> Pat\u012bkama zeme\u0146u gar\u0161a, kas atvieglo pat\u0113ri\u0146u <br data-start=\"760\" data-end=\"763\" \/><strong data-start=\"763\" data-end=\"769\">\u2714\ufe0f<\/strong> Pal\u012bdz uztur\u0113t norm\u0101lu im\u016bnsist\u0113mas darb\u012bbu <br data-start=\"858\" data-end=\"861\" \/><strong data-start=\"861\" data-end=\"867\">\u2714\ufe0f<\/strong> Pal\u012bdz uztur\u0113t norm\u0101lu kaulu, zobu un musku\u013cu st\u0101vokli. <br data-start=\"961\" data-end=\"964\" \/><strong data-start=\"964\" data-end=\"970\">\u2714\ufe0f<\/strong> Veicina norm\u0101lu kalcija un fosfora uzs\u016bk\u0161anos. <br data-start=\"1063\" data-end=\"1066\" \/><strong data-start=\"1066\" data-end=\"1072\">\u2714\ufe0f<\/strong> Nesatur cukuru, konservantus, m\u0101ksl\u012bgos aromatiz\u0113t\u0101jus un kr\u0101svielas.<\/p>","protected":false},"featured_media":46586,"comment_status":"open","ping_status":"closed","template":"","meta":{"_acf_changed":false},"product_brand":[],"product_cat":[123,253,252,279,280,281],"product_tag":[],"class_list":{"0":"post-46580","1":"product","2":"type-product","3":"status-publish","4":"has-post-thumbnail","6":"product_cat-papildai-ilgaamziskumui","7":"product_cat-imuniteto-palaikymas","8":"product_cat-imunitetui","9":"product_cat-kaulams-ir-sanariams","10":"product_cat-kaulu-stiprinimas","11":"product_cat-raumenu-palaikymas","13":"first","14":"instock","15":"shipping-taxable","16":"purchasable","17":"product-type-simple"},"acf":[],"tiered_pricing_type":"fixed","tiered_pricing_fixed_rules":[],"tiered_pricing_product_settings":{"layout":"default","base_unit_name":{"singular":null,"plural":null},"default_variation":null},"tiered_pricing_minimum_quantity":null,"tiered_pricing_roles_data":[],"tiered_pricing_percentage_rules":[],"_links":{"self":[{"href":"https:\/\/purama.lt\/lv\/wp-json\/wp\/v2\/product\/46580","targetHints":{"allow":["GET"]}}],"collection":[{"href":"https:\/\/purama.lt\/lv\/wp-json\/wp\/v2\/product"}],"about":[{"href":"https:\/\/purama.lt\/lv\/wp-json\/wp\/v2\/types\/product"}],"replies":[{"embeddable":true,"href":"https:\/\/purama.lt\/lv\/wp-json\/wp\/v2\/comments?post=46580"}],"wp:featuredmedia":[{"embeddable":true,"href":"https:\/\/purama.lt\/lv\/wp-json\/wp\/v2\/media\/46586"}],"wp:attachment":[{"href":"https:\/\/purama.lt\/lv\/wp-json\/wp\/v2\/media?parent=46580"}],"wp:term":[{"taxonomy":"product_brand","embeddable":true,"href":"https:\/\/purama.lt\/lv\/wp-json\/wp\/v2\/product_brand?post=46580"},{"taxonomy":"product_cat","embeddable":true,"href":"https:\/\/purama.lt\/lv\/wp-json\/wp\/v2\/product_cat?post=46580"},{"taxonomy":"product_tag","embeddable":true,"href":"https:\/\/purama.lt\/lv\/wp-json\/wp\/v2\/product_tag?post=46580"}],"curies":[{"name":"wp","href":"https:\/\/api.w.org\/{rel}","templated":true}]}}