{"id":46579,"date":"2026-03-10T09:16:02","date_gmt":"2026-03-10T07:16:02","guid":{"rendered":"https:\/\/purama.lt\/produktas\/malie-vitaminas-c-imuninei-sistemai-vaikams\/"},"modified":"2026-03-24T11:16:28","modified_gmt":"2026-03-24T09:16:28","slug":"malie-c-vitamins-bernu-imunsistemai","status":"publish","type":"product","link":"https:\/\/purama.lt\/lv\/produktas\/malie-vitaminas-c-imuninei-sistemai-vaikams\/","title":{"rendered":"MALIE C vitam\u012bns b\u0113rnu im\u016bnsist\u0113mai"},"content":{"rendered":"<p><strong>Pat\u0113ri\u0146\u0161<\/strong><br>1 m\u0113rci (5 g) ielej gl\u0101z\u0113 \u016bdens un izdzer.<br>Nav piem\u0113rots b\u0113rniem l\u012bdz 4 gadu vecumam<br>Nep\u0101rsniedziet ieteicamo dienas devu; uztura bag\u0101tin\u0101t\u0101js nevar aizst\u0101t pilnv\u0113rt\u012bgu un sabalans\u0113tu uzturu.<\/p>\n\n\n\n<p><strong>Sast\u0101vda\u013cas<\/strong><br>ak\u0101cija, dab\u012bgs citrona arom\u0101ts (4%), stabilizators: celulozes pulveris, c vitam\u012bns (askorb\u012bnsk\u0101be), saldin\u0101t\u0101js: stevijas glikoz\u012bdi no stevijas.<\/p>","protected":false},"excerpt":{"rendered":"<p data-start=\"15\" data-end=\"633\"><strong data-start=\"15\" data-end=\"36\">MALIE C vitam\u012bns<\/strong> - gar\u0161\u012bgs citron\u0101des arom\u0101ta C vitam\u012bna dz\u0113riens b\u0113rniem no 4 gadu vecuma ikdienas organisma atbalstam. Tas <strong data-start=\"144\" data-end=\"198\">veicina norm\u0101lu im\u016bnsist\u0113mas darb\u012bbu.<\/strong>, <strong data-start=\"200\" data-end=\"236\">norm\u0101la nervu sist\u0113mas darb\u012bba<\/strong> un <strong data-start=\"240\" data-end=\"273\">norm\u0101la ener\u0123ijas vielmai\u0146a<\/strong>, pal\u012bdz <strong data-start=\"282\" data-end=\"327\">aizsarg\u0101 \u0161\u016bnas no oksidat\u012bv\u0101 stresa.<\/strong> un <strong data-start=\"332\" data-end=\"373\">uzlabo neh\u0113mdzelzs uzs\u016bk\u0161anos.<\/strong>. Sast\u0101v\u0101 nav pievienot\u0101 cukura, konservantu, m\u0101ksl\u012bgo aromatiz\u0113t\u0101ju un kr\u0101svielu, t\u0101p\u0113c tas ir \u0113rts un dro\u0161s ikdienas lieto\u0161anai. C vitam\u012bns ir labi izp\u0113t\u012bts antioksidants, kas nov\u0113rt\u0113ts k\u0101 antioksidants norm\u0101lai organisma aizsardz\u012bbai un ener\u0123ijas vielmai\u0146ai. <strong data-start=\"635\" data-end=\"658\">K\u0101p\u0113c izv\u0113l\u0113ties <\/strong><strong data-start=\"660\" data-end=\"666\">\u2714\ufe0f<\/strong> Pat\u012bkama limon\u0101des gar\u0161a vieglam pat\u0113ri\u0146am<br data-start=\"713\" data-end=\"716\" \/><strong data-start=\"716\" data-end=\"722\">\u2714\ufe0f<\/strong> Veicina norm\u0101lu im\u016bnsist\u0113mas darb\u012bbu<br data-start=\"773\" data-end=\"776\" \/><strong data-start=\"776\" data-end=\"782\">\u2714\ufe0f<\/strong> Veicina norm\u0101lu nervu sist\u0113mas darb\u012bbu un ener\u0123ijas vielmai\u0146u.<br data-start=\"853\" data-end=\"856\" \/><strong data-start=\"856\" data-end=\"862\">\u2714\ufe0f<\/strong> pal\u012bdz aizsarg\u0101t \u0161\u016bnas no oksidat\u012bv\u0101 stresa<br data-start=\"911\" data-end=\"914\" \/><strong data-start=\"914\" data-end=\"920\" data-is-only-node=\"\">\u2714\ufe0f<\/strong> Bez pievienot\u0101 cukura, konservantiem, m\u0101ksl\u012bgiem aromatiz\u0113t\u0101jiem un kr\u0101sviel\u0101m.<\/p>","protected":false},"featured_media":46583,"comment_status":"open","ping_status":"closed","template":"","meta":{"_acf_changed":false},"product_brand":[],"product_cat":[123,253,252],"product_tag":[],"class_list":{"0":"post-46579","1":"product","2":"type-product","3":"status-publish","4":"has-post-thumbnail","6":"product_cat-papildai-ilgaamziskumui","7":"product_cat-imuniteto-palaikymas","8":"product_cat-imunitetui","10":"first","11":"instock","12":"shipping-taxable","13":"purchasable","14":"product-type-simple"},"acf":[],"tiered_pricing_type":"fixed","tiered_pricing_fixed_rules":[],"tiered_pricing_product_settings":{"layout":"default","base_unit_name":{"singular":null,"plural":null},"default_variation":null},"tiered_pricing_minimum_quantity":null,"tiered_pricing_roles_data":[],"tiered_pricing_percentage_rules":[],"_links":{"self":[{"href":"https:\/\/purama.lt\/lv\/wp-json\/wp\/v2\/product\/46579","targetHints":{"allow":["GET"]}}],"collection":[{"href":"https:\/\/purama.lt\/lv\/wp-json\/wp\/v2\/product"}],"about":[{"href":"https:\/\/purama.lt\/lv\/wp-json\/wp\/v2\/types\/product"}],"replies":[{"embeddable":true,"href":"https:\/\/purama.lt\/lv\/wp-json\/wp\/v2\/comments?post=46579"}],"wp:featuredmedia":[{"embeddable":true,"href":"https:\/\/purama.lt\/lv\/wp-json\/wp\/v2\/media\/46583"}],"wp:attachment":[{"href":"https:\/\/purama.lt\/lv\/wp-json\/wp\/v2\/media?parent=46579"}],"wp:term":[{"taxonomy":"product_brand","embeddable":true,"href":"https:\/\/purama.lt\/lv\/wp-json\/wp\/v2\/product_brand?post=46579"},{"taxonomy":"product_cat","embeddable":true,"href":"https:\/\/purama.lt\/lv\/wp-json\/wp\/v2\/product_cat?post=46579"},{"taxonomy":"product_tag","embeddable":true,"href":"https:\/\/purama.lt\/lv\/wp-json\/wp\/v2\/product_tag?post=46579"}],"curies":[{"name":"wp","href":"https:\/\/api.w.org\/{rel}","templated":true}]}}