{"id":46446,"date":"2026-03-03T13:19:24","date_gmt":"2026-03-03T11:19:24","guid":{"rendered":"https:\/\/purama.lt\/produktas\/zinzino-testas-omega-3-profiliui-nustatyti\/"},"modified":"2026-03-24T17:18:45","modified_gmt":"2026-03-24T15:18:45","slug":"zinzin-tests-omega-3-profilam","status":"publish","type":"product","link":"https:\/\/purama.lt\/lv\/produktas\/zinzino-testas-omega-3-profiliui-nustatyti\/","title":{"rendered":"Cinka l\u012bdzsvarsTest Omega-3 tests"},"content":{"rendered":"<p><strong>Izmanto\u0161ana<\/strong><br>Veiciet pirksta d\u016brienu saska\u0146\u0101 ar nor\u0101d\u012bjumiem un no\u0146emiet asinis uz testa kartes.<br>\u013baujiet paraugam no\u017e\u016bt un nos\u016btiet to pievienotaj\u0101 aploksn\u0113.<br>Iev\u0113rojiet uz iepakojuma nor\u0101d\u012bjumus.<\/p>\n\n\n\n<p><strong>Sast\u0101vda\u013cas<\/strong><br>testa komplekts (parauga karte, lancete, dezinfekcijas salvete, atgrie\u0161anas aploksne).<\/p>","protected":false},"excerpt":{"rendered":"<p data-start=\"96\" data-end=\"574\"><strong>Zinzino BalanceTest:<\/strong> m\u0101jas apst\u0101k\u013cos veikts tests, izmantojot iz\u017e\u0101v\u0113tu asins pilienu, lai noteiktu omega-6 un omega-3 tauksk\u0101bju attiec\u012bbu organism\u0101. Tests \u013cauj nov\u0113rt\u0113t j\u016bsu individu\u0101lo tauksk\u0101bju profilu un ieg\u016bt skaidru nor\u0101di par organisma l\u012bdzsvaru. Paraugu \u0146em ar vienk\u0101r\u0161u pirksta d\u016brienu un p\u0113c tam nos\u016bta uz akredit\u0113tu laboratoriju anal\u012b\u017eu veik\u0161anai. Rezult\u0101tus var izmantot, lai pie\u0146emtu pamatot\u0101kus l\u0113mumus par uzturu vai uztura bag\u0101tin\u0101t\u0101ju lieto\u0161anu.<\/p>\n<p data-start=\"576\" data-end=\"788\"><strong data-start=\"576\" data-end=\"599\">K\u0101p\u0113c izv\u0113l\u0113ties<\/strong><br data-start=\"599\" data-end=\"602\" \/><strong data-start=\"602\" data-end=\"608\">\u2714\ufe0f<\/strong> nosaka omega-6 un omega-3 attiec\u012bbu.<br data-start=\"643\" data-end=\"646\" \/><strong data-start=\"646\" data-end=\"652\">\u2714\ufe0f<\/strong> \u0112rti veikt m\u0101j\u0101s<br data-start=\"676\" data-end=\"679\" \/><strong data-start=\"679\" data-end=\"685\">\u2714\ufe0f<\/strong> Laboratorijas anal\u012bze ar individu\u0101lu zi\u0146ojumu<br data-start=\"732\" data-end=\"735\" \/><strong data-start=\"735\" data-end=\"741\">\u2714\ufe0f<\/strong> Pal\u012bdz uzraudz\u012bt di\u0113tas ietekmi laika gait\u0101<\/p>","protected":false},"featured_media":46428,"comment_status":"open","ping_status":"closed","template":"","meta":{"_acf_changed":false},"product_brand":[464],"product_cat":[75,97],"product_tag":[],"class_list":{"0":"post-46446","1":"product","2":"type-product","3":"status-publish","4":"has-post-thumbnail","6":"product_brand-zinzino","7":"product_cat-sveikatos-testai","8":"product_cat-tyrimai","10":"first","11":"instock","12":"shipping-taxable","13":"purchasable","14":"product-type-simple"},"acf":[],"tiered_pricing_type":"fixed","tiered_pricing_fixed_rules":[],"tiered_pricing_product_settings":{"layout":"default","base_unit_name":{"singular":null,"plural":null},"default_variation":null},"tiered_pricing_minimum_quantity":null,"tiered_pricing_roles_data":[],"tiered_pricing_percentage_rules":[],"_links":{"self":[{"href":"https:\/\/purama.lt\/lv\/wp-json\/wp\/v2\/product\/46446","targetHints":{"allow":["GET"]}}],"collection":[{"href":"https:\/\/purama.lt\/lv\/wp-json\/wp\/v2\/product"}],"about":[{"href":"https:\/\/purama.lt\/lv\/wp-json\/wp\/v2\/types\/product"}],"replies":[{"embeddable":true,"href":"https:\/\/purama.lt\/lv\/wp-json\/wp\/v2\/comments?post=46446"}],"wp:featuredmedia":[{"embeddable":true,"href":"https:\/\/purama.lt\/lv\/wp-json\/wp\/v2\/media\/46428"}],"wp:attachment":[{"href":"https:\/\/purama.lt\/lv\/wp-json\/wp\/v2\/media?parent=46446"}],"wp:term":[{"taxonomy":"product_brand","embeddable":true,"href":"https:\/\/purama.lt\/lv\/wp-json\/wp\/v2\/product_brand?post=46446"},{"taxonomy":"product_cat","embeddable":true,"href":"https:\/\/purama.lt\/lv\/wp-json\/wp\/v2\/product_cat?post=46446"},{"taxonomy":"product_tag","embeddable":true,"href":"https:\/\/purama.lt\/lv\/wp-json\/wp\/v2\/product_tag?post=46446"}],"curies":[{"name":"wp","href":"https:\/\/api.w.org\/{rel}","templated":true}]}}