{"id":46445,"date":"2026-03-03T13:19:22","date_gmt":"2026-03-03T11:19:22","guid":{"rendered":"https:\/\/purama.lt\/produktas\/zinzino-hba1c-ilgalaikio-cukraus-lygio-kraujyje-testas\/"},"modified":"2026-03-24T17:33:01","modified_gmt":"2026-03-24T15:33:01","slug":"zinzin-hba1c-ilgtermina-cukura-limena-asinis-tests","status":"publish","type":"product","link":"https:\/\/purama.lt\/lv\/produktas\/zinzino-hba1c-ilgalaikio-cukraus-lygio-kraujyje-testas\/","title":{"rendered":"Zinzin HbA1c tests Ilgtermi\u0146a cukura l\u012bme\u0146a asin\u012bs tests"},"content":{"rendered":"<p><strong>Izmanto\u0161ana<\/strong><br>Veiciet pirksta d\u016brienu saska\u0146\u0101 ar sniegtajiem nor\u0101d\u012bjumiem un no\u0146emiet asinis uz parauga kartes.<br>\u013baujiet paraugam no\u017e\u016bt un nos\u016btiet to uz nor\u0101d\u012bto adresi.<br>Iev\u0113rojiet uz iepakojuma nor\u0101d\u012bjumus.<\/p>\n\n\n\n<p><strong>Sast\u0101vda\u013cas<\/strong><br>testa komplekts (parauga karte, lancete, dezinfekcijas salvete, atgrie\u0161anas aploksne).<\/p>","protected":false},"excerpt":{"rendered":"<p data-start=\"95\" data-end=\"628\"><strong>Zinzino HbA1c tests<\/strong> t\u0101s ir iz\u017e\u0101v\u0113ta asi\u0146u piliena anal\u012bze, kas paredz\u0113ta vid\u0113j\u0101 glikozes l\u012bme\u0146a asin\u012bs nov\u0113rt\u0113\u0161anai p\u0113d\u0113jo 2-3 m\u0113ne\u0161u laik\u0101. Testu var veikt m\u0101j\u0101s, izmantojot vienk\u0101r\u0161u pirksta d\u016briena metodi, un paraugu nos\u016bta uz laboratoriju anal\u012bzei. HbA1c r\u0101d\u012bt\u0101js nor\u0101da, k\u0101da da\u013ca hemoglob\u012bna ir saist\u012bjusies ar glikozi, t\u0101d\u0113j\u0101di pal\u012bdzot izveidot visp\u0101r\u0113ju priek\u0161statu par ilgtermi\u0146a cukura l\u012bme\u0146a kontroli asin\u012bs. Tas ir \u0113rts veids, k\u0101 uzraudz\u012bt savu vielmai\u0146as st\u0101vokli un pie\u0146emt inform\u0113tus dz\u012bvesveida l\u0113mumus.<\/p>\n<p data-start=\"630\" data-end=\"827\"><strong data-start=\"630\" data-end=\"653\">K\u0101p\u0113c izv\u0113l\u0113ties:<\/strong><br data-start=\"653\" data-end=\"656\" \/><strong data-start=\"656\" data-end=\"662\">\u2714\ufe0f<\/strong> Par\u0101da vid\u0113jo glikozes l\u012bmeni 2-3 m\u0113ne\u0161u laik\u0101.<br data-start=\"710\" data-end=\"713\" \/><strong data-start=\"713\" data-end=\"719\">\u2714\ufe0f<\/strong> \u0112rti veikt m\u0101j\u0101s<br data-start=\"743\" data-end=\"746\" \/><strong data-start=\"746\" data-end=\"752\">\u2714\ufe0f<\/strong> Parauga laboratorisk\u0101 test\u0113\u0161ana<br data-start=\"784\" data-end=\"787\" \/><strong data-start=\"787\" data-end=\"793\">\u2714\ufe0f<\/strong> Skaidri un saprotami rezult\u0101ti<\/p>","protected":false},"featured_media":46422,"comment_status":"open","ping_status":"closed","template":"","meta":{"_acf_changed":false},"product_brand":[464],"product_cat":[75,97],"product_tag":[],"class_list":{"0":"post-46445","1":"product","2":"type-product","3":"status-publish","4":"has-post-thumbnail","6":"product_brand-zinzino","7":"product_cat-sveikatos-testai","8":"product_cat-tyrimai","10":"first","11":"instock","12":"shipping-taxable","13":"purchasable","14":"product-type-simple"},"acf":[],"tiered_pricing_type":"fixed","tiered_pricing_fixed_rules":[],"tiered_pricing_product_settings":{"layout":"default","base_unit_name":{"singular":null,"plural":null},"default_variation":null},"tiered_pricing_minimum_quantity":null,"tiered_pricing_roles_data":[],"tiered_pricing_percentage_rules":[],"_links":{"self":[{"href":"https:\/\/purama.lt\/lv\/wp-json\/wp\/v2\/product\/46445","targetHints":{"allow":["GET"]}}],"collection":[{"href":"https:\/\/purama.lt\/lv\/wp-json\/wp\/v2\/product"}],"about":[{"href":"https:\/\/purama.lt\/lv\/wp-json\/wp\/v2\/types\/product"}],"replies":[{"embeddable":true,"href":"https:\/\/purama.lt\/lv\/wp-json\/wp\/v2\/comments?post=46445"}],"wp:featuredmedia":[{"embeddable":true,"href":"https:\/\/purama.lt\/lv\/wp-json\/wp\/v2\/media\/46422"}],"wp:attachment":[{"href":"https:\/\/purama.lt\/lv\/wp-json\/wp\/v2\/media?parent=46445"}],"wp:term":[{"taxonomy":"product_brand","embeddable":true,"href":"https:\/\/purama.lt\/lv\/wp-json\/wp\/v2\/product_brand?post=46445"},{"taxonomy":"product_cat","embeddable":true,"href":"https:\/\/purama.lt\/lv\/wp-json\/wp\/v2\/product_cat?post=46445"},{"taxonomy":"product_tag","embeddable":true,"href":"https:\/\/purama.lt\/lv\/wp-json\/wp\/v2\/product_tag?post=46445"}],"curies":[{"name":"wp","href":"https:\/\/api.w.org\/{rel}","templated":true}]}}