{"id":46444,"date":"2026-03-03T13:19:21","date_gmt":"2026-03-03T11:19:21","guid":{"rendered":"https:\/\/purama.lt\/produktas\/zinzino-skin-serum-skirtas-mazinti-gilias-rauksles-kaklo-ir-veido-odai\/"},"modified":"2026-04-10T13:03:32","modified_gmt":"2026-04-10T11:03:32","slug":"zinzino-adas-serums-dzilo-kruncinu-samazinasanai-uz-kakla-un-sejas","status":"publish","type":"product","link":"https:\/\/purama.lt\/lv\/produktas\/zinzino-skin-serum-skirtas-mazinti-gilias-rauksles-kaklo-ir-veido-odai\/","title":{"rendered":"Zinzino \u0101das serums dzi\u013co krunci\u0146u samazin\u0101\u0161anai uz kakla un sejas"},"content":{"rendered":"<p><strong>Izmanto\u0161ana<\/strong><br>Uzkl\u0101jiet uz t\u012bras \u0101das no r\u012bta un\/vai vakar\u0101.<br>Viegli iemas\u0113jiet, l\u012bdz piln\u012bb\u0101 ies\u016bcas.<br>Iev\u0113rojiet uz iepakojuma nor\u0101d\u012bjumus.<\/p>\n\n\n\n<h5 class=\"wp-block-heading\">Sast\u0101vda\u013cas:<\/h5>\n\n\n\n<p>\u016adens, glicer\u012bns, \u0161\u012b sviesta etilesteri, beta\u012bns, metilmetakril\u0101ta \u0161\u0137\u0113rspolim\u0113rs, Avena Sativa (auzu) kodolu milti, sorbit\u0101na kapril\u0101ts, pekt\u012bns, skval\u0101ns, ksant\u0101na sve\u0137i, rauga polisahar\u012bdi, tokoferols, Olea Europaea (ol\u012bvu) aug\u013cu ekstrakts, sepiol\u012bta ekstrakts, Calendula Officinalis ziedu ekstrakts, n\u0101trija hialuron\u0101ts, Helianthus Annuus (saulespu\u0137u s\u0113klu e\u013c\u013ca, n\u0101trija hidroks\u012bds, karagin\u0101ns, polivinilspirts, k\u0101lija benzo\u0101ts, propandiols, n\u0101trija benzo\u0101ts, kaprilglikols, vara palmitoilheptapept\u012bds-14, glicerilkapril\u0101ts, heptapept\u012bds-15 palmit\u0101ts, piensk\u0101bes\/glikolsk\u0101bes kopolim\u0113rs, fenoksietanols, fenilpropanols, sorb\u012bnsk\u0101be, benzosk\u0101be, beta-karot\u012bns, citronsk\u0101be.<\/p>","protected":false},"excerpt":{"rendered":"<p data-start=\"95\" data-end=\"606\"><strong data-start=\"111\" data-end=\"135\">Zinzino \u0101das serums:<\/strong>\u00a0ir uzlabots sejas serums, kas paredz\u0113ts \u0101das mitrin\u0101\u0161anai, elast\u012bbai un mirdzumam. Vieglas konsistences formula \u0101tri ies\u016bcas, neatst\u0101j lip\u012bguma saj\u016btu un ir ide\u0101li piem\u0113rota lieto\u0161anai gan no r\u012bta, gan vakar\u0101. Serums pal\u012bdz uztur\u0113t \u0101das mitruma l\u012bdzsvaru, stiprina aizsargbarjeru un nodro\u0161ina maigu un pat\u012bkamu saj\u016btu. Seruma sast\u0101v\u0101 eso\u0161\u0101s mitrino\u0161\u0101s un antioksid\u0113jo\u0161\u0101s sast\u0101vda\u013cas pal\u012bdz aizsarg\u0101t \u0101du no vides agresoriem un uztur\u0113t vienm\u0113r\u012bg\u0101ku sejas kr\u0101su.<\/p>\n<p data-start=\"608\" data-end=\"806\"><strong data-start=\"608\" data-end=\"631\">K\u0101p\u0113c izv\u0113l\u0113ties:<\/strong><br data-start=\"631\" data-end=\"634\" \/><strong data-start=\"634\" data-end=\"640\">\u2714\ufe0f<\/strong> Intens\u012bvi mitrina un m\u012bkstina \u0101du<br data-start=\"677\" data-end=\"680\" \/><strong data-start=\"680\" data-end=\"686\">\u2714\ufe0f<\/strong> \u0100tri uzs\u016bco\u0161a, viegla tekst\u016bra<br data-start=\"724\" data-end=\"727\" \/><strong data-start=\"727\" data-end=\"733\">\u2714\ufe0f<\/strong> Pal\u012bdz saglab\u0101t \u0101das elast\u012bbu<br data-start=\"767\" data-end=\"770\" \/><strong data-start=\"770\" data-end=\"776\">\u2714\ufe0f<\/strong> Piem\u0113rots ikdienas lieto\u0161anai<\/p>","protected":false},"featured_media":46425,"comment_status":"open","ping_status":"closed","template":"","meta":{"_acf_changed":true},"product_brand":[464],"product_cat":[92,56,59],"product_tag":[],"class_list":{"0":"post-46444","1":"product","2":"type-product","3":"status-publish","4":"has-post-thumbnail","6":"product_brand-zinzino","7":"product_cat-groziui","8":"product_cat-veido-serumai","9":"product_cat-veidui","11":"first","12":"instock","13":"shipping-taxable","14":"purchasable","15":"product-type-simple"},"acf":[],"tiered_pricing_type":"fixed","tiered_pricing_fixed_rules":[],"tiered_pricing_product_settings":{"layout":"default","base_unit_name":{"singular":null,"plural":null},"default_variation":null},"tiered_pricing_minimum_quantity":null,"tiered_pricing_roles_data":[],"tiered_pricing_percentage_rules":[],"_links":{"self":[{"href":"https:\/\/purama.lt\/lv\/wp-json\/wp\/v2\/product\/46444","targetHints":{"allow":["GET"]}}],"collection":[{"href":"https:\/\/purama.lt\/lv\/wp-json\/wp\/v2\/product"}],"about":[{"href":"https:\/\/purama.lt\/lv\/wp-json\/wp\/v2\/types\/product"}],"replies":[{"embeddable":true,"href":"https:\/\/purama.lt\/lv\/wp-json\/wp\/v2\/comments?post=46444"}],"wp:featuredmedia":[{"embeddable":true,"href":"https:\/\/purama.lt\/lv\/wp-json\/wp\/v2\/media\/46425"}],"wp:attachment":[{"href":"https:\/\/purama.lt\/lv\/wp-json\/wp\/v2\/media?parent=46444"}],"wp:term":[{"taxonomy":"product_brand","embeddable":true,"href":"https:\/\/purama.lt\/lv\/wp-json\/wp\/v2\/product_brand?post=46444"},{"taxonomy":"product_cat","embeddable":true,"href":"https:\/\/purama.lt\/lv\/wp-json\/wp\/v2\/product_cat?post=46444"},{"taxonomy":"product_tag","embeddable":true,"href":"https:\/\/purama.lt\/lv\/wp-json\/wp\/v2\/product_tag?post=46444"}],"curies":[{"name":"wp","href":"https:\/\/api.w.org\/{rel}","templated":true}]}}