{"id":46443,"date":"2026-03-03T13:19:20","date_gmt":"2026-03-03T11:19:20","guid":{"rendered":"https:\/\/purama.lt\/produktas\/zinzino-collagen-boozt-skysta-jurinio-kolageno-doze-vysniu-skonio\/"},"modified":"2026-04-08T09:10:55","modified_gmt":"2026-04-08T07:10:55","slug":"zinzino-kolagens-boozt-skidra-juras-kolagena-deva-sausa-veida-ar-garsu","status":"publish","type":"product","link":"https:\/\/purama.lt\/lv\/produktas\/zinzino-collagen-boozt-skysta-jurinio-kolageno-doze-vysniu-skonio\/","title":{"rendered":"Zinzino Collagen Boozt \u0160\u0137idra j\u016bras kolag\u0113na deva, \u0137ir\u0161u gar\u0161a"},"content":{"rendered":"<p><strong>Pat\u0113ri\u0146\u0161<\/strong><br>Lietojiet vienu devu dien\u0101, v\u0113lams no r\u012bta.<br>Pirms lieto\u0161anas sakrat\u012bt.<br>Iev\u0113rojiet uz iepakojuma nor\u0101d\u012bjumus.<\/p>\n\n\n\n<p><strong>Sast\u0101vda\u013cas<\/strong><br>\u016bdens, hidroliz\u0113ts kolag\u0113ns, c vitam\u012bns (askorb\u012bnsk\u0101be), dab\u012bgie aromatiz\u0113t\u0101ji, saldin\u0101t\u0101js, konservants.<\/p>\n\n\n\n<p>Vair\u0101k par kolag\u0113nu lasiet m\u016bsu <a href=\"\/lv\/kolagena-celvedis\/\">kolag\u0113na gids<\/a>.<\/p>","protected":false},"excerpt":{"rendered":"<p><strong>Zinzino Collagen Boozt:<\/strong>\u00a0ir \u0161\u0137idrs kolag\u0113na papildin\u0101jums, kas paredz\u0113ts \u0101das, matu un nagu st\u0101vok\u013ca uzlabo\u0161anai un saistaudu funkcijas stiprin\u0101\u0161anai. Formul\u0101 izmantots hidroliz\u0113ts kolag\u0113ns, ko organisms viegl\u0101k uzs\u016bcas. Papildin\u0101jums ir bag\u0101tin\u0101ts ar C vitam\u012bnu, kas pal\u012bdz uztur\u0113t norm\u0101lu kolag\u0113na veido\u0161anos, kas nepiecie\u0161ama norm\u0101lai \u0101das darb\u012bbai, un citiem \u0101das skaistumam svar\u012bgiem mikroelementiem. \u0160\u0137idr\u0101 forma ir \u0113rta lieto\u0161an\u0101 un \u013cauj \u0101tri iek\u013caut produktu ikdienas rut\u012bn\u0101. <\/p>\n<p><strong>K\u0101p\u0113c izv\u0113l\u0113ties:<br \/><\/strong> \u2714\ufe0f Hidroliz\u0113ts kolag\u0113ns lab\u0101kai uzs\u016bk\u0161anai<br \/>\u2714\ufe0f C vitam\u012bns norm\u0101lai kolag\u0113na sint\u0113zei<br \/>\u2714\ufe0f Atbalsta \u0101du, matus un nagus.<br \/>\u2714\ufe0f \u0112rta \u0161\u0137idruma forma ikdienas lieto\u0161anai \u00a0<\/p>","protected":false},"featured_media":46432,"comment_status":"open","ping_status":"closed","template":"","meta":{"_acf_changed":true},"product_brand":[464],"product_cat":[123,279,280,273,274],"product_tag":[],"class_list":{"0":"post-46443","1":"product","2":"type-product","3":"status-publish","4":"has-post-thumbnail","6":"product_brand-zinzino","7":"product_cat-papildai-ilgaamziskumui","8":"product_cat-kaulams-ir-sanariams","9":"product_cat-kaulu-stiprinimas","10":"product_cat-odai-plaukams-nagams","11":"product_cat-odos-jaunyste","13":"first","14":"instock","15":"shipping-taxable","16":"purchasable","17":"product-type-simple"},"acf":[],"tiered_pricing_type":"fixed","tiered_pricing_fixed_rules":[],"tiered_pricing_product_settings":{"layout":"default","base_unit_name":{"singular":null,"plural":null},"default_variation":null},"tiered_pricing_minimum_quantity":null,"tiered_pricing_roles_data":[],"tiered_pricing_percentage_rules":[],"_links":{"self":[{"href":"https:\/\/purama.lt\/lv\/wp-json\/wp\/v2\/product\/46443","targetHints":{"allow":["GET"]}}],"collection":[{"href":"https:\/\/purama.lt\/lv\/wp-json\/wp\/v2\/product"}],"about":[{"href":"https:\/\/purama.lt\/lv\/wp-json\/wp\/v2\/types\/product"}],"replies":[{"embeddable":true,"href":"https:\/\/purama.lt\/lv\/wp-json\/wp\/v2\/comments?post=46443"}],"wp:featuredmedia":[{"embeddable":true,"href":"https:\/\/purama.lt\/lv\/wp-json\/wp\/v2\/media\/46432"}],"wp:attachment":[{"href":"https:\/\/purama.lt\/lv\/wp-json\/wp\/v2\/media?parent=46443"}],"wp:term":[{"taxonomy":"product_brand","embeddable":true,"href":"https:\/\/purama.lt\/lv\/wp-json\/wp\/v2\/product_brand?post=46443"},{"taxonomy":"product_cat","embeddable":true,"href":"https:\/\/purama.lt\/lv\/wp-json\/wp\/v2\/product_cat?post=46443"},{"taxonomy":"product_tag","embeddable":true,"href":"https:\/\/purama.lt\/lv\/wp-json\/wp\/v2\/product_tag?post=46443"}],"curies":[{"name":"wp","href":"https:\/\/api.w.org\/{rel}","templated":true}]}}