{"id":46442,"date":"2026-03-03T13:19:18","date_gmt":"2026-03-03T11:19:18","guid":{"rendered":"https:\/\/purama.lt\/produktas\/zinzino-spirumaxmaisto-papildas-su-naturalia-spirulina\/"},"modified":"2026-03-24T17:35:15","modified_gmt":"2026-03-24T15:35:15","slug":"zinzin-spirumaxfood-papildinajums-ar-dabigo-spirulinu","status":"publish","type":"product","link":"https:\/\/purama.lt\/lv\/produktas\/zinzino-spirumaxmaisto-papildas-su-naturalia-spirulina\/","title":{"rendered":"Zinzino SpiruMax+\nUztura bag\u0101tin\u0101t\u0101js ar dab\u012bgo spirul\u012bnu"},"content":{"rendered":"<p><strong>Pat\u0113ri\u0146\u0161<\/strong><br>Lietojiet 3-6 tabletes dien\u0101 kop\u0101 ar \u0113dienu un \u016bdeni.<br>Nep\u0101rsniedziet ieteicamo dienas devu.<br>Iev\u0113rojiet uz iepakojuma nor\u0101d\u012bjumus.<\/p>\n\n\n\n<p><strong>Sast\u0101vda\u013cas<\/strong><br>spirul\u012bna (arthrospira platensis) <\/p>\n\n\n\n<p>spirul\u012bna&nbsp;<em>(Arthrospira maxima)<\/em>&nbsp;pulveris, pildviela (celuloze).<\/p>\n\n\n\n<p><\/p>","protected":false},"excerpt":{"rendered":"<p data-start=\"93\" data-end=\"639\"><strong>Zinzino SpiruMax+:<\/strong> ir augstas kvalit\u0101tes spirul\u012bnas piedeva ikdienas organisma atbalstam un ener\u0123ijas ieg\u016b\u0161anai. Spirul\u012bna ir bar\u012bbas viel\u0101m bag\u0101tas zila\u013c\u0123es, kas dabiski satur olbaltumvielas, vitam\u012bnus, miner\u0101lvielas un antioksidantus. \u0160is produkts pal\u012bdz papildin\u0101t uzturu ar v\u0113rt\u012bg\u0101m uzturviel\u0101m, uztur\u0113t norm\u0101lu im\u016bnsist\u0113mas darb\u012bbu un visp\u0101r\u0113jo organisma tonusu. Spirul\u012bn\u0101 eso\u0161aj\u0101m fitonutrientiem, piem\u0113ram, fikocian\u012bnam, piem\u012bt antioksidantu \u012bpa\u0161\u012bbas, kas pal\u012bdz aizsarg\u0101t \u0161\u016bnas no oksidat\u012bv\u0101 stresa.<\/p>\n<p data-start=\"641\" data-end=\"873\"><strong data-start=\"641\" data-end=\"664\">K\u0101p\u0113c izv\u0113l\u0113ties:<\/strong><br data-start=\"664\" data-end=\"667\" \/><strong data-start=\"667\" data-end=\"673\">\u2714\ufe0f<\/strong> Augstas kvalit\u0101tes spirul\u012bna no kontrol\u0113t\u0101m saimniec\u012bb\u0101m<br data-start=\"722\" data-end=\"725\" \/><strong data-start=\"725\" data-end=\"731\">\u2714\ufe0f<\/strong> Dabisks olbaltumvielu un mikroelementu avots<br data-start=\"775\" data-end=\"778\" \/><strong data-start=\"778\" data-end=\"784\">\u2714\ufe0f<\/strong> Pal\u012bdz uztur\u0113t ener\u0123iju un dz\u012bvesprieku<br data-start=\"834\" data-end=\"837\" \/><strong data-start=\"837\" data-end=\"843\">\u2714\ufe0f<\/strong> Piem\u0113rots ikdienas lieto\u0161anai<\/p>","protected":false},"featured_media":46423,"comment_status":"open","ping_status":"closed","template":"","meta":{"_acf_changed":false},"product_brand":[464],"product_cat":[252,266,253,123,254,264,265],"product_tag":[],"class_list":{"0":"post-46442","1":"product","2":"type-product","3":"status-publish","4":"has-post-thumbnail","6":"product_brand-zinzino","7":"product_cat-imunitetui","8":"product_cat-fermentai-ir-virskinimas","9":"product_cat-imuniteto-palaikymas","10":"product_cat-papildai-ilgaamziskumui","11":"product_cat-uzdegimo-mazinimas","12":"product_cat-virskinimui-ir-detoksui","13":"product_cat-zarnynas-ir-mikrobioma","15":"first","16":"instock","17":"shipping-taxable","18":"purchasable","19":"product-type-simple"},"acf":[],"tiered_pricing_type":"fixed","tiered_pricing_fixed_rules":[],"tiered_pricing_product_settings":{"layout":"default","base_unit_name":{"singular":null,"plural":null},"default_variation":null},"tiered_pricing_minimum_quantity":null,"tiered_pricing_roles_data":[],"tiered_pricing_percentage_rules":[],"_links":{"self":[{"href":"https:\/\/purama.lt\/lv\/wp-json\/wp\/v2\/product\/46442","targetHints":{"allow":["GET"]}}],"collection":[{"href":"https:\/\/purama.lt\/lv\/wp-json\/wp\/v2\/product"}],"about":[{"href":"https:\/\/purama.lt\/lv\/wp-json\/wp\/v2\/types\/product"}],"replies":[{"embeddable":true,"href":"https:\/\/purama.lt\/lv\/wp-json\/wp\/v2\/comments?post=46442"}],"wp:featuredmedia":[{"embeddable":true,"href":"https:\/\/purama.lt\/lv\/wp-json\/wp\/v2\/media\/46423"}],"wp:attachment":[{"href":"https:\/\/purama.lt\/lv\/wp-json\/wp\/v2\/media?parent=46442"}],"wp:term":[{"taxonomy":"product_brand","embeddable":true,"href":"https:\/\/purama.lt\/lv\/wp-json\/wp\/v2\/product_brand?post=46442"},{"taxonomy":"product_cat","embeddable":true,"href":"https:\/\/purama.lt\/lv\/wp-json\/wp\/v2\/product_cat?post=46442"},{"taxonomy":"product_tag","embeddable":true,"href":"https:\/\/purama.lt\/lv\/wp-json\/wp\/v2\/product_tag?post=46442"}],"curies":[{"name":"wp","href":"https:\/\/api.w.org\/{rel}","templated":true}]}}