{"id":46441,"date":"2026-03-03T13:19:16","date_gmt":"2026-03-03T11:19:16","guid":{"rendered":"https:\/\/purama.lt\/produktas\/zinzino-x-gold-maisto-papildas-su-naturaliai-gaunamu-ciberzoliu-saknu-ekstraktu-ir-piperinu\/"},"modified":"2026-03-24T17:35:57","modified_gmt":"2026-03-24T15:35:57","slug":"zinzino-x-gold-uztura-bagatinatajs-ar-dabiga-kurkuma-saknes-ekstraktu-un-piperinu","status":"publish","type":"product","link":"https:\/\/purama.lt\/lv\/produktas\/zinzino-x-gold-maisto-papildas-su-naturaliai-gaunamu-ciberzoliu-saknu-ekstraktu-ir-piperinu\/","title":{"rendered":"Zinzino X Gold+ uztura bag\u0101tin\u0101t\u0101js ar dab\u012bgi ieg\u016btu kurkuma saknes ekstraktu un piper\u012bnu"},"content":{"rendered":"<p><strong>Pat\u0113ri\u0146\u0161<\/strong><br>Lietojiet atbilsto\u0161i ra\u017eot\u0101ja ieteiktajai dienas devai.<br>Pirms lieto\u0161anas sakrat\u012bt.<br>Nep\u0101rsniedziet dienas limitu.<\/p>\n\n\n\n<p><strong>Sast\u0101vda\u013cas<\/strong><br>kurkuma (curcuma longa) \u016bdens ekstrakts, stabilizators (augu izcelsmes glicer\u012bns, gumiar\u0101biskais sve\u0137i), melno piparu (piper nigrum) ekstrakts.<\/p>\n\n\n\n<p><strong>Uzturvielas un fiziolo\u0123iski akt\u012bv\u0101s vielas (8 ml porcij\u0101)<\/strong><br>Kurkuma \u016bdens ekstrakts - 2400 mg<br>Melno piparu aug\u013cu ekstrakts - 300 mg<\/p>","protected":false},"excerpt":{"rendered":"<p data-start=\"0\" data-end=\"445\"><strong>Zinzino X Gold+:<\/strong> ir augst\u0101k\u0101s kvalit\u0101tes uztura bag\u0101tin\u0101t\u0101js, kas izgatavots no unik\u0101la un dab\u012bg\u0101m uzturviel\u0101m bag\u0101ta kurkuma saknes ekstrakta, kas papildin\u0101ts ar piper\u012bnu. Pateicoties m\u016bsu modernajai Totum-Ex\u00ae tehnolo\u0123ijai, X GOLD+ saglab\u0101 visas svar\u012bg\u0101s, dabiski akt\u012bv\u0101s, \u016bden\u012b un taukos \u0161\u0137\u012bsto\u0161\u0101s kurkuma saknes da\u013cas, nodro\u0161inot visaptvero\u0161u iedarb\u012bbu. Pateicoties piln\u012bgai kurkumas saknes apstr\u0101dei, \u0161is produkts ir bag\u0101ts ar labv\u0113l\u012bgiem bioakt\u012bviem savienojumiem: kurkumino\u012bdiem, \u0113teriskaj\u0101m e\u013c\u013c\u0101m, polifenoliem un dab\u012bgaj\u0101m \u0161\u0137iedrviel\u0101m, kas kop\u0101 veicina organisma vesel\u012bbu. Papildin\u0101ta ar piper\u012bnu, kas uzlabo uzs\u016bk\u0161anos, \u0161\u012b piedeva nodro\u0161ina labi zin\u0101mo un tradicion\u0101li atz\u012bto kurkumas labv\u0113l\u012bgo ietekmi uz gremo\u0161anu, imunit\u0101ti un antioksidantu atbalstu. \u201eX GOLD+\u201c tiek ra\u017eots bez \u0161\u0137\u012bdin\u0101t\u0101jiem, emulgatoriem un \u0137\u012bmisk\u0101m viel\u0101m - tikai no t\u012bras un dabiskas izcelsmes kurkumas.<\/p>\n<p data-start=\"447\" data-end=\"680\"><strong data-start=\"447\" data-end=\"470\">K\u0101p\u0113c izv\u0113l\u0113ties<\/strong><br data-start=\"470\" data-end=\"473\" \/><strong data-start=\"473\" data-end=\"479\">\u2714\ufe0f<\/strong> Kurkuma \u016bdens ekstrakts<br data-start=\"512\" data-end=\"515\" \/><strong data-start=\"515\" data-end=\"521\">\u2714\ufe0f<\/strong> Papildin\u0101ts ar melno piparu ekstraktu (piper\u012bnu)<br data-start=\"567\" data-end=\"570\" \/><strong data-start=\"570\" data-end=\"576\">\u2714\ufe0f<\/strong> \u0160\u0137idra forma - \u0113rta lieto\u0161ana<br data-start=\"610\" data-end=\"613\" \/><strong data-start=\"613\" data-end=\"619\">\u2714\ufe0f<\/strong> Nav m\u0101ksl\u012bgo kr\u0101svielu<br data-start=\"641\" data-end=\"644\" \/><strong data-start=\"644\" data-end=\"650\">\u2714\ufe0f<\/strong> Piem\u0113rots ikdienas lieto\u0161anai<\/p>\n<p data-start=\"682\" data-end=\"816\">\u00a0<\/p>","protected":false},"featured_media":46433,"comment_status":"open","ping_status":"closed","template":"","meta":{"_acf_changed":true},"product_brand":[464],"product_cat":[123,266,253,252,264],"product_tag":[],"class_list":{"0":"post-46441","1":"product","2":"type-product","3":"status-publish","4":"has-post-thumbnail","6":"product_brand-zinzino","7":"product_cat-papildai-ilgaamziskumui","8":"product_cat-fermentai-ir-virskinimas","9":"product_cat-imuniteto-palaikymas","10":"product_cat-imunitetui","11":"product_cat-virskinimui-ir-detoksui","13":"first","14":"instock","15":"shipping-taxable","16":"purchasable","17":"product-type-simple"},"acf":[],"tiered_pricing_type":"fixed","tiered_pricing_fixed_rules":[],"tiered_pricing_product_settings":{"layout":"default","base_unit_name":{"singular":null,"plural":null},"default_variation":null},"tiered_pricing_minimum_quantity":null,"tiered_pricing_roles_data":[],"tiered_pricing_percentage_rules":[],"_links":{"self":[{"href":"https:\/\/purama.lt\/lv\/wp-json\/wp\/v2\/product\/46441","targetHints":{"allow":["GET"]}}],"collection":[{"href":"https:\/\/purama.lt\/lv\/wp-json\/wp\/v2\/product"}],"about":[{"href":"https:\/\/purama.lt\/lv\/wp-json\/wp\/v2\/types\/product"}],"replies":[{"embeddable":true,"href":"https:\/\/purama.lt\/lv\/wp-json\/wp\/v2\/comments?post=46441"}],"wp:featuredmedia":[{"embeddable":true,"href":"https:\/\/purama.lt\/lv\/wp-json\/wp\/v2\/media\/46433"}],"wp:attachment":[{"href":"https:\/\/purama.lt\/lv\/wp-json\/wp\/v2\/media?parent=46441"}],"wp:term":[{"taxonomy":"product_brand","embeddable":true,"href":"https:\/\/purama.lt\/lv\/wp-json\/wp\/v2\/product_brand?post=46441"},{"taxonomy":"product_cat","embeddable":true,"href":"https:\/\/purama.lt\/lv\/wp-json\/wp\/v2\/product_cat?post=46441"},{"taxonomy":"product_tag","embeddable":true,"href":"https:\/\/purama.lt\/lv\/wp-json\/wp\/v2\/product_tag?post=46441"}],"curies":[{"name":"wp","href":"https:\/\/api.w.org\/{rel}","templated":true}]}}