{"id":46440,"date":"2026-03-03T13:19:14","date_gmt":"2026-03-03T11:19:14","guid":{"rendered":"https:\/\/purama.lt\/produktas\/zinzino-phycosci-x20-vandeninis-spirulinos-papildas\/"},"modified":"2026-03-24T17:37:02","modified_gmt":"2026-03-24T15:37:02","slug":"zinzin-phycosci-x20-spirulinas-udens-papildinajums","status":"publish","type":"product","link":"https:\/\/purama.lt\/lv\/produktas\/zinzino-phycosci-x20-vandeninis-spirulinos-papildas\/","title":{"rendered":"Zinzino PhycoSci+ X20 Aqueous Spirulina papildin\u0101jums"},"content":{"rendered":"<p><strong>Pat\u0113ri\u0146\u0161<\/strong><br>Lietojiet 8 ml dien\u0101 vai p\u0113c ra\u017eot\u0101ja ieteikuma.<br>Pirms lieto\u0161anas sakrat\u012bt.<br>Nep\u0101rsniedziet noteikto dienas devu.<\/p>\n\n\n\n<p><strong>Sast\u0101vda\u013cas<\/strong><br>stabilizators (glicer\u012bns), spirul\u012bnas (Arthrospira maxima) \u016bdens ekstrakts.<\/p>","protected":false},"excerpt":{"rendered":"<p data-start=\"0\" data-end=\"453\"><strong>Zinzino PhycoSci+ X20:<\/strong> \u016bdens spirul\u012bnas (Arthrospira maxima) ekstrakts ar dabiski sastopamo fikocian\u012bna \u2013 zil\u0101 spirul\u012bnas pigmenta \u2013 kl\u0101tb\u016btni. \u0160\u0137idr\u0101 forma nodro\u0161ina \u0113rtu lieto\u0161anu un \u0101tru uzs\u016bk\u0161anos. Fikocian\u012bns ir labi izp\u0113t\u012bta spirul\u012bnas sast\u0101vda\u013ca, ko nov\u0113rt\u0113 t\u0101s antioksidantu \u012bpa\u0161\u012bbu d\u0113\u013c. Produkts ir paredz\u0113ts tiem, kas mekl\u0113 augstas koncentr\u0101cijas spirul\u012bnas ekstraktu ikdienas organisma atbalstam.<\/p>\n<p data-start=\"455\" data-end=\"691\"><strong data-start=\"455\" data-end=\"478\">K\u0101p\u0113c izv\u0113l\u0113ties:<\/strong><br data-start=\"478\" data-end=\"481\" \/><strong data-start=\"481\" data-end=\"487\">\u2714\ufe0f<\/strong> Koncentr\u0113ts spirul\u012bnas \u016bdens ekstrakts<br data-start=\"534\" data-end=\"537\" \/><strong data-start=\"537\" data-end=\"543\">\u2714\ufe0f<\/strong> Standartiz\u0113ts fikocian\u012bna daudzums<br data-start=\"578\" data-end=\"581\" \/><strong data-start=\"581\" data-end=\"587\">\u2714\ufe0f<\/strong> \u0160\u0137idra forma - \u0113rta lieto\u0161ana<br data-start=\"621\" data-end=\"624\" \/><strong data-start=\"624\" data-end=\"630\">\u2714\ufe0f<\/strong> Nav m\u0101ksl\u012bgo kr\u0101svielu<br data-start=\"652\" data-end=\"655\" \/><strong data-start=\"655\" data-end=\"661\">\u2714\ufe0f<\/strong> Piem\u0113rots ikdienas lieto\u0161anai<\/p>","protected":false},"featured_media":46431,"comment_status":"open","ping_status":"closed","template":"","meta":{"_acf_changed":true},"product_brand":[464],"product_cat":[123,266,253,252,264,265],"product_tag":[],"class_list":{"0":"post-46440","1":"product","2":"type-product","3":"status-publish","4":"has-post-thumbnail","6":"product_brand-zinzino","7":"product_cat-papildai-ilgaamziskumui","8":"product_cat-fermentai-ir-virskinimas","9":"product_cat-imuniteto-palaikymas","10":"product_cat-imunitetui","11":"product_cat-virskinimui-ir-detoksui","12":"product_cat-zarnynas-ir-mikrobioma","14":"first","15":"instock","16":"shipping-taxable","17":"purchasable","18":"product-type-simple"},"acf":[],"tiered_pricing_type":"fixed","tiered_pricing_fixed_rules":[],"tiered_pricing_product_settings":{"layout":"default","base_unit_name":{"singular":null,"plural":null},"default_variation":null},"tiered_pricing_minimum_quantity":null,"tiered_pricing_roles_data":[],"tiered_pricing_percentage_rules":[],"_links":{"self":[{"href":"https:\/\/purama.lt\/lv\/wp-json\/wp\/v2\/product\/46440","targetHints":{"allow":["GET"]}}],"collection":[{"href":"https:\/\/purama.lt\/lv\/wp-json\/wp\/v2\/product"}],"about":[{"href":"https:\/\/purama.lt\/lv\/wp-json\/wp\/v2\/types\/product"}],"replies":[{"embeddable":true,"href":"https:\/\/purama.lt\/lv\/wp-json\/wp\/v2\/comments?post=46440"}],"wp:featuredmedia":[{"embeddable":true,"href":"https:\/\/purama.lt\/lv\/wp-json\/wp\/v2\/media\/46431"}],"wp:attachment":[{"href":"https:\/\/purama.lt\/lv\/wp-json\/wp\/v2\/media?parent=46440"}],"wp:term":[{"taxonomy":"product_brand","embeddable":true,"href":"https:\/\/purama.lt\/lv\/wp-json\/wp\/v2\/product_brand?post=46440"},{"taxonomy":"product_cat","embeddable":true,"href":"https:\/\/purama.lt\/lv\/wp-json\/wp\/v2\/product_cat?post=46440"},{"taxonomy":"product_tag","embeddable":true,"href":"https:\/\/purama.lt\/lv\/wp-json\/wp\/v2\/product_tag?post=46440"}],"curies":[{"name":"wp","href":"https:\/\/api.w.org\/{rel}","templated":true}]}}