{"id":46439,"date":"2026-03-03T13:19:13","date_gmt":"2026-03-03T11:19:13","guid":{"rendered":"https:\/\/purama.lt\/produktas\/zinzino-balanceoil-premium\/"},"modified":"2026-03-24T17:40:07","modified_gmt":"2026-03-24T15:40:07","slug":"zinzin-balanceoil-premium","status":"publish","type":"product","link":"https:\/\/purama.lt\/lv\/produktas\/zinzino-balanceoil-premium\/","title":{"rendered":"Zinzino BalanceOil+ Premium Omega-3"},"content":{"rendered":"<p><strong>Pat\u0113ri\u0146\u0161<\/strong><br>Lietojiet katru dienu ra\u017eot\u0101ja ieteiktaj\u0101 dev\u0101 \u0113\u0161anas laik\u0101.<br>Pirms lieto\u0161anas sakrat\u012bt.<br>Iev\u0113rojiet uz iepakojuma nor\u0101d\u012bjumus.<\/p>\n\n\n\n<p><strong>Sast\u0101vda\u013cas<\/strong><br>zivju e\u013c\u013ca (omega-3 tauksk\u0101bes epa, dha), neapstr\u0101d\u0101ta augst\u0101k\u0101 labuma ol\u012bve\u013c\u013ca, d3 vitam\u012bns (holekalciferols), antioksidanti (tokoferoli).<\/p>","protected":false},"excerpt":{"rendered":"<p><strong>Zinzino BalanceOil+ Premium:<\/strong>\u00a0ir augstas kvalit\u0101tes omega-3 papildin\u0101jums, kas pal\u012bdz uztur\u0113t l\u012bdzsvarotu tauksk\u0101bju attiec\u012bbu organism\u0101. Zivju e\u013c\u013cas koncentr\u0101ts apvienojum\u0101 ar augst\u0101k\u0101 labuma neapstr\u0101d\u0101tu ol\u012bve\u013c\u013cu pal\u012bdz aizsarg\u0101t tauksk\u0101bes no oksid\u0113\u0161an\u0101s, savuk\u0101rt D vitam\u012bns veicina norm\u0101lu im\u016bnsist\u0113mas darb\u012bbu. Produkts paredz\u0113ts ikdienas lieto\u0161anai sirds, smadze\u0146u un visp\u0101r\u0113jo organisma funkciju atbalstam. Omega-3 tauksk\u0101bes EPA un DHA ir labi izp\u0113t\u012btas vielas, kas ir svar\u012bgas norm\u0101lai sirds darb\u012bbai. <\/p>\n<p><strong>K\u0101p\u0113c izv\u0113l\u0113ties:<\/strong><br \/>\u2714\ufe0f Augsts omega-3 tauksk\u0101bju (EPA un DHA) l\u012bmenis.<br \/>\u2714\ufe0f Papildin\u0101ts ar polifenoliem no ol\u012bve\u013c\u013cas<br \/>\u2714\ufe0f Ar D vitam\u012bnu im\u016bnsist\u0113mai<br \/>\u2714\ufe0f Pal\u012bdz uztur\u0113t l\u012bdzsvarotu omega-6 un omega-3 attiec\u012bbu.<br \/>\u2714\ufe0f Piem\u0113rots ikdienas lieto\u0161anai<\/p>","protected":false},"featured_media":46430,"comment_status":"open","ping_status":"closed","template":"","meta":{"_acf_changed":false},"product_brand":[464],"product_cat":[123,251,257,260,263,253,252,122,256],"product_tag":[],"class_list":{"0":"post-46439","1":"product","2":"type-product","3":"status-publish","4":"has-post-thumbnail","6":"product_brand-zinzino","7":"product_cat-papildai-ilgaamziskumui","8":"product_cat-antioksidantai","9":"product_cat-atmintis-ir-demesys","10":"product_cat-energijai-ir-apykaitai","11":"product_cat-fizine-istverme","12":"product_cat-imuniteto-palaikymas","13":"product_cat-imunitetui","14":"product_cat-lasteliu-jaunystei","15":"product_cat-smegenims-ir-atminciai","17":"first","18":"instock","19":"shipping-taxable","20":"purchasable","21":"product-type-simple"},"acf":[],"tiered_pricing_type":"fixed","tiered_pricing_fixed_rules":[],"tiered_pricing_product_settings":{"layout":"default","base_unit_name":{"singular":null,"plural":null},"default_variation":null},"tiered_pricing_minimum_quantity":null,"tiered_pricing_roles_data":[],"tiered_pricing_percentage_rules":[],"_links":{"self":[{"href":"https:\/\/purama.lt\/lv\/wp-json\/wp\/v2\/product\/46439","targetHints":{"allow":["GET"]}}],"collection":[{"href":"https:\/\/purama.lt\/lv\/wp-json\/wp\/v2\/product"}],"about":[{"href":"https:\/\/purama.lt\/lv\/wp-json\/wp\/v2\/types\/product"}],"replies":[{"embeddable":true,"href":"https:\/\/purama.lt\/lv\/wp-json\/wp\/v2\/comments?post=46439"}],"wp:featuredmedia":[{"embeddable":true,"href":"https:\/\/purama.lt\/lv\/wp-json\/wp\/v2\/media\/46430"}],"wp:attachment":[{"href":"https:\/\/purama.lt\/lv\/wp-json\/wp\/v2\/media?parent=46439"}],"wp:term":[{"taxonomy":"product_brand","embeddable":true,"href":"https:\/\/purama.lt\/lv\/wp-json\/wp\/v2\/product_brand?post=46439"},{"taxonomy":"product_cat","embeddable":true,"href":"https:\/\/purama.lt\/lv\/wp-json\/wp\/v2\/product_cat?post=46439"},{"taxonomy":"product_tag","embeddable":true,"href":"https:\/\/purama.lt\/lv\/wp-json\/wp\/v2\/product_tag?post=46439"}],"curies":[{"name":"wp","href":"https:\/\/api.w.org\/{rel}","templated":true}]}}